{"id":7035,"date":"2024-12-27T11:14:08","date_gmt":"2024-12-27T10:14:08","guid":{"rendered":"https:\/\/loceldetolo.cat\/qui-som\/"},"modified":"2025-01-29T13:03:34","modified_gmt":"2025-01-29T12:03:34","slug":"qui-sommes-nous","status":"publish","type":"page","link":"https:\/\/loceldetolo.cat\/fr\/qui-sommes-nous\/","title":{"rendered":"Qui sommes-nous ?"},"content":{"rendered":"<style>.kb-row-layout-id7035_c8a9ba-66 > .kt-row-column-wrap{align-content:start;}:where(.kb-row-layout-id7035_c8a9ba-66 > .kt-row-column-wrap) > .wp-block-kadence-column{justify-content:start;}.kb-row-layout-id7035_c8a9ba-66 > .kt-row-column-wrap{column-gap:var(--global-kb-gap-lg, 4rem);row-gap:var(--global-kb-gap-lg, 4rem);max-width:var( --global-content-width, 1290px );padding-left:var(--global-content-edge-padding);padding-right:var(--global-content-edge-padding);padding-bottom:var(--global-kb-spacing-xl, 4rem);grid-template-columns:repeat(2, minmax(0, 1fr));}.kb-row-layout-id7035_c8a9ba-66 > .kt-row-layout-overlay{opacity:0.30;}@media all and (max-width: 1024px){.kb-row-layout-id7035_c8a9ba-66 > .kt-row-column-wrap{grid-template-columns:repeat(2, minmax(0, 1fr));}}@media all and (max-width: 767px){.kb-row-layout-id7035_c8a9ba-66 > .kt-row-column-wrap{grid-template-columns:minmax(0, 1fr);}}<\/style><div class=\"kb-row-layout-wrap kb-row-layout-id7035_c8a9ba-66 alignfull wp-block-kadence-rowlayout\"><div class=\"kt-row-column-wrap kt-has-2-columns kt-row-layout-equal kt-tab-layout-inherit kt-mobile-layout-row kt-row-valign-top kb-theme-content-width\">\n<style>.kadence-column7035_a21512-ba > .kt-inside-inner-col,.kadence-column7035_a21512-ba > .kt-inside-inner-col:before{border-top-left-radius:0px;border-top-right-radius:0px;border-bottom-right-radius:0px;border-bottom-left-radius:0px;}.kadence-column7035_a21512-ba > .kt-inside-inner-col{column-gap:var(--global-kb-gap-sm, 1rem);}.kadence-column7035_a21512-ba > .kt-inside-inner-col{flex-direction:column;}.kadence-column7035_a21512-ba > .kt-inside-inner-col > .aligncenter{width:100%;}.kadence-column7035_a21512-ba > .kt-inside-inner-col:before{opacity:0.3;}.kadence-column7035_a21512-ba{position:relative;}@media all and (max-width: 1024px){.kadence-column7035_a21512-ba > .kt-inside-inner-col{flex-direction:column;justify-content:center;}}@media all and (max-width: 767px){.kadence-column7035_a21512-ba > .kt-inside-inner-col{flex-direction:column;justify-content:center;}}<\/style>\n<div class=\"wp-block-kadence-column kadence-column7035_a21512-ba\"><div class=\"kt-inside-inner-col\"><style>.wp-block-kadence-advancedheading.kt-adv-heading7035_2d2c06-1a, .wp-block-kadence-advancedheading.kt-adv-heading7035_2d2c06-1a[data-kb-block=\"kb-adv-heading7035_2d2c06-1a\"]{font-style:normal;}.wp-block-kadence-advancedheading.kt-adv-heading7035_2d2c06-1a mark.kt-highlight, .wp-block-kadence-advancedheading.kt-adv-heading7035_2d2c06-1a[data-kb-block=\"kb-adv-heading7035_2d2c06-1a\"] mark.kt-highlight{font-style:normal;color:#f76a0c;-webkit-box-decoration-break:clone;box-decoration-break:clone;padding-top:0px;padding-right:0px;padding-bottom:0px;padding-left:0px;}.wp-block-kadence-advancedheading.kt-adv-heading7035_2d2c06-1a img.kb-inline-image, .wp-block-kadence-advancedheading.kt-adv-heading7035_2d2c06-1a[data-kb-block=\"kb-adv-heading7035_2d2c06-1a\"] img.kb-inline-image{width:150px;vertical-align:baseline;}<\/style>\n<h2 class=\"kt-adv-heading7035_2d2c06-1a wp-block-kadence-advancedheading\" data-kb-block=\"kb-adv-heading7035_2d2c06-1a\">Le tourisme \u00e9cologique est au c\u0153ur de notre projet.<\/h2>\n\n\n\n<p>Notre aventure \u00e0 Lo Cel de Tol\u00f3 a commenc\u00e9 par un d\u00e9sir de quitter la ville pour embrasser une vie plus paisible et respectueuse de la nature. En 2017, nous sommes tomb\u00e9s amoureux de cet endroit et avons entrepris de restaurer une ancienne masia en ruine.<\/p>\n\n\n<style>.wp-block-kadence-image.kb-image7035_274594-2b:not(.kb-specificity-added):not(.kb-extra-specificity-added){margin-bottom:var(--global-kb-spacing-lg, 3rem);}.kb-image7035_274594-2b .kb-image-has-overlay:after{opacity:0.3;}<\/style>\n<div class=\"wp-block-kadence-image kb-image7035_274594-2b\"><figure class=\"aligncenter size-full\"><img loading=\"lazy\" decoding=\"async\" width=\"358\" height=\"238\" src=\"https:\/\/loceldetolo.cat\/wp-content\/uploads\/tolo-runes-e1718181588219.jpg\" alt=\"\" class=\"kb-img wp-image-219\" srcset=\"https:\/\/loceldetolo.cat\/wp-content\/uploads\/tolo-runes-e1718181588219.jpg 358w, https:\/\/loceldetolo.cat\/wp-content\/uploads\/tolo-runes-e1718181588219-300x199.jpg 300w\" sizes=\"auto, (max-width: 358px) 100vw, 358px\" \/><figcaption>Lo Cel de Tol\u00f3, avant notre arriv\u00e9e<\/figcaption><\/figure><\/div>\n\n\n\n<p>Notre objectif \u00e9tait simple : offrir des h\u00e9bergements et de la restauration dans notre maison d&rsquo;h\u00f4tes en valorisant au maximum les ressources de notre propri\u00e9t\u00e9. C&rsquo;est ainsi que nous avons cr\u00e9\u00e9 un potager biologique, un poulailler avec des poules en libert\u00e9, un \u00e9levage de moutons et m\u00eame adopt\u00e9 des ch\u00e8vres.<\/p>\n\n\n\n<p>Cela nous permet de proposer une cuisine fra\u00eeche et de grande qualit\u00e9, cultiv\u00e9e et pr\u00e9par\u00e9e de mani\u00e8re \u00e9cologique, sans aucun produit chimique. Cette approche du tourisme \u00e9cologique profite non seulement \u00e0 nos h\u00f4tes, mais contribue \u00e9galement \u00e0 pr\u00e9server l&rsquo;environnement qui nous est cher.<\/p>\n\n\n\n<p>Avec notre projet, nous souhaitons que votre s\u00e9jour \u00e0 Lo Cel de Tol\u00f3 soit comme \u00e0 la maison, au c\u0153ur d&rsquo;un environnement rural de qualit\u00e9, engag\u00e9 dans la durabilit\u00e9 et le tourisme \u00e9cologique.<\/p>\n\n\n\n<p>Nous travaillons chaque jour pour concr\u00e9tiser notre r\u00eave : vivre en harmonie avec la nature. \u00c0 chaque pas que nous franchissons, nous sommes plus reconnaissants de pouvoir vivre dans ce lieu merveilleux, entour\u00e9s de verdure et de s\u00e9r\u00e9nit\u00e9.<\/p>\n\n\n\n<p>Notre histoire continue, avec l&rsquo;espoir d&rsquo;inspirer ceux qui cherchent une vie plus durable et en harmonie avec la terre, en promouvant le tourisme \u00e9cologique dans chaque recoin de notre propri\u00e9t\u00e9.<\/p>\n<\/div><\/div>\n\n\n<style>.kadence-column7035_3cdfa3-ab > .kt-inside-inner-col,.kadence-column7035_3cdfa3-ab > .kt-inside-inner-col:before{border-top-left-radius:0px;border-top-right-radius:0px;border-bottom-right-radius:0px;border-bottom-left-radius:0px;}.kadence-column7035_3cdfa3-ab > .kt-inside-inner-col{column-gap:var(--global-kb-gap-sm, 1rem);}.kadence-column7035_3cdfa3-ab > .kt-inside-inner-col{flex-direction:column;}.kadence-column7035_3cdfa3-ab > .kt-inside-inner-col > .aligncenter{width:100%;}.kadence-column7035_3cdfa3-ab > .kt-inside-inner-col:before{opacity:0.3;}.kadence-column7035_3cdfa3-ab{position:relative;}@media all and (max-width: 1024px){.kadence-column7035_3cdfa3-ab > .kt-inside-inner-col{flex-direction:column;justify-content:center;}}@media all and (max-width: 767px){.kadence-column7035_3cdfa3-ab > .kt-inside-inner-col{flex-direction:column;justify-content:center;}}<\/style>\n<div class=\"wp-block-kadence-column kadence-column7035_3cdfa3-ab\"><div class=\"kt-inside-inner-col\"><style>.kb-image7035_cca3c7-2c .kb-image-has-overlay:after{opacity:0.3;}<\/style>\n<div class=\"wp-block-kadence-image kb-image7035_cca3c7-2c\"><figure class=\"aligncenter size-large\"><img loading=\"lazy\" decoding=\"async\" width=\"768\" height=\"1024\" src=\"https:\/\/loceldetolo.cat\/wp-content\/uploads\/IMG_7941-768x1024.jpg\" alt=\"\" class=\"kb-img wp-image-218\" srcset=\"https:\/\/loceldetolo.cat\/wp-content\/uploads\/IMG_7941-768x1024.jpg 768w, https:\/\/loceldetolo.cat\/wp-content\/uploads\/IMG_7941-225x300.jpg 225w, https:\/\/loceldetolo.cat\/wp-content\/uploads\/IMG_7941.jpg 1024w\" sizes=\"auto, (max-width: 768px) 100vw, 768px\" \/><figcaption>Nosaltres<\/figcaption><\/figure><\/div>\n\n\n\n<p><\/p>\n<\/div><\/div>\n\n<\/div><\/div>\n\n<style>.kb-row-layout-id7035_f7ae24-aa > .kt-row-column-wrap{align-content:start;}:where(.kb-row-layout-id7035_f7ae24-aa > .kt-row-column-wrap) > .wp-block-kadence-column{justify-content:start;}.kb-row-layout-id7035_f7ae24-aa > .kt-row-column-wrap{column-gap:var(--global-kb-gap-md, 2rem);row-gap:var(--global-kb-gap-md, 2rem);max-width:900px;margin-left:auto;margin-right:auto;padding-top:var(--global-kb-spacing-3xl, 6.5rem);padding-bottom:var(--global-kb-spacing-3xl, 6.5rem);grid-template-columns:minmax(0, 2fr) minmax(0, 1fr);}.kb-row-layout-id7035_f7ae24-aa{background-image:url('https:\/\/loceldetolo.cat\/wp-content\/uploads\/20240322_092403.jpg');background-size:cover;background-position:center center;background-attachment:scroll;background-repeat:no-repeat;}.kb-row-layout-id7035_f7ae24-aa > .kt-row-layout-overlay{opacity:0.30;background-color:var(--global-palette4, #2D3748);}@media all and (max-width: 1024px){.kb-row-layout-id7035_f7ae24-aa > .kt-row-column-wrap{grid-template-columns:minmax(0, 2fr) minmax(0, 1fr);}}@media all and (max-width: 767px){.kb-row-layout-id7035_f7ae24-aa > .kt-row-column-wrap{grid-template-columns:minmax(0, 1fr);}}<\/style><div class=\"kb-row-layout-wrap kb-row-layout-id7035_f7ae24-aa alignfull kt-row-has-bg wp-block-kadence-rowlayout\"><div class=\"kt-row-layout-overlay kt-row-overlay-normal\"><\/div><div class=\"kt-row-column-wrap kt-has-2-columns kt-row-layout-left-golden kt-tab-layout-inherit kt-mobile-layout-row kt-row-valign-top\">\n<style>.kadence-column7035_792052-c4 > .kt-inside-inner-col,.kadence-column7035_792052-c4 > .kt-inside-inner-col:before{border-top-left-radius:0px;border-top-right-radius:0px;border-bottom-right-radius:0px;border-bottom-left-radius:0px;}.kadence-column7035_792052-c4 > .kt-inside-inner-col{column-gap:var(--global-kb-gap-sm, 1rem);}.kadence-column7035_792052-c4 > .kt-inside-inner-col{flex-direction:column;}.kadence-column7035_792052-c4 > .kt-inside-inner-col > .aligncenter{width:100%;}.kadence-column7035_792052-c4 > .kt-inside-inner-col:before{opacity:0.3;}.kadence-column7035_792052-c4{position:relative;}@media all and (max-width: 1024px){.kadence-column7035_792052-c4 > .kt-inside-inner-col{flex-direction:column;justify-content:center;}}@media all and (max-width: 767px){.kadence-column7035_792052-c4 > .kt-inside-inner-col{flex-direction:column;justify-content:center;}}<\/style>\n<div class=\"wp-block-kadence-column kadence-column7035_792052-c4\"><div class=\"kt-inside-inner-col\"><style>.wp-block-kadence-advancedheading.kt-adv-heading7035_db2afe-57, .wp-block-kadence-advancedheading.kt-adv-heading7035_db2afe-57[data-kb-block=\"kb-adv-heading7035_db2afe-57\"]{text-align:left;font-style:normal;}.wp-block-kadence-advancedheading.kt-adv-heading7035_db2afe-57 mark.kt-highlight, .wp-block-kadence-advancedheading.kt-adv-heading7035_db2afe-57[data-kb-block=\"kb-adv-heading7035_db2afe-57\"] mark.kt-highlight{font-style:normal;color:#f76a0c;-webkit-box-decoration-break:clone;box-decoration-break:clone;padding-top:0px;padding-right:0px;padding-bottom:0px;padding-left:0px;}.wp-block-kadence-advancedheading.kt-adv-heading7035_db2afe-57 img.kb-inline-image, .wp-block-kadence-advancedheading.kt-adv-heading7035_db2afe-57[data-kb-block=\"kb-adv-heading7035_db2afe-57\"] img.kb-inline-image{width:150px;vertical-align:baseline;}<\/style>\n<h2 class=\"kt-adv-heading7035_db2afe-57 wp-block-kadence-advancedheading has-theme-palette-9-color has-text-color\" data-kb-block=\"kb-adv-heading7035_db2afe-57\">H\u00e9bergement rural \u00e9cologique<\/h2>\n\n\n\n<p class=\"has-text-align-left has-theme-palette-9-color has-text-color has-link-color wp-elements-5fcbe4b671170eecb30c0938611101eb\">Si vous recherchez une alternative de tourisme durable, avec un charme authentique, une cuisine biologique et locale, et un environnement naturel o\u00f9 vous pourrez vous ressourcer\u2026<\/p>\n\n\n\n<p class=\"has-text-align-left has-theme-palette-9-color has-text-color has-link-color wp-elements-24d584ed553d1d8b9047e292b76d2ef8\"><strong>Lo Cel de Tol\u00f3 est fait pour vous !\u2026<\/strong><\/p>\n\n\n<style>.wp-block-kadence-advancedbtn.kb-btns7035_f4b396-31{gap:var(--global-kb-gap-xs, 0.5rem );justify-content:flex-start;align-items:center;}.kt-btns7035_f4b396-31 .kt-button{font-weight:normal;font-style:normal;}.kt-btns7035_f4b396-31 .kt-btn-wrap-0{margin-right:5px;}.wp-block-kadence-advancedbtn.kt-btns7035_f4b396-31 .kt-btn-wrap-0 .kt-button{color:#555555;border-color:#555555;}.wp-block-kadence-advancedbtn.kt-btns7035_f4b396-31 .kt-btn-wrap-0 .kt-button:hover, .wp-block-kadence-advancedbtn.kt-btns7035_f4b396-31 .kt-btn-wrap-0 .kt-button:focus{color:#ffffff;border-color:#444444;}.wp-block-kadence-advancedbtn.kt-btns7035_f4b396-31 .kt-btn-wrap-0 .kt-button::before{display:none;}.wp-block-kadence-advancedbtn.kt-btns7035_f4b396-31 .kt-btn-wrap-0 .kt-button:hover, .wp-block-kadence-advancedbtn.kt-btns7035_f4b396-31 .kt-btn-wrap-0 .kt-button:focus{background:#444444;}<\/style>\n<div class=\"wp-block-kadence-advancedbtn kb-buttons-wrap kb-btns7035_f4b396-31\"><style>ul.menu .wp-block-kadence-advancedbtn .kb-btn7035_17921f-6d.kb-button{width:initial;}<\/style><a class=\"kb-button kt-button button kb-btn7035_17921f-6d kt-btn-size-standard kt-btn-width-type-auto kb-btn-global-fill  kt-btn-has-text-true kt-btn-has-svg-false  wp-block-kadence-singlebtn\" href=\"https:\/\/loceldetolo.cat\/reserves\/\"><span class=\"kt-btn-inner-text\">R\u00e9s\u00e9rver<\/span><\/a><\/div>\n<\/div><\/div>\n\n\n<style>.kadence-column7035_5fc1ab-7b > .kt-inside-inner-col,.kadence-column7035_5fc1ab-7b > .kt-inside-inner-col:before{border-top-left-radius:0px;border-top-right-radius:0px;border-bottom-right-radius:0px;border-bottom-left-radius:0px;}.kadence-column7035_5fc1ab-7b > .kt-inside-inner-col{column-gap:var(--global-kb-gap-sm, 1rem);}.kadence-column7035_5fc1ab-7b > .kt-inside-inner-col{flex-direction:column;}.kadence-column7035_5fc1ab-7b > .kt-inside-inner-col > .aligncenter{width:100%;}.kadence-column7035_5fc1ab-7b > .kt-inside-inner-col:before{opacity:0.3;}.kadence-column7035_5fc1ab-7b{position:relative;}@media all and (max-width: 1024px){.kadence-column7035_5fc1ab-7b > .kt-inside-inner-col{flex-direction:column;justify-content:center;}}@media all and (max-width: 767px){.kadence-column7035_5fc1ab-7b > .kt-inside-inner-col{flex-direction:column;justify-content:center;}}<\/style>\n<div class=\"wp-block-kadence-column kadence-column7035_5fc1ab-7b\"><div class=\"kt-inside-inner-col\"><\/div><\/div>\n\n<\/div><\/div>","protected":false},"excerpt":{"rendered":"<p>Le tourisme \u00e9cologique est au c\u0153ur de notre projet. Notre aventure \u00e0 Lo Cel de Tol\u00f3 a commenc\u00e9 par un d\u00e9sir de quitter la ville pour embrasser une vie plus paisible et respectueuse de la nature. En 2017, nous sommes tomb\u00e9s amoureux de cet endroit et avons entrepris de restaurer une ancienne masia en ruine&#8230;.<\/p>\n","protected":false},"author":1,"featured_media":0,"parent":0,"menu_order":0,"comment_status":"closed","ping_status":"closed","template":"","meta":{"_kad_post_transparent":"","_kad_post_title":"","_kad_post_layout":"","_kad_post_sidebar_id":"","_kad_post_content_style":"","_kad_post_vertical_padding":"","_kad_post_feature":"","_kad_post_feature_position":"","_kad_post_header":false,"_kad_post_footer":false,"_kad_post_classname":"","footnotes":""},"class_list":["post-7035","page","type-page","status-publish","hentry"],"yoast_head":"<!-- This site is optimized with the Yoast SEO plugin v27.4 - https:\/\/yoast.com\/product\/yoast-seo-wordpress\/ -->\n<title>Turisme Ecol\u00f2gic en Lo Cel de Tol\u00f3: El teu Allotjament Sostenible<\/title>\n<meta name=\"description\" content=\"Descobreix Lo Cel de Tol\u00f3, on el turisme ecol\u00f2gic \u00e9s una forma de vida. Gaudeix d&#039;un entorn amb una experi\u00e8ncia en la naturalesa.\" \/>\n<meta name=\"robots\" content=\"index, follow, max-snippet:-1, max-image-preview:large, max-video-preview:-1\" \/>\n<link rel=\"canonical\" href=\"https:\/\/loceldetolo.cat\/fr\/qui-sommes-nous\/\" \/>\n<meta property=\"og:locale\" content=\"fr_FR\" \/>\n<meta property=\"og:type\" content=\"article\" \/>\n<meta property=\"og:title\" content=\"Turisme Ecol\u00f2gic en Lo Cel de Tol\u00f3: El teu Allotjament Sostenible\" \/>\n<meta property=\"og:description\" content=\"Descobreix Lo Cel de Tol\u00f3, on el turisme ecol\u00f2gic \u00e9s una forma de vida. Gaudeix d&#039;un entorn amb una experi\u00e8ncia en la naturalesa.\" \/>\n<meta property=\"og:url\" content=\"https:\/\/loceldetolo.cat\/fr\/qui-sommes-nous\/\" \/>\n<meta property=\"og:site_name\" content=\"Lo Cel de Tol\u00f3\" \/>\n<meta property=\"article:publisher\" content=\"https:\/\/www.facebook.com\/loceldetolo\" \/>\n<meta property=\"article:modified_time\" content=\"2025-01-29T12:03:34+00:00\" \/>\n<meta property=\"og:image\" content=\"https:\/\/loceldetolo.cat\/wp-content\/uploads\/tolo-runes-e1718181588219.jpg\" \/>\n\t<meta property=\"og:image:width\" content=\"358\" \/>\n\t<meta property=\"og:image:height\" content=\"238\" \/>\n\t<meta property=\"og:image:type\" content=\"image\/jpeg\" \/>\n<meta name=\"twitter:card\" content=\"summary_large_image\" \/>\n<meta name=\"twitter:label1\" content=\"Dur\u00e9e de lecture estim\u00e9e\" \/>\n\t<meta name=\"twitter:data1\" content=\"2 minutes\" \/>\n<script type=\"application\/ld+json\" class=\"yoast-schema-graph\">{\"@context\":\"https:\\\/\\\/schema.org\",\"@graph\":[{\"@type\":\"WebPage\",\"@id\":\"https:\\\/\\\/loceldetolo.cat\\\/fr\\\/qui-sommes-nous\\\/\",\"url\":\"https:\\\/\\\/loceldetolo.cat\\\/fr\\\/qui-sommes-nous\\\/\",\"name\":\"Turisme Ecol\u00f2gic en Lo Cel de Tol\u00f3: El teu Allotjament Sostenible\",\"isPartOf\":{\"@id\":\"https:\\\/\\\/loceldetolo.cat\\\/#website\"},\"primaryImageOfPage\":{\"@id\":\"https:\\\/\\\/loceldetolo.cat\\\/fr\\\/qui-sommes-nous\\\/#primaryimage\"},\"image\":{\"@id\":\"https:\\\/\\\/loceldetolo.cat\\\/fr\\\/qui-sommes-nous\\\/#primaryimage\"},\"thumbnailUrl\":\"https:\\\/\\\/loceldetolo.cat\\\/wp-content\\\/uploads\\\/tolo-runes-e1718181588219.jpg\",\"datePublished\":\"2024-12-27T10:14:08+00:00\",\"dateModified\":\"2025-01-29T12:03:34+00:00\",\"description\":\"Descobreix Lo Cel de Tol\u00f3, on el turisme ecol\u00f2gic \u00e9s una forma de vida. Gaudeix d'un entorn amb una experi\u00e8ncia en la naturalesa.\",\"breadcrumb\":{\"@id\":\"https:\\\/\\\/loceldetolo.cat\\\/fr\\\/qui-sommes-nous\\\/#breadcrumb\"},\"inLanguage\":\"fr-FR\",\"potentialAction\":[{\"@type\":\"ReadAction\",\"target\":[\"https:\\\/\\\/loceldetolo.cat\\\/fr\\\/qui-sommes-nous\\\/\"]}]},{\"@type\":\"ImageObject\",\"inLanguage\":\"fr-FR\",\"@id\":\"https:\\\/\\\/loceldetolo.cat\\\/fr\\\/qui-sommes-nous\\\/#primaryimage\",\"url\":\"https:\\\/\\\/loceldetolo.cat\\\/wp-content\\\/uploads\\\/tolo-runes-e1718181588219.jpg\",\"contentUrl\":\"https:\\\/\\\/loceldetolo.cat\\\/wp-content\\\/uploads\\\/tolo-runes-e1718181588219.jpg\"},{\"@type\":\"BreadcrumbList\",\"@id\":\"https:\\\/\\\/loceldetolo.cat\\\/fr\\\/qui-sommes-nous\\\/#breadcrumb\",\"itemListElement\":[{\"@type\":\"ListItem\",\"position\":1,\"name\":\"Inici\",\"item\":\"https:\\\/\\\/loceldetolo.cat\\\/fr\\\/\"},{\"@type\":\"ListItem\",\"position\":2,\"name\":\"Qui sommes-nous ?\"}]},{\"@type\":\"WebSite\",\"@id\":\"https:\\\/\\\/loceldetolo.cat\\\/#website\",\"url\":\"https:\\\/\\\/loceldetolo.cat\\\/\",\"name\":\"Lo Cel de Tol\u00f3\",\"description\":\"Allotjament rural sostenible\",\"publisher\":{\"@id\":\"https:\\\/\\\/loceldetolo.cat\\\/#organization\"},\"potentialAction\":[{\"@type\":\"SearchAction\",\"target\":{\"@type\":\"EntryPoint\",\"urlTemplate\":\"https:\\\/\\\/loceldetolo.cat\\\/?s={search_term_string}\"},\"query-input\":{\"@type\":\"PropertyValueSpecification\",\"valueRequired\":true,\"valueName\":\"search_term_string\"}}],\"inLanguage\":\"fr-FR\"},{\"@type\":\"Organization\",\"@id\":\"https:\\\/\\\/loceldetolo.cat\\\/#organization\",\"name\":\"LO CEL DE TOLO\",\"url\":\"https:\\\/\\\/loceldetolo.cat\\\/\",\"logo\":{\"@type\":\"ImageObject\",\"inLanguage\":\"fr-FR\",\"@id\":\"https:\\\/\\\/loceldetolo.cat\\\/#\\\/schema\\\/logo\\\/image\\\/\",\"url\":\"https:\\\/\\\/loceldetolo.cat\\\/wp-content\\\/uploads\\\/logo-in-black.webp\",\"contentUrl\":\"https:\\\/\\\/loceldetolo.cat\\\/wp-content\\\/uploads\\\/logo-in-black.webp\",\"width\":742,\"height\":213,\"caption\":\"LO CEL DE TOLO\"},\"image\":{\"@id\":\"https:\\\/\\\/loceldetolo.cat\\\/#\\\/schema\\\/logo\\\/image\\\/\"},\"sameAs\":[\"https:\\\/\\\/www.facebook.com\\\/loceldetolo\",\"https:\\\/\\\/www.instagram.com\\\/loceldetolo\\\/\"]}]}<\/script>\n<!-- \/ Yoast SEO plugin. -->","yoast_head_json":{"title":"Turisme Ecol\u00f2gic en Lo Cel de Tol\u00f3: El teu Allotjament Sostenible","description":"Descobreix Lo Cel de Tol\u00f3, on el turisme ecol\u00f2gic \u00e9s una forma de vida. Gaudeix d'un entorn amb una experi\u00e8ncia en la naturalesa.","robots":{"index":"index","follow":"follow","max-snippet":"max-snippet:-1","max-image-preview":"max-image-preview:large","max-video-preview":"max-video-preview:-1"},"canonical":"https:\/\/loceldetolo.cat\/fr\/qui-sommes-nous\/","og_locale":"fr_FR","og_type":"article","og_title":"Turisme Ecol\u00f2gic en Lo Cel de Tol\u00f3: El teu Allotjament Sostenible","og_description":"Descobreix Lo Cel de Tol\u00f3, on el turisme ecol\u00f2gic \u00e9s una forma de vida. Gaudeix d'un entorn amb una experi\u00e8ncia en la naturalesa.","og_url":"https:\/\/loceldetolo.cat\/fr\/qui-sommes-nous\/","og_site_name":"Lo Cel de Tol\u00f3","article_publisher":"https:\/\/www.facebook.com\/loceldetolo","article_modified_time":"2025-01-29T12:03:34+00:00","og_image":[{"width":358,"height":238,"url":"https:\/\/loceldetolo.cat\/wp-content\/uploads\/tolo-runes-e1718181588219.jpg","type":"image\/jpeg"}],"twitter_card":"summary_large_image","twitter_misc":{"Dur\u00e9e de lecture estim\u00e9e":"2 minutes"},"schema":{"@context":"https:\/\/schema.org","@graph":[{"@type":"WebPage","@id":"https:\/\/loceldetolo.cat\/fr\/qui-sommes-nous\/","url":"https:\/\/loceldetolo.cat\/fr\/qui-sommes-nous\/","name":"Turisme Ecol\u00f2gic en Lo Cel de Tol\u00f3: El teu Allotjament Sostenible","isPartOf":{"@id":"https:\/\/loceldetolo.cat\/#website"},"primaryImageOfPage":{"@id":"https:\/\/loceldetolo.cat\/fr\/qui-sommes-nous\/#primaryimage"},"image":{"@id":"https:\/\/loceldetolo.cat\/fr\/qui-sommes-nous\/#primaryimage"},"thumbnailUrl":"https:\/\/loceldetolo.cat\/wp-content\/uploads\/tolo-runes-e1718181588219.jpg","datePublished":"2024-12-27T10:14:08+00:00","dateModified":"2025-01-29T12:03:34+00:00","description":"Descobreix Lo Cel de Tol\u00f3, on el turisme ecol\u00f2gic \u00e9s una forma de vida. Gaudeix d'un entorn amb una experi\u00e8ncia en la naturalesa.","breadcrumb":{"@id":"https:\/\/loceldetolo.cat\/fr\/qui-sommes-nous\/#breadcrumb"},"inLanguage":"fr-FR","potentialAction":[{"@type":"ReadAction","target":["https:\/\/loceldetolo.cat\/fr\/qui-sommes-nous\/"]}]},{"@type":"ImageObject","inLanguage":"fr-FR","@id":"https:\/\/loceldetolo.cat\/fr\/qui-sommes-nous\/#primaryimage","url":"https:\/\/loceldetolo.cat\/wp-content\/uploads\/tolo-runes-e1718181588219.jpg","contentUrl":"https:\/\/loceldetolo.cat\/wp-content\/uploads\/tolo-runes-e1718181588219.jpg"},{"@type":"BreadcrumbList","@id":"https:\/\/loceldetolo.cat\/fr\/qui-sommes-nous\/#breadcrumb","itemListElement":[{"@type":"ListItem","position":1,"name":"Inici","item":"https:\/\/loceldetolo.cat\/fr\/"},{"@type":"ListItem","position":2,"name":"Qui sommes-nous ?"}]},{"@type":"WebSite","@id":"https:\/\/loceldetolo.cat\/#website","url":"https:\/\/loceldetolo.cat\/","name":"Lo Cel de Tol\u00f3","description":"Allotjament rural sostenible","publisher":{"@id":"https:\/\/loceldetolo.cat\/#organization"},"potentialAction":[{"@type":"SearchAction","target":{"@type":"EntryPoint","urlTemplate":"https:\/\/loceldetolo.cat\/?s={search_term_string}"},"query-input":{"@type":"PropertyValueSpecification","valueRequired":true,"valueName":"search_term_string"}}],"inLanguage":"fr-FR"},{"@type":"Organization","@id":"https:\/\/loceldetolo.cat\/#organization","name":"LO CEL DE TOLO","url":"https:\/\/loceldetolo.cat\/","logo":{"@type":"ImageObject","inLanguage":"fr-FR","@id":"https:\/\/loceldetolo.cat\/#\/schema\/logo\/image\/","url":"https:\/\/loceldetolo.cat\/wp-content\/uploads\/logo-in-black.webp","contentUrl":"https:\/\/loceldetolo.cat\/wp-content\/uploads\/logo-in-black.webp","width":742,"height":213,"caption":"LO CEL DE TOLO"},"image":{"@id":"https:\/\/loceldetolo.cat\/#\/schema\/logo\/image\/"},"sameAs":["https:\/\/www.facebook.com\/loceldetolo","https:\/\/www.instagram.com\/loceldetolo\/"]}]}},"_links":{"self":[{"href":"https:\/\/loceldetolo.cat\/fr\/wp-json\/wp\/v2\/pages\/7035","targetHints":{"allow":["GET"]}}],"collection":[{"href":"https:\/\/loceldetolo.cat\/fr\/wp-json\/wp\/v2\/pages"}],"about":[{"href":"https:\/\/loceldetolo.cat\/fr\/wp-json\/wp\/v2\/types\/page"}],"author":[{"embeddable":true,"href":"https:\/\/loceldetolo.cat\/fr\/wp-json\/wp\/v2\/users\/1"}],"replies":[{"embeddable":true,"href":"https:\/\/loceldetolo.cat\/fr\/wp-json\/wp\/v2\/comments?post=7035"}],"version-history":[{"count":2,"href":"https:\/\/loceldetolo.cat\/fr\/wp-json\/wp\/v2\/pages\/7035\/revisions"}],"predecessor-version":[{"id":7318,"href":"https:\/\/loceldetolo.cat\/fr\/wp-json\/wp\/v2\/pages\/7035\/revisions\/7318"}],"wp:attachment":[{"href":"https:\/\/loceldetolo.cat\/fr\/wp-json\/wp\/v2\/media?parent=7035"}],"curies":[{"name":"wp","href":"https:\/\/api.w.org\/{rel}","templated":true}]}}