{"id":5983,"date":"2024-12-27T11:14:48","date_gmt":"2024-12-27T10:14:48","guid":{"rendered":"https:\/\/loceldetolo.cat\/calendari-de-retirs-i-estades\/"},"modified":"2026-02-01T17:07:01","modified_gmt":"2026-02-01T16:07:01","slug":"calendari-de-retirs-i-estades","status":"publish","type":"page","link":"https:\/\/loceldetolo.cat\/fr\/calendari-de-retirs-i-estades\/","title":{"rendered":"Calendari de retirs i estades"},"content":{"rendered":"<style>.kb-row-layout-id14_09f74a-74 > .kt-row-column-wrap{align-content:center;}:where(.kb-row-layout-id14_09f74a-74 > .kt-row-column-wrap) > .wp-block-kadence-column{justify-content:center;}.kb-row-layout-id14_09f74a-74 > .kt-row-column-wrap{column-gap:var(--global-kb-gap-lg, 4rem);row-gap:var(--global-kb-gap-lg, 4rem);max-width:var( --global-content-width, 1290px );padding-left:var(--global-content-edge-padding);padding-right:var(--global-content-edge-padding);padding-top:var(--global-kb-spacing-lg, 3rem);padding-bottom:var(--global-kb-spacing-xl, 4rem);grid-template-columns:repeat(2, minmax(0, 1fr));}.kb-row-layout-id14_09f74a-74 > .kt-row-layout-overlay{opacity:0.30;}@media all and (max-width: 1024px){.kb-row-layout-id14_09f74a-74 > .kt-row-column-wrap{grid-template-columns:repeat(2, minmax(0, 1fr));}}@media all and (max-width: 767px){.kb-row-layout-id14_09f74a-74 > .kt-row-column-wrap{grid-template-columns:minmax(0, 1fr);}}<\/style><div class=\"kb-row-layout-wrap kb-row-layout-id14_09f74a-74 alignfull wp-block-kadence-rowlayout\"><div class=\"kt-row-column-wrap kt-has-2-columns kt-row-layout-equal kt-tab-layout-inherit kt-mobile-layout-row kt-row-valign-middle kb-theme-content-width\">\n<style>.kadence-column14_845a50-4e > .kt-inside-inner-col,.kadence-column14_845a50-4e > .kt-inside-inner-col:before{border-top-left-radius:0px;border-top-right-radius:0px;border-bottom-right-radius:0px;border-bottom-left-radius:0px;}.kadence-column14_845a50-4e > .kt-inside-inner-col{column-gap:var(--global-kb-gap-sm, 1rem);}.kadence-column14_845a50-4e > .kt-inside-inner-col{flex-direction:column;}.kadence-column14_845a50-4e > .kt-inside-inner-col > .aligncenter{width:100%;}.kadence-column14_845a50-4e > .kt-inside-inner-col:before{opacity:0.3;}.kadence-column14_845a50-4e{position:relative;}@media all and (max-width: 1024px){.kadence-column14_845a50-4e > .kt-inside-inner-col{flex-direction:column;justify-content:center;}}@media all and (max-width: 767px){.kadence-column14_845a50-4e > .kt-inside-inner-col{flex-direction:column;justify-content:center;}}<\/style>\n<div class=\"wp-block-kadence-column kadence-column14_845a50-4e\"><div class=\"kt-inside-inner-col\">\n<p><strong>Lo Cel de Tol\u00f3<\/strong> \u00e9s un lloc ideal per fer estades en petits grups, amb activitats que podreu connectar amb la natura i amb vosaltres mateixos.<\/p>\n\n\n\n<p>Ac\u00ed trobar\u00e0s un calendari actualitzat de diversos retirs i estades programades per al 2026. Cliqueu per saber m\u00e9s sobre el programa, l\u2019organitzaci\u00f3 i el preu.<\/p>\n\n\n<style>.wp-block-kadence-advancedheading.kt-adv-heading14_55f5b3-42, .wp-block-kadence-advancedheading.kt-adv-heading14_55f5b3-42[data-kb-block=\"kb-adv-heading14_55f5b3-42\"]{font-style:normal;}.wp-block-kadence-advancedheading.kt-adv-heading14_55f5b3-42 mark.kt-highlight, .wp-block-kadence-advancedheading.kt-adv-heading14_55f5b3-42[data-kb-block=\"kb-adv-heading14_55f5b3-42\"] mark.kt-highlight{font-style:normal;color:#f76a0c;-webkit-box-decoration-break:clone;box-decoration-break:clone;padding-top:0px;padding-right:0px;padding-bottom:0px;padding-left:0px;}.wp-block-kadence-advancedheading.kt-adv-heading14_55f5b3-42 img.kb-inline-image, .wp-block-kadence-advancedheading.kt-adv-heading14_55f5b3-42[data-kb-block=\"kb-adv-heading14_55f5b3-42\"] img.kb-inline-image{width:150px;vertical-align:baseline;}<\/style>\n<h2 class=\"kt-adv-heading14_55f5b3-42 wp-block-kadence-advancedheading\" data-kb-block=\"kb-adv-heading14_55f5b3-42\">Calendari de Retirs<\/h2>\n\n\n\n<p><\/p>\n\n\n\n<ul class=\"wp-block-list\">\n<li>28 febrer &#8211; 1 de mar\u00e7. Sesions de Ioga suau amb Montse Riu \u00a0 <\/li>\n\n\n\n<li>Mar\u00e7 Retir de Ioga Equinocci de Primavera (pendent dates)<\/li>\n\n\n\n<li>14-18 de Maig Retir de Ioga amb Montse Riu (en franc\u00e8s)<\/li>\n\n\n\n<li>Setembre Retir de Ioga Equinocci de Tardor (pendent dates)<\/li>\n<\/ul>\n\n\n<style>.wp-block-kadence-advancedheading.kt-adv-heading14_938fd0-1d, .wp-block-kadence-advancedheading.kt-adv-heading14_938fd0-1d[data-kb-block=\"kb-adv-heading14_938fd0-1d\"]{text-align:left;font-style:normal;font-family:var( --global-heading-font-family, inherit );}.wp-block-kadence-advancedheading.kt-adv-heading14_938fd0-1d mark.kt-highlight, .wp-block-kadence-advancedheading.kt-adv-heading14_938fd0-1d[data-kb-block=\"kb-adv-heading14_938fd0-1d\"] mark.kt-highlight{font-style:normal;color:#f76a0c;-webkit-box-decoration-break:clone;box-decoration-break:clone;padding-top:0px;padding-right:0px;padding-bottom:0px;padding-left:0px;}.wp-block-kadence-advancedheading.kt-adv-heading14_938fd0-1d img.kb-inline-image, .wp-block-kadence-advancedheading.kt-adv-heading14_938fd0-1d[data-kb-block=\"kb-adv-heading14_938fd0-1d\"] img.kb-inline-image{width:150px;vertical-align:baseline;}<\/style>\n<p class=\"kt-adv-heading14_938fd0-1d wp-block-kadence-advancedheading\" data-kb-block=\"kb-adv-heading14_938fd0-1d\"><strong>Desitgem que algun d\u2019ells sigui del vostre inter\u00e8s per venir a casa nostre a gaudir-lo.<\/strong><\/p>\n<\/div><\/div>\n\n\n<style>.kadence-column14_31fc19-89 > .kt-inside-inner-col{display:flex;}.kadence-column14_31fc19-89 > .kt-inside-inner-col,.kadence-column14_31fc19-89 > .kt-inside-inner-col:before{border-top-left-radius:0px;border-top-right-radius:0px;border-bottom-right-radius:0px;border-bottom-left-radius:0px;}.kadence-column14_31fc19-89 > .kt-inside-inner-col{column-gap:var(--global-kb-gap-sm, 1rem);}.kadence-column14_31fc19-89 > .kt-inside-inner-col{flex-direction:column;justify-content:center;}.kadence-column14_31fc19-89 > .kt-inside-inner-col > .aligncenter{width:100%;}.kt-row-column-wrap > .kadence-column14_31fc19-89{align-self:center;}.kt-inner-column-height-full:not(.kt-has-1-columns) > .wp-block-kadence-column.kadence-column14_31fc19-89{align-self:auto;}.kt-inner-column-height-full:not(.kt-has-1-columns) > .wp-block-kadence-column.kadence-column14_31fc19-89 > .kt-inside-inner-col{flex-direction:column;justify-content:center;}.kadence-column14_31fc19-89 > .kt-inside-inner-col:before{opacity:0.3;}.kadence-column14_31fc19-89{position:relative;}@media all and (max-width: 1024px){.kt-row-column-wrap > .kadence-column14_31fc19-89{align-self:center;}}@media all and (max-width: 1024px){.kt-inner-column-height-full:not(.kt-has-1-columns) > .wp-block-kadence-column.kadence-column14_31fc19-89{align-self:auto;}}@media all and (max-width: 1024px){.kt-inner-column-height-full:not(.kt-has-1-columns) > .wp-block-kadence-column.kadence-column14_31fc19-89 > .kt-inside-inner-col{flex-direction:column;justify-content:center;}}@media all and (max-width: 1024px){.kadence-column14_31fc19-89 > .kt-inside-inner-col{flex-direction:column;justify-content:center;}}@media all and (max-width: 767px){.kt-row-column-wrap > .kadence-column14_31fc19-89{align-self:center;}.kt-inner-column-height-full:not(.kt-has-1-columns) > .wp-block-kadence-column.kadence-column14_31fc19-89{align-self:auto;}.kt-inner-column-height-full:not(.kt-has-1-columns) > .wp-block-kadence-column.kadence-column14_31fc19-89 > .kt-inside-inner-col{flex-direction:column;justify-content:center;}.kadence-column14_31fc19-89 > .kt-inside-inner-col{flex-direction:column;justify-content:center;}}<\/style>\n<div class=\"wp-block-kadence-column kadence-column14_31fc19-89\"><div class=\"kt-inside-inner-col\"><style>.kb-image14_c86038-37 .kb-image-has-overlay:after{opacity:0.3;}<\/style>\n<figure class=\"wp-block-kadence-image kb-image14_c86038-37 size-large\"><img loading=\"lazy\" decoding=\"async\" width=\"1024\" height=\"768\" src=\"https:\/\/loceldetolo.cat\/wp-content\/uploads\/castell-de-tolo-1-1024x768.jpg\" alt=\"\" class=\"kb-img wp-image-249\" srcset=\"https:\/\/loceldetolo.cat\/wp-content\/uploads\/castell-de-tolo-1-1024x768.jpg 1024w, https:\/\/loceldetolo.cat\/wp-content\/uploads\/castell-de-tolo-1-300x225.jpg 300w, https:\/\/loceldetolo.cat\/wp-content\/uploads\/castell-de-tolo-1-768x576.jpg 768w, https:\/\/loceldetolo.cat\/wp-content\/uploads\/castell-de-tolo-1.jpg 1440w\" sizes=\"auto, (max-width: 1024px) 100vw, 1024px\" \/><\/figure>\n<\/div><\/div>\n\n<\/div><\/div>\n\n<style>.kb-row-layout-id14_7d08f4-99 > .kt-row-column-wrap{align-content:start;}:where(.kb-row-layout-id14_7d08f4-99 > .kt-row-column-wrap) > .wp-block-kadence-column{justify-content:start;}.kb-row-layout-id14_7d08f4-99 > .kt-row-column-wrap{column-gap:var(--global-kb-gap-md, 2rem);row-gap:var(--global-kb-gap-md, 2rem);max-width:var( --global-content-width, 1290px );padding-left:var(--global-content-edge-padding);padding-right:var(--global-content-edge-padding);padding-top:var(--global-kb-spacing-5xl, 10rem);padding-bottom:var(--global-kb-spacing-5xl, 10rem);grid-template-columns:minmax(0, 1fr);}.kb-row-layout-id14_7d08f4-99{background-image:url('https:\/\/loceldetolo.cat\/wp-content\/uploads\/serra-del-cucut-vistes.webp');background-size:cover;background-position:center center;background-attachment:scroll;background-repeat:no-repeat;}.kb-row-layout-id14_7d08f4-99 > .kt-row-layout-overlay{opacity:0.30;}@media all and (max-width: 1024px){.kb-row-layout-id14_7d08f4-99 > .kt-row-column-wrap{grid-template-columns:minmax(0, 1fr);}}@media all and (max-width: 767px){.kb-row-layout-id14_7d08f4-99 > .kt-row-column-wrap{grid-template-columns:minmax(0, 1fr);}}<\/style><div class=\"kb-row-layout-wrap kb-row-layout-id14_7d08f4-99 alignfull kt-row-has-bg wp-block-kadence-rowlayout\"><div class=\"kt-row-column-wrap kt-has-1-columns kt-row-layout-equal kt-tab-layout-inherit kt-mobile-layout-row kt-row-valign-top kb-theme-content-width\">\n<style>.kadence-column14_ebd3ee-60 > .kt-inside-inner-col,.kadence-column14_ebd3ee-60 > .kt-inside-inner-col:before{border-top-left-radius:0px;border-top-right-radius:0px;border-bottom-right-radius:0px;border-bottom-left-radius:0px;}.kadence-column14_ebd3ee-60 > .kt-inside-inner-col{column-gap:var(--global-kb-gap-sm, 1rem);}.kadence-column14_ebd3ee-60 > .kt-inside-inner-col{flex-direction:column;}.kadence-column14_ebd3ee-60 > .kt-inside-inner-col > .aligncenter{width:100%;}.kadence-column14_ebd3ee-60 > .kt-inside-inner-col:before{opacity:0.3;}.kadence-column14_ebd3ee-60{position:relative;}@media all and (max-width: 1024px){.kadence-column14_ebd3ee-60 > .kt-inside-inner-col{flex-direction:column;justify-content:center;}}@media all and (max-width: 767px){.kadence-column14_ebd3ee-60 > .kt-inside-inner-col{flex-direction:column;justify-content:center;}}<\/style>\n<div class=\"wp-block-kadence-column kadence-column14_ebd3ee-60\"><div class=\"kt-inside-inner-col\"><style>.wp-block-kadence-advancedheading.kt-adv-heading14_17e450-5d, .wp-block-kadence-advancedheading.kt-adv-heading14_17e450-5d[data-kb-block=\"kb-adv-heading14_17e450-5d\"]{text-align:center;font-style:normal;}.wp-block-kadence-advancedheading.kt-adv-heading14_17e450-5d mark.kt-highlight, .wp-block-kadence-advancedheading.kt-adv-heading14_17e450-5d[data-kb-block=\"kb-adv-heading14_17e450-5d\"] mark.kt-highlight{font-style:normal;color:#f76a0c;-webkit-box-decoration-break:clone;box-decoration-break:clone;padding-top:0px;padding-right:0px;padding-bottom:0px;padding-left:0px;}.wp-block-kadence-advancedheading.kt-adv-heading14_17e450-5d img.kb-inline-image, .wp-block-kadence-advancedheading.kt-adv-heading14_17e450-5d[data-kb-block=\"kb-adv-heading14_17e450-5d\"] img.kb-inline-image{width:150px;vertical-align:baseline;}<\/style>\n<h2 class=\"kt-adv-heading14_17e450-5d wp-block-kadence-advancedheading has-theme-palette-9-color has-text-color\" data-kb-block=\"kb-adv-heading14_17e450-5d\">Vine a gaudir d&rsquo;aquestes activitats amb nosaltres<\/h2>\n\n\n\n<p class=\"has-text-align-center has-theme-palette-9-color has-text-color has-link-color wp-elements-e7ada729cfc69b06464f43b3d17a4c12\">Si sou un petit grup que voleu venir a fer alguna activitat similar, no dubteu a trucar-nos!<\/p>\n\n\n<style>.wp-block-kadence-advancedbtn.kb-btns14_764168-bf{gap:var(--global-kb-gap-xs, 0.5rem );justify-content:center;align-items:center;}.kt-btns14_764168-bf .kt-button{font-weight:normal;font-style:normal;}.kt-btns14_764168-bf .kt-btn-wrap-0{margin-right:5px;}.wp-block-kadence-advancedbtn.kt-btns14_764168-bf .kt-btn-wrap-0 .kt-button{color:#555555;border-color:#555555;}.wp-block-kadence-advancedbtn.kt-btns14_764168-bf .kt-btn-wrap-0 .kt-button:hover, .wp-block-kadence-advancedbtn.kt-btns14_764168-bf .kt-btn-wrap-0 .kt-button:focus{color:#ffffff;border-color:#444444;}.wp-block-kadence-advancedbtn.kt-btns14_764168-bf .kt-btn-wrap-0 .kt-button::before{display:none;}.wp-block-kadence-advancedbtn.kt-btns14_764168-bf .kt-btn-wrap-0 .kt-button:hover, .wp-block-kadence-advancedbtn.kt-btns14_764168-bf .kt-btn-wrap-0 .kt-button:focus{background:#444444;}<\/style>\n<div class=\"wp-block-kadence-advancedbtn kb-buttons-wrap kb-btns14_764168-bf\"><style>ul.menu .wp-block-kadence-advancedbtn .kb-btn14_a060aa-89.kb-button{width:initial;}<\/style><a class=\"kb-button kt-button button kb-btn14_a060aa-89 kt-btn-size-standard kt-btn-width-type-auto kb-btn-global-fill  kt-btn-has-text-true kt-btn-has-svg-false  wp-block-kadence-singlebtn\" href=\"https:\/\/loceldetolo.cat\/reserves\/\"><span class=\"kt-btn-inner-text\">Contacteu-nos<\/span><\/a><\/div>\n<\/div><\/div>\n\n<\/div><\/div>","protected":false},"excerpt":{"rendered":"<p>Lo Cel de Tol\u00f3 \u00e9s un lloc ideal per fer estades en petits grups, amb activitats que podreu connectar amb la natura i amb vosaltres mateixos. Ac\u00ed trobar\u00e0s un calendari actualitzat de diversos retirs i estades programades per al 2026. Cliqueu per saber m\u00e9s sobre el programa, l\u2019organitzaci\u00f3 i el preu. Calendari de Retirs Desitgem&#8230;<\/p>\n","protected":false},"author":1,"featured_media":0,"parent":0,"menu_order":0,"comment_status":"closed","ping_status":"closed","template":"","meta":{"_kad_post_transparent":"","_kad_post_title":"","_kad_post_layout":"","_kad_post_sidebar_id":"","_kad_post_content_style":"","_kad_post_vertical_padding":"","_kad_post_feature":"","_kad_post_feature_position":"","_kad_post_header":false,"_kad_post_footer":false,"_kad_post_classname":"","footnotes":""},"class_list":["post-5983","page","type-page","status-publish","hentry"],"yoast_head":"<!-- This site is optimized with the Yoast SEO plugin v27.3 - https:\/\/yoast.com\/product\/yoast-seo-wordpress\/ -->\n<title>Calendari de retirs i estades - Lo Cel de Tol\u00f3<\/title>\n<meta name=\"robots\" content=\"index, follow, max-snippet:-1, max-image-preview:large, max-video-preview:-1\" \/>\n<link rel=\"canonical\" href=\"https:\/\/loceldetolo.cat\/fr\/calendari-de-retirs-i-estades\/\" \/>\n<meta property=\"og:locale\" content=\"fr_FR\" \/>\n<meta property=\"og:type\" content=\"article\" \/>\n<meta property=\"og:title\" content=\"Calendari de retirs i estades - Lo Cel de Tol\u00f3\" \/>\n<meta property=\"og:description\" content=\"Lo Cel de Tol\u00f3 \u00e9s un lloc ideal per fer estades en petits grups, amb activitats que podreu connectar amb la natura i amb vosaltres mateixos. Ac\u00ed trobar\u00e0s un calendari actualitzat de diversos retirs i estades programades per al 2026. Cliqueu per saber m\u00e9s sobre el programa, l\u2019organitzaci\u00f3 i el preu. Calendari de Retirs Desitgem...\" \/>\n<meta property=\"og:url\" content=\"https:\/\/loceldetolo.cat\/fr\/calendari-de-retirs-i-estades\/\" \/>\n<meta property=\"og:site_name\" content=\"Lo Cel de Tol\u00f3\" \/>\n<meta property=\"article:publisher\" content=\"https:\/\/www.facebook.com\/loceldetolo\" \/>\n<meta property=\"article:modified_time\" content=\"2026-02-01T16:07:01+00:00\" \/>\n<meta property=\"og:image\" content=\"https:\/\/loceldetolo.cat\/wp-content\/uploads\/castell-de-tolo-1.jpg\" \/>\n\t<meta property=\"og:image:width\" content=\"1440\" \/>\n\t<meta property=\"og:image:height\" content=\"1080\" \/>\n\t<meta property=\"og:image:type\" content=\"image\/jpeg\" \/>\n<meta name=\"twitter:card\" content=\"summary_large_image\" \/>\n<meta name=\"twitter:label1\" content=\"Dur\u00e9e de lecture estim\u00e9e\" \/>\n\t<meta name=\"twitter:data1\" content=\"1 minute\" \/>\n<script type=\"application\/ld+json\" class=\"yoast-schema-graph\">{\"@context\":\"https:\\\/\\\/schema.org\",\"@graph\":[{\"@type\":\"WebPage\",\"@id\":\"https:\\\/\\\/loceldetolo.cat\\\/fr\\\/calendari-de-retirs-i-estades\\\/\",\"url\":\"https:\\\/\\\/loceldetolo.cat\\\/fr\\\/calendari-de-retirs-i-estades\\\/\",\"name\":\"Calendari de retirs i estades - Lo Cel de Tol\u00f3\",\"isPartOf\":{\"@id\":\"https:\\\/\\\/loceldetolo.cat\\\/#website\"},\"primaryImageOfPage\":{\"@id\":\"https:\\\/\\\/loceldetolo.cat\\\/fr\\\/calendari-de-retirs-i-estades\\\/#primaryimage\"},\"image\":{\"@id\":\"https:\\\/\\\/loceldetolo.cat\\\/fr\\\/calendari-de-retirs-i-estades\\\/#primaryimage\"},\"thumbnailUrl\":\"https:\\\/\\\/loceldetolo.cat\\\/wp-content\\\/uploads\\\/castell-de-tolo-1-1024x768.jpg\",\"datePublished\":\"2024-12-27T10:14:48+00:00\",\"dateModified\":\"2026-02-01T16:07:01+00:00\",\"breadcrumb\":{\"@id\":\"https:\\\/\\\/loceldetolo.cat\\\/fr\\\/calendari-de-retirs-i-estades\\\/#breadcrumb\"},\"inLanguage\":\"fr-FR\",\"potentialAction\":[{\"@type\":\"ReadAction\",\"target\":[\"https:\\\/\\\/loceldetolo.cat\\\/fr\\\/calendari-de-retirs-i-estades\\\/\"]}]},{\"@type\":\"ImageObject\",\"inLanguage\":\"fr-FR\",\"@id\":\"https:\\\/\\\/loceldetolo.cat\\\/fr\\\/calendari-de-retirs-i-estades\\\/#primaryimage\",\"url\":\"https:\\\/\\\/loceldetolo.cat\\\/wp-content\\\/uploads\\\/castell-de-tolo-1-1024x768.jpg\",\"contentUrl\":\"https:\\\/\\\/loceldetolo.cat\\\/wp-content\\\/uploads\\\/castell-de-tolo-1-1024x768.jpg\"},{\"@type\":\"BreadcrumbList\",\"@id\":\"https:\\\/\\\/loceldetolo.cat\\\/fr\\\/calendari-de-retirs-i-estades\\\/#breadcrumb\",\"itemListElement\":[{\"@type\":\"ListItem\",\"position\":1,\"name\":\"Inici\",\"item\":\"https:\\\/\\\/loceldetolo.cat\\\/fr\\\/\"},{\"@type\":\"ListItem\",\"position\":2,\"name\":\"Calendari de retirs i estades\"}]},{\"@type\":\"WebSite\",\"@id\":\"https:\\\/\\\/loceldetolo.cat\\\/#website\",\"url\":\"https:\\\/\\\/loceldetolo.cat\\\/\",\"name\":\"Lo Cel de Tol\u00f3\",\"description\":\"Allotjament rural sostenible\",\"publisher\":{\"@id\":\"https:\\\/\\\/loceldetolo.cat\\\/#organization\"},\"potentialAction\":[{\"@type\":\"SearchAction\",\"target\":{\"@type\":\"EntryPoint\",\"urlTemplate\":\"https:\\\/\\\/loceldetolo.cat\\\/?s={search_term_string}\"},\"query-input\":{\"@type\":\"PropertyValueSpecification\",\"valueRequired\":true,\"valueName\":\"search_term_string\"}}],\"inLanguage\":\"fr-FR\"},{\"@type\":\"Organization\",\"@id\":\"https:\\\/\\\/loceldetolo.cat\\\/#organization\",\"name\":\"LO CEL DE TOLO\",\"url\":\"https:\\\/\\\/loceldetolo.cat\\\/\",\"logo\":{\"@type\":\"ImageObject\",\"inLanguage\":\"fr-FR\",\"@id\":\"https:\\\/\\\/loceldetolo.cat\\\/#\\\/schema\\\/logo\\\/image\\\/\",\"url\":\"https:\\\/\\\/loceldetolo.cat\\\/wp-content\\\/uploads\\\/logo-in-black.webp\",\"contentUrl\":\"https:\\\/\\\/loceldetolo.cat\\\/wp-content\\\/uploads\\\/logo-in-black.webp\",\"width\":742,\"height\":213,\"caption\":\"LO CEL DE TOLO\"},\"image\":{\"@id\":\"https:\\\/\\\/loceldetolo.cat\\\/#\\\/schema\\\/logo\\\/image\\\/\"},\"sameAs\":[\"https:\\\/\\\/www.facebook.com\\\/loceldetolo\",\"https:\\\/\\\/www.instagram.com\\\/loceldetolo\\\/\"]}]}<\/script>\n<!-- \/ Yoast SEO plugin. -->","yoast_head_json":{"title":"Calendari de retirs i estades - Lo Cel de Tol\u00f3","robots":{"index":"index","follow":"follow","max-snippet":"max-snippet:-1","max-image-preview":"max-image-preview:large","max-video-preview":"max-video-preview:-1"},"canonical":"https:\/\/loceldetolo.cat\/fr\/calendari-de-retirs-i-estades\/","og_locale":"fr_FR","og_type":"article","og_title":"Calendari de retirs i estades - Lo Cel de Tol\u00f3","og_description":"Lo Cel de Tol\u00f3 \u00e9s un lloc ideal per fer estades en petits grups, amb activitats que podreu connectar amb la natura i amb vosaltres mateixos. Ac\u00ed trobar\u00e0s un calendari actualitzat de diversos retirs i estades programades per al 2026. Cliqueu per saber m\u00e9s sobre el programa, l\u2019organitzaci\u00f3 i el preu. Calendari de Retirs Desitgem...","og_url":"https:\/\/loceldetolo.cat\/fr\/calendari-de-retirs-i-estades\/","og_site_name":"Lo Cel de Tol\u00f3","article_publisher":"https:\/\/www.facebook.com\/loceldetolo","article_modified_time":"2026-02-01T16:07:01+00:00","og_image":[{"width":1440,"height":1080,"url":"https:\/\/loceldetolo.cat\/wp-content\/uploads\/castell-de-tolo-1.jpg","type":"image\/jpeg"}],"twitter_card":"summary_large_image","twitter_misc":{"Dur\u00e9e de lecture estim\u00e9e":"1 minute"},"schema":{"@context":"https:\/\/schema.org","@graph":[{"@type":"WebPage","@id":"https:\/\/loceldetolo.cat\/fr\/calendari-de-retirs-i-estades\/","url":"https:\/\/loceldetolo.cat\/fr\/calendari-de-retirs-i-estades\/","name":"Calendari de retirs i estades - Lo Cel de Tol\u00f3","isPartOf":{"@id":"https:\/\/loceldetolo.cat\/#website"},"primaryImageOfPage":{"@id":"https:\/\/loceldetolo.cat\/fr\/calendari-de-retirs-i-estades\/#primaryimage"},"image":{"@id":"https:\/\/loceldetolo.cat\/fr\/calendari-de-retirs-i-estades\/#primaryimage"},"thumbnailUrl":"https:\/\/loceldetolo.cat\/wp-content\/uploads\/castell-de-tolo-1-1024x768.jpg","datePublished":"2024-12-27T10:14:48+00:00","dateModified":"2026-02-01T16:07:01+00:00","breadcrumb":{"@id":"https:\/\/loceldetolo.cat\/fr\/calendari-de-retirs-i-estades\/#breadcrumb"},"inLanguage":"fr-FR","potentialAction":[{"@type":"ReadAction","target":["https:\/\/loceldetolo.cat\/fr\/calendari-de-retirs-i-estades\/"]}]},{"@type":"ImageObject","inLanguage":"fr-FR","@id":"https:\/\/loceldetolo.cat\/fr\/calendari-de-retirs-i-estades\/#primaryimage","url":"https:\/\/loceldetolo.cat\/wp-content\/uploads\/castell-de-tolo-1-1024x768.jpg","contentUrl":"https:\/\/loceldetolo.cat\/wp-content\/uploads\/castell-de-tolo-1-1024x768.jpg"},{"@type":"BreadcrumbList","@id":"https:\/\/loceldetolo.cat\/fr\/calendari-de-retirs-i-estades\/#breadcrumb","itemListElement":[{"@type":"ListItem","position":1,"name":"Inici","item":"https:\/\/loceldetolo.cat\/fr\/"},{"@type":"ListItem","position":2,"name":"Calendari de retirs i estades"}]},{"@type":"WebSite","@id":"https:\/\/loceldetolo.cat\/#website","url":"https:\/\/loceldetolo.cat\/","name":"Lo Cel de Tol\u00f3","description":"Allotjament rural sostenible","publisher":{"@id":"https:\/\/loceldetolo.cat\/#organization"},"potentialAction":[{"@type":"SearchAction","target":{"@type":"EntryPoint","urlTemplate":"https:\/\/loceldetolo.cat\/?s={search_term_string}"},"query-input":{"@type":"PropertyValueSpecification","valueRequired":true,"valueName":"search_term_string"}}],"inLanguage":"fr-FR"},{"@type":"Organization","@id":"https:\/\/loceldetolo.cat\/#organization","name":"LO CEL DE TOLO","url":"https:\/\/loceldetolo.cat\/","logo":{"@type":"ImageObject","inLanguage":"fr-FR","@id":"https:\/\/loceldetolo.cat\/#\/schema\/logo\/image\/","url":"https:\/\/loceldetolo.cat\/wp-content\/uploads\/logo-in-black.webp","contentUrl":"https:\/\/loceldetolo.cat\/wp-content\/uploads\/logo-in-black.webp","width":742,"height":213,"caption":"LO CEL DE TOLO"},"image":{"@id":"https:\/\/loceldetolo.cat\/#\/schema\/logo\/image\/"},"sameAs":["https:\/\/www.facebook.com\/loceldetolo","https:\/\/www.instagram.com\/loceldetolo\/"]}]}},"_links":{"self":[{"href":"https:\/\/loceldetolo.cat\/fr\/wp-json\/wp\/v2\/pages\/5983","targetHints":{"allow":["GET"]}}],"collection":[{"href":"https:\/\/loceldetolo.cat\/fr\/wp-json\/wp\/v2\/pages"}],"about":[{"href":"https:\/\/loceldetolo.cat\/fr\/wp-json\/wp\/v2\/types\/page"}],"author":[{"embeddable":true,"href":"https:\/\/loceldetolo.cat\/fr\/wp-json\/wp\/v2\/users\/1"}],"replies":[{"embeddable":true,"href":"https:\/\/loceldetolo.cat\/fr\/wp-json\/wp\/v2\/comments?post=5983"}],"version-history":[{"count":11,"href":"https:\/\/loceldetolo.cat\/fr\/wp-json\/wp\/v2\/pages\/5983\/revisions"}],"predecessor-version":[{"id":7853,"href":"https:\/\/loceldetolo.cat\/fr\/wp-json\/wp\/v2\/pages\/5983\/revisions\/7853"}],"wp:attachment":[{"href":"https:\/\/loceldetolo.cat\/fr\/wp-json\/wp\/v2\/media?parent=5983"}],"curies":[{"name":"wp","href":"https:\/\/api.w.org\/{rel}","templated":true}]}}