{"id":5956,"date":"2024-12-27T11:40:41","date_gmt":"2024-12-27T10:40:41","guid":{"rendered":"https:\/\/loceldetolo.cat\/capdany\/"},"modified":"2025-12-27T17:56:17","modified_gmt":"2025-12-27T16:56:17","slug":"capdany","status":"publish","type":"page","link":"https:\/\/loceldetolo.cat\/fr\/capdany\/","title":{"rendered":"Cap d&rsquo;any a Lo Cel de Tol\u00f3"},"content":{"rendered":"<style>.kb-row-layout-id59_9c1a72-69 > .kt-row-column-wrap{align-content:start;}:where(.kb-row-layout-id59_9c1a72-69 > .kt-row-column-wrap) > .wp-block-kadence-column{justify-content:start;}.kb-row-layout-id59_9c1a72-69 > .kt-row-column-wrap{column-gap:var(--global-kb-gap-lg, 4rem);row-gap:var(--global-kb-gap-lg, 4rem);max-width:var( --global-content-width, 1290px );padding-left:var(--global-content-edge-padding);padding-right:var(--global-content-edge-padding);padding-top:var(--global-kb-spacing-lg, 3rem);padding-bottom:var(--global-kb-spacing-lg, 3rem);grid-template-columns:repeat(2, minmax(0, 1fr));}.kb-row-layout-id59_9c1a72-69 > .kt-row-layout-overlay{opacity:0.30;}@media all and (max-width: 1024px){.kb-row-layout-id59_9c1a72-69 > .kt-row-column-wrap{grid-template-columns:repeat(2, minmax(0, 1fr));}}@media all and (max-width: 767px){.kb-row-layout-id59_9c1a72-69 > .kt-row-column-wrap{grid-template-columns:minmax(0, 1fr);}}<\/style><div class=\"kb-row-layout-wrap kb-row-layout-id59_9c1a72-69 alignfull wp-block-kadence-rowlayout\"><div class=\"kt-row-column-wrap kt-has-2-columns kt-row-layout-equal kt-tab-layout-inherit kt-mobile-layout-row kt-row-valign-top kb-theme-content-width\">\n<style>.kadence-column59_49ab2d-64 > .kt-inside-inner-col,.kadence-column59_49ab2d-64 > .kt-inside-inner-col:before{border-top-left-radius:0px;border-top-right-radius:0px;border-bottom-right-radius:0px;border-bottom-left-radius:0px;}.kadence-column59_49ab2d-64 > .kt-inside-inner-col{column-gap:var(--global-kb-gap-sm, 1rem);}.kadence-column59_49ab2d-64 > .kt-inside-inner-col{flex-direction:column;}.kadence-column59_49ab2d-64 > .kt-inside-inner-col > .aligncenter{width:100%;}.kadence-column59_49ab2d-64 > .kt-inside-inner-col:before{opacity:0.3;}.kadence-column59_49ab2d-64{position:relative;}@media all and (max-width: 1024px){.kadence-column59_49ab2d-64 > .kt-inside-inner-col{flex-direction:column;justify-content:center;}}@media all and (max-width: 767px){.kadence-column59_49ab2d-64 > .kt-inside-inner-col{flex-direction:column;justify-content:center;}}<\/style>\n<div class=\"wp-block-kadence-column kadence-column59_49ab2d-64\"><div class=\"kt-inside-inner-col\">\n<p>Si el que vols \u00e9s entrar l\u2019any nou en un entorn de natura i d&rsquo;una forma tranquil\u00b7la, vine a Lo cel de Tol\u00f3.<\/p>\n\n\n\n<p>Tant si sou un petit grup com parella et proposem una estada m\u00ednima de 2 nits, a mitja pensi\u00f3, incloent-hi la nit de Cap d&rsquo;Any a on podr\u00e0s degustar un sopar molt especial que estem segurs disfrutar\u00e0s\u2026<\/p>\n\n\n\n<p>Els preus de l\u2019estada son tancats i inclouen el r\u00e8gim de mitja pensi\u00f3. Si voleu dinar un dia, tampoc hi ha cap problema.<\/p>\n\n\n\n<p>Si tens algun dubte contacta amb nosaltres i parlem.<\/p>\n\n\n\n<p><a href=\"https:\/\/wubook.net\/wbkd\/wbk\/rpkgs?lcode=1604770795&amp;pid=20248\" target=\"_blank\" rel=\"noreferrer noopener\">Reserva ac\u00ed<\/a><\/p>\n\n\n\n<p><strong><a href=\"https:\/\/loceldetolo.cat\/wp-content\/uploads\/menucapdany.pdf\">El nostre menu per sopar de cap d&rsquo;any<\/a><\/strong><\/p>\n<\/div><\/div>\n\n\n<style>.kadence-column59_f806bd-c7 > .kt-inside-inner-col,.kadence-column59_f806bd-c7 > .kt-inside-inner-col:before{border-top-left-radius:0px;border-top-right-radius:0px;border-bottom-right-radius:0px;border-bottom-left-radius:0px;}.kadence-column59_f806bd-c7 > .kt-inside-inner-col{column-gap:var(--global-kb-gap-sm, 1rem);}.kadence-column59_f806bd-c7 > .kt-inside-inner-col{flex-direction:column;}.kadence-column59_f806bd-c7 > .kt-inside-inner-col > .aligncenter{width:100%;}.kadence-column59_f806bd-c7 > .kt-inside-inner-col:before{opacity:0.3;}.kadence-column59_f806bd-c7{position:relative;}@media all and (max-width: 1024px){.kadence-column59_f806bd-c7 > .kt-inside-inner-col{flex-direction:column;justify-content:center;}}@media all and (max-width: 767px){.kadence-column59_f806bd-c7 > .kt-inside-inner-col{flex-direction:column;justify-content:center;}}<\/style>\n<div class=\"wp-block-kadence-column kadence-column59_f806bd-c7\"><div class=\"kt-inside-inner-col\">\n<h3 class=\"wp-block-heading\">Que inclou<\/h3>\n\n\n\n<ul class=\"wp-block-list\">\n<li>Pack de 2 nits a mitja pensi\u00f3\n<ul class=\"wp-block-list\">\n<li>sopar<\/li>\n\n\n\n<li>sopar especial de Cap d&rsquo;Any<\/li>\n\n\n\n<li>esmorzar dels dos dies<\/li>\n<\/ul>\n<\/li>\n\n\n\n<li><strong>Preu per persona en habitaci\u00f3 doble o triple: 192\u202f\u20ac<\/strong><\/li>\n<\/ul>\n\n\n\n<p><strong>Teniu la possibilitat de fer tamb\u00e9 el dinar d\u2019any nou, amb preu a part.<\/strong><\/p>\n\n\n\n<p>Per a reservar cal que ens envieu un correu o b\u00e9 truqueu. Us demanarem una bestreta per fer la reserva en ferm.<\/p>\n\n\n\n<p>Ens agradar\u00e0 veure-us, Us esperem!!<\/p>\n\n\n\n<p><\/p>\n<\/div><\/div>\n\n<\/div><\/div>\n\n<style>.kb-row-layout-id59_b993ec-76 > .kt-row-column-wrap{align-content:start;}:where(.kb-row-layout-id59_b993ec-76 > .kt-row-column-wrap) > .wp-block-kadence-column{justify-content:start;}.kb-row-layout-id59_b993ec-76 > .kt-row-column-wrap{column-gap:var(--global-kb-gap-md, 2rem);row-gap:var(--global-kb-gap-md, 2rem);max-width:var( --global-content-width, 1290px );padding-left:var(--global-content-edge-padding);padding-right:var(--global-content-edge-padding);padding-top:var(--global-kb-spacing-lg, 3rem);padding-bottom:var(--global-kb-spacing-lg, 3rem);grid-template-columns:minmax(0, 1fr);}.kb-row-layout-id59_b993ec-76 > .kt-row-layout-overlay{opacity:0.30;}@media all and (max-width: 1024px){.kb-row-layout-id59_b993ec-76 > .kt-row-column-wrap{grid-template-columns:minmax(0, 1fr);}}@media all and (max-width: 767px){.kb-row-layout-id59_b993ec-76 > .kt-row-column-wrap{grid-template-columns:minmax(0, 1fr);}}<\/style><div class=\"kb-row-layout-wrap kb-row-layout-id59_b993ec-76 alignfull has-theme-palette9-background-color kt-row-has-bg wp-block-kadence-rowlayout\"><div class=\"kt-row-column-wrap kt-has-1-columns kt-row-layout-equal kt-tab-layout-inherit kt-mobile-layout-row kt-row-valign-top kb-theme-content-width\">\n<style>.kadence-column59_876ace-b5 > .kt-inside-inner-col,.kadence-column59_876ace-b5 > .kt-inside-inner-col:before{border-top-left-radius:0px;border-top-right-radius:0px;border-bottom-right-radius:0px;border-bottom-left-radius:0px;}.kadence-column59_876ace-b5 > .kt-inside-inner-col{column-gap:var(--global-kb-gap-sm, 1rem);}.kadence-column59_876ace-b5 > .kt-inside-inner-col{flex-direction:column;}.kadence-column59_876ace-b5 > .kt-inside-inner-col > .aligncenter{width:100%;}.kadence-column59_876ace-b5 > .kt-inside-inner-col:before{opacity:0.3;}.kadence-column59_876ace-b5{position:relative;}@media all and (max-width: 1024px){.kadence-column59_876ace-b5 > .kt-inside-inner-col{flex-direction:column;justify-content:center;}}@media all and (max-width: 767px){.kadence-column59_876ace-b5 > .kt-inside-inner-col{flex-direction:column;justify-content:center;}}<\/style>\n<div class=\"wp-block-kadence-column kadence-column59_876ace-b5\"><div class=\"kt-inside-inner-col\"><style>.wp-block-kadence-advancedgallery .kb-gallery-type-grid.kb-gallery-id-59_f1fd43-b5{margin:-5px;}.kb-gallery-type-grid.kb-gallery-id-59_f1fd43-b5 .kadence-blocks-gallery-item{padding:5px;}.kb-gallery-id-59_f1fd43-b5 .kadence-blocks-gallery-item .kb-gal-image-radius, .kb-gallery-id-59_f1fd43-b5 .kb-slide-item .kb-gal-image-radius img{border-radius:0px 0px 0px 0px;;}.kb-gallery-caption-style-bottom.kb-gallery-id-59_f1fd43-b5 .kadence-blocks-gallery-item .kadence-blocks-gallery-item-inner .kadence-blocks-gallery-item__caption, .kb-gallery-caption-style-bottom-hover.kb-gallery-id-59_f1fd43-b5 .kadence-blocks-gallery-item .kadence-blocks-gallery-item-inner .kadence-blocks-gallery-item__caption{background:linear-gradient(0deg, rgba(0, 0, 0, 0.8) 0, rgba(0, 0, 0, 0) 100%);}<\/style><div class=\"kb-gallery-wrap-id-59_f1fd43-b5 alignnone wp-block-kadence-advancedgallery\"><ul class=\"kb-gallery-ul kb-gallery-non-static kb-gallery-type-grid kb-gallery-id-59_f1fd43-b5 kb-gallery-caption-style-bottom kb-gallery-filter-none\" data-image-filter=\"none\" data-item-selector=\".kadence-blocks-gallery-item\" data-lightbox-caption=\"true\" data-columns-xxl=\"3\" data-columns-xl=\"3\" data-columns-md=\"3\" data-columns-sm=\"2\" data-columns-xs=\"1\" data-columns-ss=\"1\"><li class=\"kadence-blocks-gallery-item\"><div class=\"kadence-blocks-gallery-item-inner\"><figure class=\"kb-gallery-figure kadence-blocks-gallery-item-has-caption\"><div class=\"kb-gal-image-radius\"><div class=\"kb-gallery-image-contain kadence-blocks-gallery-intrinsic kb-gallery-image-ratio-land32 kb-has-image-ratio-land32\" ><img loading=\"lazy\" decoding=\"async\" src=\"https:\/\/loceldetolo.cat\/wp-content\/uploads\/castell-de-tolo-1-1024x768.jpg\" width=\"1024\" height=\"768\" alt=\"\" data-full-image=\"https:\/\/loceldetolo.cat\/wp-content\/uploads\/castell-de-tolo-1.jpg\" data-light-image=\"https:\/\/loceldetolo.cat\/wp-content\/uploads\/castell-de-tolo-1.jpg\" data-id=\"249\" class=\"wp-image-249\" srcset=\"https:\/\/loceldetolo.cat\/wp-content\/uploads\/castell-de-tolo-1-1024x768.jpg 1024w, https:\/\/loceldetolo.cat\/wp-content\/uploads\/castell-de-tolo-1-300x225.jpg 300w, https:\/\/loceldetolo.cat\/wp-content\/uploads\/castell-de-tolo-1-768x576.jpg 768w, https:\/\/loceldetolo.cat\/wp-content\/uploads\/castell-de-tolo-1.jpg 1440w\" sizes=\"auto, (max-width: 1024px) 100vw, 1024px\" \/><\/div><div class=\"kadence-blocks-gallery-item__caption\">El sol surt a Tol\u00f3&#8230; el 2025!<\/div><\/div><\/figure><\/div><\/li><li class=\"kadence-blocks-gallery-item\"><div class=\"kadence-blocks-gallery-item-inner\"><figure class=\"kb-gallery-figure kadence-blocks-gallery-item-has-caption\"><div class=\"kb-gal-image-radius\"><div class=\"kb-gallery-image-contain kadence-blocks-gallery-intrinsic kb-gallery-image-ratio-land32 kb-has-image-ratio-land32\" ><img loading=\"lazy\" decoding=\"async\" src=\"https:\/\/loceldetolo.cat\/wp-content\/uploads\/cap-dany-1024x768.jpg\" width=\"1024\" height=\"768\" alt=\"\" data-full-image=\"https:\/\/loceldetolo.cat\/wp-content\/uploads\/cap-dany.jpg\" data-light-image=\"https:\/\/loceldetolo.cat\/wp-content\/uploads\/cap-dany.jpg\" data-id=\"393\" class=\"wp-image-393\" srcset=\"https:\/\/loceldetolo.cat\/wp-content\/uploads\/cap-dany-1024x768.jpg 1024w, https:\/\/loceldetolo.cat\/wp-content\/uploads\/cap-dany-300x225.jpg 300w, https:\/\/loceldetolo.cat\/wp-content\/uploads\/cap-dany-768x576.jpg 768w, https:\/\/loceldetolo.cat\/wp-content\/uploads\/cap-dany-1536x1152.jpg 1536w, https:\/\/loceldetolo.cat\/wp-content\/uploads\/cap-dany.jpg 1980w\" sizes=\"auto, (max-width: 1024px) 100vw, 1024px\" \/><\/div><div class=\"kadence-blocks-gallery-item__caption\">Taula de Cap d&rsquo;Any<\/div><\/div><\/figure><\/div><\/li><li class=\"kadence-blocks-gallery-item\"><div class=\"kadence-blocks-gallery-item-inner\"><figure class=\"kb-gallery-figure kadence-blocks-gallery-item-has-caption\"><div class=\"kb-gal-image-radius\"><div class=\"kb-gallery-image-contain kadence-blocks-gallery-intrinsic kb-gallery-image-ratio-land32 kb-has-image-ratio-land32\" ><img loading=\"lazy\" decoding=\"async\" src=\"https:\/\/loceldetolo.cat\/wp-content\/uploads\/bon-any-576x1024.jpg\" width=\"576\" height=\"1024\" alt=\"\" data-full-image=\"https:\/\/loceldetolo.cat\/wp-content\/uploads\/bon-any.jpg\" data-light-image=\"https:\/\/loceldetolo.cat\/wp-content\/uploads\/bon-any.jpg\" data-id=\"392\" class=\"wp-image-392\" srcset=\"https:\/\/loceldetolo.cat\/wp-content\/uploads\/bon-any-576x1024.jpg 576w, https:\/\/loceldetolo.cat\/wp-content\/uploads\/bon-any-169x300.jpg 169w, https:\/\/loceldetolo.cat\/wp-content\/uploads\/bon-any.jpg 608w\" sizes=\"auto, (max-width: 576px) 100vw, 576px\" \/><\/div><div class=\"kadence-blocks-gallery-item__caption\">Bon any nou!<\/div><\/div><\/figure><\/div><\/li><li class=\"kadence-blocks-gallery-item\"><div class=\"kadence-blocks-gallery-item-inner\"><figure class=\"kb-gallery-figure kadence-blocks-gallery-item-has-caption\"><div class=\"kb-gal-image-radius\"><div class=\"kb-gallery-image-contain kadence-blocks-gallery-intrinsic kb-gallery-image-ratio-land32 kb-has-image-ratio-land32\" ><img loading=\"lazy\" decoding=\"async\" src=\"https:\/\/loceldetolo.cat\/wp-content\/uploads\/Coca-cruixent-1-1020x1024.jpg\" width=\"1020\" height=\"1024\" alt=\"\" data-full-image=\"https:\/\/loceldetolo.cat\/wp-content\/uploads\/Coca-cruixent-1.jpg\" data-light-image=\"https:\/\/loceldetolo.cat\/wp-content\/uploads\/Coca-cruixent-1.jpg\" data-id=\"394\" class=\"wp-image-394\" srcset=\"https:\/\/loceldetolo.cat\/wp-content\/uploads\/Coca-cruixent-1-1020x1024.jpg 1020w, https:\/\/loceldetolo.cat\/wp-content\/uploads\/Coca-cruixent-1-300x300.jpg 300w, https:\/\/loceldetolo.cat\/wp-content\/uploads\/Coca-cruixent-1-150x150.jpg 150w, https:\/\/loceldetolo.cat\/wp-content\/uploads\/Coca-cruixent-1-768x771.jpg 768w, https:\/\/loceldetolo.cat\/wp-content\/uploads\/Coca-cruixent-1-1531x1536.jpg 1531w, https:\/\/loceldetolo.cat\/wp-content\/uploads\/Coca-cruixent-1.jpg 1980w\" sizes=\"auto, (max-width: 1020px) 100vw, 1020px\" \/><\/div><div class=\"kadence-blocks-gallery-item__caption\">Disfruta del nostre menjar<\/div><\/div><\/figure><\/div><\/li><li class=\"kadence-blocks-gallery-item\"><div class=\"kadence-blocks-gallery-item-inner\"><figure class=\"kb-gallery-figure kadence-blocks-gallery-item-has-caption\"><div class=\"kb-gal-image-radius\"><div class=\"kb-gallery-image-contain kadence-blocks-gallery-intrinsic kb-gallery-image-ratio-land32 kb-has-image-ratio-land32\" ><img loading=\"lazy\" decoding=\"async\" src=\"https:\/\/loceldetolo.cat\/wp-content\/uploads\/habitacio-1024x683.jpg\" width=\"1024\" height=\"683\" alt=\"\" data-full-image=\"https:\/\/loceldetolo.cat\/wp-content\/uploads\/habitacio.jpg\" data-light-image=\"https:\/\/loceldetolo.cat\/wp-content\/uploads\/habitacio.jpg\" data-id=\"395\" class=\"wp-image-395\" srcset=\"https:\/\/loceldetolo.cat\/wp-content\/uploads\/habitacio-1024x683.jpg 1024w, https:\/\/loceldetolo.cat\/wp-content\/uploads\/habitacio-300x200.jpg 300w, https:\/\/loceldetolo.cat\/wp-content\/uploads\/habitacio-768x512.jpg 768w, https:\/\/loceldetolo.cat\/wp-content\/uploads\/habitacio-1536x1024.jpg 1536w, https:\/\/loceldetolo.cat\/wp-content\/uploads\/habitacio.jpg 1620w\" sizes=\"auto, (max-width: 1024px) 100vw, 1024px\" \/><\/div><div class=\"kadence-blocks-gallery-item__caption\">Descansa amb silenci<\/div><\/div><\/figure><\/div><\/li><li class=\"kadence-blocks-gallery-item\"><div class=\"kadence-blocks-gallery-item-inner\"><figure class=\"kb-gallery-figure kadence-blocks-gallery-item-has-caption\"><div class=\"kb-gal-image-radius\"><div class=\"kb-gallery-image-contain kadence-blocks-gallery-intrinsic kb-gallery-image-ratio-land32 kb-has-image-ratio-land32\" ><img loading=\"lazy\" decoding=\"async\" src=\"https:\/\/loceldetolo.cat\/wp-content\/uploads\/menjar-al-foc-1024x768.jpg\" width=\"1024\" height=\"768\" alt=\"\" data-full-image=\"https:\/\/loceldetolo.cat\/wp-content\/uploads\/menjar-al-foc.jpg\" data-light-image=\"https:\/\/loceldetolo.cat\/wp-content\/uploads\/menjar-al-foc.jpg\" data-id=\"396\" class=\"wp-image-396\" srcset=\"https:\/\/loceldetolo.cat\/wp-content\/uploads\/menjar-al-foc-1024x768.jpg 1024w, https:\/\/loceldetolo.cat\/wp-content\/uploads\/menjar-al-foc-300x225.jpg 300w, https:\/\/loceldetolo.cat\/wp-content\/uploads\/menjar-al-foc-768x576.jpg 768w, https:\/\/loceldetolo.cat\/wp-content\/uploads\/menjar-al-foc-1536x1152.jpg 1536w, https:\/\/loceldetolo.cat\/wp-content\/uploads\/menjar-al-foc.jpg 1980w\" sizes=\"auto, (max-width: 1024px) 100vw, 1024px\" \/><\/div><div class=\"kadence-blocks-gallery-item__caption\">Menjar org\u00e0nic<\/div><\/div><\/figure><\/div><\/li><\/ul><\/div><\/div><\/div>\n\n\n<style>.kadence-column59_062470-fd > .kt-inside-inner-col,.kadence-column59_062470-fd > .kt-inside-inner-col:before{border-top-left-radius:0px;border-top-right-radius:0px;border-bottom-right-radius:0px;border-bottom-left-radius:0px;}.kadence-column59_062470-fd > .kt-inside-inner-col{column-gap:var(--global-kb-gap-sm, 1rem);}.kadence-column59_062470-fd > .kt-inside-inner-col{flex-direction:column;}.kadence-column59_062470-fd > .kt-inside-inner-col > .aligncenter{width:100%;}.kadence-column59_062470-fd > .kt-inside-inner-col:before{opacity:0.3;}.kadence-column59_062470-fd{position:relative;}@media all and (max-width: 1024px){.kadence-column59_062470-fd > .kt-inside-inner-col{flex-direction:column;justify-content:center;}}@media all and (max-width: 767px){.kadence-column59_062470-fd > .kt-inside-inner-col{flex-direction:column;justify-content:center;}}<\/style>\n<div class=\"wp-block-kadence-column kadence-column59_062470-fd\"><div class=\"kt-inside-inner-col\"><\/div><\/div>\n\n<\/div><\/div>","protected":false},"excerpt":{"rendered":"<p>Si el que vols \u00e9s entrar l\u2019any nou en un entorn de natura i d&rsquo;una forma tranquil\u00b7la, vine a Lo cel de Tol\u00f3. Tant si sou un petit grup com parella et proposem una estada m\u00ednima de 2 nits, a mitja pensi\u00f3, incloent-hi la nit de Cap d&rsquo;Any a on podr\u00e0s degustar un sopar molt&#8230;<\/p>\n","protected":false},"author":1,"featured_media":0,"parent":0,"menu_order":0,"comment_status":"closed","ping_status":"closed","template":"","meta":{"_kad_post_transparent":"","_kad_post_title":"","_kad_post_layout":"","_kad_post_sidebar_id":"","_kad_post_content_style":"","_kad_post_vertical_padding":"","_kad_post_feature":"","_kad_post_feature_position":"","_kad_post_header":false,"_kad_post_footer":false,"_kad_post_classname":"","footnotes":""},"class_list":["post-5956","page","type-page","status-publish","hentry"],"yoast_head":"<!-- This site is optimized with the Yoast SEO plugin v27.3 - https:\/\/yoast.com\/product\/yoast-seo-wordpress\/ -->\n<title>Cap d&#039;any a Lo Cel de Tol\u00f3 - Lo Cel de Tol\u00f3<\/title>\n<meta name=\"description\" content=\"Si busques un lloc tranquil per passar el cap d&#039;any, Lo Cel de Tol\u00f3 es el teu lloc. Pack de dues nits per gaudir la nova entrada d&#039;any.\" \/>\n<meta name=\"robots\" content=\"index, follow, max-snippet:-1, max-image-preview:large, max-video-preview:-1\" \/>\n<link rel=\"canonical\" href=\"https:\/\/loceldetolo.cat\/fr\/capdany\/\" \/>\n<meta property=\"og:locale\" content=\"fr_FR\" \/>\n<meta property=\"og:type\" content=\"article\" \/>\n<meta property=\"og:title\" content=\"Cap d&#039;any a Lo Cel de Tol\u00f3 - Lo Cel de Tol\u00f3\" \/>\n<meta property=\"og:description\" content=\"Si busques un lloc tranquil per passar el cap d&#039;any, Lo Cel de Tol\u00f3 es el teu lloc. Pack de dues nits per gaudir la nova entrada d&#039;any.\" \/>\n<meta property=\"og:url\" content=\"https:\/\/loceldetolo.cat\/fr\/capdany\/\" \/>\n<meta property=\"og:site_name\" content=\"Lo Cel de Tol\u00f3\" \/>\n<meta property=\"article:publisher\" content=\"https:\/\/www.facebook.com\/loceldetolo\" \/>\n<meta property=\"article:modified_time\" content=\"2025-12-27T16:56:17+00:00\" \/>\n<meta name=\"twitter:card\" content=\"summary_large_image\" \/>\n<meta name=\"twitter:label1\" content=\"Dur\u00e9e de lecture estim\u00e9e\" \/>\n\t<meta name=\"twitter:data1\" content=\"1 minute\" \/>\n<script type=\"application\/ld+json\" class=\"yoast-schema-graph\">{\"@context\":\"https:\\\/\\\/schema.org\",\"@graph\":[{\"@type\":\"WebPage\",\"@id\":\"https:\\\/\\\/loceldetolo.cat\\\/fr\\\/capdany\\\/\",\"url\":\"https:\\\/\\\/loceldetolo.cat\\\/fr\\\/capdany\\\/\",\"name\":\"Cap d'any a Lo Cel de Tol\u00f3 - Lo Cel de Tol\u00f3\",\"isPartOf\":{\"@id\":\"https:\\\/\\\/loceldetolo.cat\\\/#website\"},\"datePublished\":\"2024-12-27T10:40:41+00:00\",\"dateModified\":\"2025-12-27T16:56:17+00:00\",\"description\":\"Si busques un lloc tranquil per passar el cap d'any, Lo Cel de Tol\u00f3 es el teu lloc. Pack de dues nits per gaudir la nova entrada d'any.\",\"breadcrumb\":{\"@id\":\"https:\\\/\\\/loceldetolo.cat\\\/fr\\\/capdany\\\/#breadcrumb\"},\"inLanguage\":\"fr-FR\",\"potentialAction\":[{\"@type\":\"ReadAction\",\"target\":[\"https:\\\/\\\/loceldetolo.cat\\\/fr\\\/capdany\\\/\"]}]},{\"@type\":\"BreadcrumbList\",\"@id\":\"https:\\\/\\\/loceldetolo.cat\\\/fr\\\/capdany\\\/#breadcrumb\",\"itemListElement\":[{\"@type\":\"ListItem\",\"position\":1,\"name\":\"Inici\",\"item\":\"https:\\\/\\\/loceldetolo.cat\\\/fr\\\/\"},{\"@type\":\"ListItem\",\"position\":2,\"name\":\"Cap d&#8217;any a Lo Cel de Tol\u00f3\"}]},{\"@type\":\"WebSite\",\"@id\":\"https:\\\/\\\/loceldetolo.cat\\\/#website\",\"url\":\"https:\\\/\\\/loceldetolo.cat\\\/\",\"name\":\"Lo Cel de Tol\u00f3\",\"description\":\"Allotjament rural sostenible\",\"publisher\":{\"@id\":\"https:\\\/\\\/loceldetolo.cat\\\/#organization\"},\"potentialAction\":[{\"@type\":\"SearchAction\",\"target\":{\"@type\":\"EntryPoint\",\"urlTemplate\":\"https:\\\/\\\/loceldetolo.cat\\\/?s={search_term_string}\"},\"query-input\":{\"@type\":\"PropertyValueSpecification\",\"valueRequired\":true,\"valueName\":\"search_term_string\"}}],\"inLanguage\":\"fr-FR\"},{\"@type\":\"Organization\",\"@id\":\"https:\\\/\\\/loceldetolo.cat\\\/#organization\",\"name\":\"LO CEL DE TOLO\",\"url\":\"https:\\\/\\\/loceldetolo.cat\\\/\",\"logo\":{\"@type\":\"ImageObject\",\"inLanguage\":\"fr-FR\",\"@id\":\"https:\\\/\\\/loceldetolo.cat\\\/#\\\/schema\\\/logo\\\/image\\\/\",\"url\":\"https:\\\/\\\/loceldetolo.cat\\\/wp-content\\\/uploads\\\/logo-in-black.webp\",\"contentUrl\":\"https:\\\/\\\/loceldetolo.cat\\\/wp-content\\\/uploads\\\/logo-in-black.webp\",\"width\":742,\"height\":213,\"caption\":\"LO CEL DE TOLO\"},\"image\":{\"@id\":\"https:\\\/\\\/loceldetolo.cat\\\/#\\\/schema\\\/logo\\\/image\\\/\"},\"sameAs\":[\"https:\\\/\\\/www.facebook.com\\\/loceldetolo\",\"https:\\\/\\\/www.instagram.com\\\/loceldetolo\\\/\"]}]}<\/script>\n<!-- \/ Yoast SEO plugin. -->","yoast_head_json":{"title":"Cap d'any a Lo Cel de Tol\u00f3 - Lo Cel de Tol\u00f3","description":"Si busques un lloc tranquil per passar el cap d'any, Lo Cel de Tol\u00f3 es el teu lloc. Pack de dues nits per gaudir la nova entrada d'any.","robots":{"index":"index","follow":"follow","max-snippet":"max-snippet:-1","max-image-preview":"max-image-preview:large","max-video-preview":"max-video-preview:-1"},"canonical":"https:\/\/loceldetolo.cat\/fr\/capdany\/","og_locale":"fr_FR","og_type":"article","og_title":"Cap d'any a Lo Cel de Tol\u00f3 - Lo Cel de Tol\u00f3","og_description":"Si busques un lloc tranquil per passar el cap d'any, Lo Cel de Tol\u00f3 es el teu lloc. Pack de dues nits per gaudir la nova entrada d'any.","og_url":"https:\/\/loceldetolo.cat\/fr\/capdany\/","og_site_name":"Lo Cel de Tol\u00f3","article_publisher":"https:\/\/www.facebook.com\/loceldetolo","article_modified_time":"2025-12-27T16:56:17+00:00","twitter_card":"summary_large_image","twitter_misc":{"Dur\u00e9e de lecture estim\u00e9e":"1 minute"},"schema":{"@context":"https:\/\/schema.org","@graph":[{"@type":"WebPage","@id":"https:\/\/loceldetolo.cat\/fr\/capdany\/","url":"https:\/\/loceldetolo.cat\/fr\/capdany\/","name":"Cap d'any a Lo Cel de Tol\u00f3 - Lo Cel de Tol\u00f3","isPartOf":{"@id":"https:\/\/loceldetolo.cat\/#website"},"datePublished":"2024-12-27T10:40:41+00:00","dateModified":"2025-12-27T16:56:17+00:00","description":"Si busques un lloc tranquil per passar el cap d'any, Lo Cel de Tol\u00f3 es el teu lloc. Pack de dues nits per gaudir la nova entrada d'any.","breadcrumb":{"@id":"https:\/\/loceldetolo.cat\/fr\/capdany\/#breadcrumb"},"inLanguage":"fr-FR","potentialAction":[{"@type":"ReadAction","target":["https:\/\/loceldetolo.cat\/fr\/capdany\/"]}]},{"@type":"BreadcrumbList","@id":"https:\/\/loceldetolo.cat\/fr\/capdany\/#breadcrumb","itemListElement":[{"@type":"ListItem","position":1,"name":"Inici","item":"https:\/\/loceldetolo.cat\/fr\/"},{"@type":"ListItem","position":2,"name":"Cap d&#8217;any a Lo Cel de Tol\u00f3"}]},{"@type":"WebSite","@id":"https:\/\/loceldetolo.cat\/#website","url":"https:\/\/loceldetolo.cat\/","name":"Lo Cel de Tol\u00f3","description":"Allotjament rural sostenible","publisher":{"@id":"https:\/\/loceldetolo.cat\/#organization"},"potentialAction":[{"@type":"SearchAction","target":{"@type":"EntryPoint","urlTemplate":"https:\/\/loceldetolo.cat\/?s={search_term_string}"},"query-input":{"@type":"PropertyValueSpecification","valueRequired":true,"valueName":"search_term_string"}}],"inLanguage":"fr-FR"},{"@type":"Organization","@id":"https:\/\/loceldetolo.cat\/#organization","name":"LO CEL DE TOLO","url":"https:\/\/loceldetolo.cat\/","logo":{"@type":"ImageObject","inLanguage":"fr-FR","@id":"https:\/\/loceldetolo.cat\/#\/schema\/logo\/image\/","url":"https:\/\/loceldetolo.cat\/wp-content\/uploads\/logo-in-black.webp","contentUrl":"https:\/\/loceldetolo.cat\/wp-content\/uploads\/logo-in-black.webp","width":742,"height":213,"caption":"LO CEL DE TOLO"},"image":{"@id":"https:\/\/loceldetolo.cat\/#\/schema\/logo\/image\/"},"sameAs":["https:\/\/www.facebook.com\/loceldetolo","https:\/\/www.instagram.com\/loceldetolo\/"]}]}},"_links":{"self":[{"href":"https:\/\/loceldetolo.cat\/fr\/wp-json\/wp\/v2\/pages\/5956","targetHints":{"allow":["GET"]}}],"collection":[{"href":"https:\/\/loceldetolo.cat\/fr\/wp-json\/wp\/v2\/pages"}],"about":[{"href":"https:\/\/loceldetolo.cat\/fr\/wp-json\/wp\/v2\/types\/page"}],"author":[{"embeddable":true,"href":"https:\/\/loceldetolo.cat\/fr\/wp-json\/wp\/v2\/users\/1"}],"replies":[{"embeddable":true,"href":"https:\/\/loceldetolo.cat\/fr\/wp-json\/wp\/v2\/comments?post=5956"}],"version-history":[{"count":5,"href":"https:\/\/loceldetolo.cat\/fr\/wp-json\/wp\/v2\/pages\/5956\/revisions"}],"predecessor-version":[{"id":7804,"href":"https:\/\/loceldetolo.cat\/fr\/wp-json\/wp\/v2\/pages\/5956\/revisions\/7804"}],"wp:attachment":[{"href":"https:\/\/loceldetolo.cat\/fr\/wp-json\/wp\/v2\/media?parent=5956"}],"curies":[{"name":"wp","href":"https:\/\/api.w.org\/{rel}","templated":true}]}}