{"id":7045,"date":"2025-01-23T13:30:27","date_gmt":"2025-01-23T12:30:27","guid":{"rendered":"https:\/\/loceldetolo.cat\/tallers\/"},"modified":"2025-01-29T12:59:53","modified_gmt":"2025-01-29T11:59:53","slug":"tallers","status":"publish","type":"page","link":"https:\/\/loceldetolo.cat\/es\/tallers\/","title":{"rendered":"Talleres y experiencias"},"content":{"rendered":"<style>.kb-row-layout-id7045_5a0206-d9 > .kt-row-column-wrap{align-content:center;}:where(.kb-row-layout-id7045_5a0206-d9 > .kt-row-column-wrap) > .wp-block-kadence-column{justify-content:center;}.kb-row-layout-id7045_5a0206-d9 > .kt-row-column-wrap{column-gap:var(--global-kb-gap-lg, 4rem);row-gap:var(--global-kb-gap-lg, 4rem);max-width:var( --global-content-width, 1290px );padding-left:var(--global-content-edge-padding);padding-right:var(--global-content-edge-padding);padding-bottom:var(--global-kb-spacing-xl, 4rem);grid-template-columns:repeat(2, minmax(0, 1fr));}.kb-row-layout-id7045_5a0206-d9 > .kt-row-layout-overlay{opacity:0.30;}@media all and (max-width: 1024px){.kb-row-layout-id7045_5a0206-d9 > .kt-row-column-wrap{grid-template-columns:repeat(2, minmax(0, 1fr));}}@media all and (max-width: 767px){.kb-row-layout-id7045_5a0206-d9 > .kt-row-column-wrap{grid-template-columns:minmax(0, 1fr);}}<\/style><div class=\"kb-row-layout-wrap kb-row-layout-id7045_5a0206-d9 alignfull wp-block-kadence-rowlayout\"><div class=\"kt-row-column-wrap kt-has-2-columns kt-row-layout-equal kt-tab-layout-inherit kt-mobile-layout-row kt-row-valign-middle kb-theme-content-width\">\n<style>.kadence-column7045_4a905c-40 > .kt-inside-inner-col,.kadence-column7045_4a905c-40 > .kt-inside-inner-col:before{border-top-left-radius:0px;border-top-right-radius:0px;border-bottom-right-radius:0px;border-bottom-left-radius:0px;}.kadence-column7045_4a905c-40 > .kt-inside-inner-col{column-gap:var(--global-kb-gap-sm, 1rem);}.kadence-column7045_4a905c-40 > .kt-inside-inner-col{flex-direction:column;}.kadence-column7045_4a905c-40 > .kt-inside-inner-col > .aligncenter{width:100%;}.kadence-column7045_4a905c-40 > .kt-inside-inner-col:before{opacity:0.3;}.kadence-column7045_4a905c-40{position:relative;}@media all and (max-width: 1024px){.kadence-column7045_4a905c-40 > .kt-inside-inner-col{flex-direction:column;justify-content:center;}}@media all and (max-width: 767px){.kadence-column7045_4a905c-40 > .kt-inside-inner-col{flex-direction:column;justify-content:center;}}<\/style>\n<div class=\"wp-block-kadence-column kadence-column7045_4a905c-40\"><div class=\"kt-inside-inner-col\">\n<p><strong>Lo Cel de Tol\u00f3 <\/strong>es el lugar ideal para realizar talleres, experiencias y actividades mientras disfrutas de un entorno natural.<\/p>\n\n\n\n<p>Aqu\u00ed encontrar\u00e1s un calendario con todos los talleres y actividades que te ofreceremos a lo largo del 2025.<\/p>\n\n\n\n<p>Haz clic para obtener m\u00e1s informaci\u00f3n sobre el programa, la organizaci\u00f3n y el precio.<\/p>\n\n\n<style>.wp-block-kadence-advancedheading.kt-adv-heading7045_b810a6-76, .wp-block-kadence-advancedheading.kt-adv-heading7045_b810a6-76[data-kb-block=\"kb-adv-heading7045_b810a6-76\"]{font-style:normal;}.wp-block-kadence-advancedheading.kt-adv-heading7045_b810a6-76 mark.kt-highlight, .wp-block-kadence-advancedheading.kt-adv-heading7045_b810a6-76[data-kb-block=\"kb-adv-heading7045_b810a6-76\"] mark.kt-highlight{font-style:normal;color:#f76a0c;-webkit-box-decoration-break:clone;box-decoration-break:clone;padding-top:0px;padding-right:0px;padding-bottom:0px;padding-left:0px;}.wp-block-kadence-advancedheading.kt-adv-heading7045_b810a6-76 img.kb-inline-image, .wp-block-kadence-advancedheading.kt-adv-heading7045_b810a6-76[data-kb-block=\"kb-adv-heading7045_b810a6-76\"] img.kb-inline-image{width:150px;vertical-align:baseline;}<\/style>\n<h2 class=\"kt-adv-heading7045_b810a6-76 wp-block-kadence-advancedheading\" data-kb-block=\"kb-adv-heading7045_b810a6-76\">Calendario de Talleres<\/h2>\n\n\n\n<p><\/p>\n\n\n\n<ul class=\"wp-block-list\">\n<li><a href=\"https:\/\/loceldetolo.cat\/taller-lo-cel-sostenible\/\">18-19 de Gener de 2025   Taller Lo Cel de Tolo sostenible<\/a><\/li>\n\n\n\n<li><a href=\"https:\/\/loceldetolo.cat\/taller-de-fermentats\/\" target=\"_blank\" rel=\"noreferrer noopener\">8-9 de Febrer de 2025  Taller de fermentats<\/a><\/li>\n<\/ul>\n\n\n<style>.wp-block-kadence-advancedheading.kt-adv-heading7045_0827cc-27, .wp-block-kadence-advancedheading.kt-adv-heading7045_0827cc-27[data-kb-block=\"kb-adv-heading7045_0827cc-27\"]{text-align:left;font-style:normal;font-family:var( --global-heading-font-family, inherit );}.wp-block-kadence-advancedheading.kt-adv-heading7045_0827cc-27 mark.kt-highlight, .wp-block-kadence-advancedheading.kt-adv-heading7045_0827cc-27[data-kb-block=\"kb-adv-heading7045_0827cc-27\"] mark.kt-highlight{font-style:normal;color:#f76a0c;-webkit-box-decoration-break:clone;box-decoration-break:clone;padding-top:0px;padding-right:0px;padding-bottom:0px;padding-left:0px;}.wp-block-kadence-advancedheading.kt-adv-heading7045_0827cc-27 img.kb-inline-image, .wp-block-kadence-advancedheading.kt-adv-heading7045_0827cc-27[data-kb-block=\"kb-adv-heading7045_0827cc-27\"] img.kb-inline-image{width:150px;vertical-align:baseline;}<\/style>\n<p class=\"kt-adv-heading7045_0827cc-27 wp-block-kadence-advancedheading\" data-kb-block=\"kb-adv-heading7045_0827cc-27\"><strong>\u00a1Esperamos que te interese venir a nuestra casa a disfrutar!<\/strong><\/p>\n<\/div><\/div>\n\n\n<style>.kadence-column7045_4c944e-e0 > .kt-inside-inner-col{display:flex;}.kadence-column7045_4c944e-e0 > .kt-inside-inner-col,.kadence-column7045_4c944e-e0 > .kt-inside-inner-col:before{border-top-left-radius:0px;border-top-right-radius:0px;border-bottom-right-radius:0px;border-bottom-left-radius:0px;}.kadence-column7045_4c944e-e0 > .kt-inside-inner-col{column-gap:var(--global-kb-gap-sm, 1rem);}.kadence-column7045_4c944e-e0 > .kt-inside-inner-col{flex-direction:column;justify-content:center;}.kadence-column7045_4c944e-e0 > .kt-inside-inner-col > .aligncenter{width:100%;}.kt-row-column-wrap > .kadence-column7045_4c944e-e0{align-self:center;}.kt-inner-column-height-full:not(.kt-has-1-columns) > .wp-block-kadence-column.kadence-column7045_4c944e-e0{align-self:auto;}.kt-inner-column-height-full:not(.kt-has-1-columns) > .wp-block-kadence-column.kadence-column7045_4c944e-e0 > .kt-inside-inner-col{flex-direction:column;justify-content:center;}.kadence-column7045_4c944e-e0 > .kt-inside-inner-col:before{opacity:0.3;}.kadence-column7045_4c944e-e0{position:relative;}@media all and (max-width: 1024px){.kt-row-column-wrap > .kadence-column7045_4c944e-e0{align-self:center;}}@media all and (max-width: 1024px){.kt-inner-column-height-full:not(.kt-has-1-columns) > .wp-block-kadence-column.kadence-column7045_4c944e-e0{align-self:auto;}}@media all and (max-width: 1024px){.kt-inner-column-height-full:not(.kt-has-1-columns) > .wp-block-kadence-column.kadence-column7045_4c944e-e0 > .kt-inside-inner-col{flex-direction:column;justify-content:center;}}@media all and (max-width: 1024px){.kadence-column7045_4c944e-e0 > .kt-inside-inner-col{flex-direction:column;justify-content:center;}}@media all and (max-width: 767px){.kt-row-column-wrap > .kadence-column7045_4c944e-e0{align-self:center;}.kt-inner-column-height-full:not(.kt-has-1-columns) > .wp-block-kadence-column.kadence-column7045_4c944e-e0{align-self:auto;}.kt-inner-column-height-full:not(.kt-has-1-columns) > .wp-block-kadence-column.kadence-column7045_4c944e-e0 > .kt-inside-inner-col{flex-direction:column;justify-content:center;}.kadence-column7045_4c944e-e0 > .kt-inside-inner-col{flex-direction:column;justify-content:center;}}<\/style>\n<div class=\"wp-block-kadence-column kadence-column7045_4c944e-e0\"><div class=\"kt-inside-inner-col\"><style>.kb-image7045_229513-57 .kb-image-has-overlay:after{opacity:0.3;}<\/style>\n<figure class=\"wp-block-kadence-image kb-image7045_229513-57 size-large\"><img loading=\"lazy\" decoding=\"async\" width=\"1024\" height=\"768\" src=\"https:\/\/loceldetolo.cat\/wp-content\/uploads\/castell-de-tolo-1-1024x768.jpg\" alt=\"\" class=\"kb-img wp-image-249\" srcset=\"https:\/\/loceldetolo.cat\/wp-content\/uploads\/castell-de-tolo-1-1024x768.jpg 1024w, https:\/\/loceldetolo.cat\/wp-content\/uploads\/castell-de-tolo-1-300x225.jpg 300w, https:\/\/loceldetolo.cat\/wp-content\/uploads\/castell-de-tolo-1-768x576.jpg 768w, https:\/\/loceldetolo.cat\/wp-content\/uploads\/castell-de-tolo-1.jpg 1440w\" sizes=\"auto, (max-width: 1024px) 100vw, 1024px\" \/><\/figure>\n<\/div><\/div>\n\n<\/div><\/div>\n\n<style>.kb-row-layout-id7045_29e303-9c > .kt-row-column-wrap{align-content:start;}:where(.kb-row-layout-id7045_29e303-9c > .kt-row-column-wrap) > .wp-block-kadence-column{justify-content:start;}.kb-row-layout-id7045_29e303-9c > .kt-row-column-wrap{column-gap:var(--global-kb-gap-md, 2rem);row-gap:var(--global-kb-gap-md, 2rem);max-width:var( --global-content-width, 1290px );padding-left:var(--global-content-edge-padding);padding-right:var(--global-content-edge-padding);padding-top:var(--global-kb-spacing-5xl, 10rem);padding-bottom:var(--global-kb-spacing-5xl, 10rem);grid-template-columns:minmax(0, 1fr);}.kb-row-layout-id7045_29e303-9c{background-image:url('https:\/\/loceldetolo.cat\/wp-content\/uploads\/serra-del-cucut-vistes.webp');background-size:cover;background-position:center center;background-attachment:scroll;background-repeat:no-repeat;}.kb-row-layout-id7045_29e303-9c > .kt-row-layout-overlay{opacity:0.30;}@media all and (max-width: 1024px){.kb-row-layout-id7045_29e303-9c > .kt-row-column-wrap{grid-template-columns:minmax(0, 1fr);}}@media all and (max-width: 767px){.kb-row-layout-id7045_29e303-9c > .kt-row-column-wrap{grid-template-columns:minmax(0, 1fr);}}<\/style><div class=\"kb-row-layout-wrap kb-row-layout-id7045_29e303-9c alignfull kt-row-has-bg wp-block-kadence-rowlayout\"><div class=\"kt-row-column-wrap kt-has-1-columns kt-row-layout-equal kt-tab-layout-inherit kt-mobile-layout-row kt-row-valign-top kb-theme-content-width\">\n<style>.kadence-column7045_215a9f-32 > .kt-inside-inner-col,.kadence-column7045_215a9f-32 > .kt-inside-inner-col:before{border-top-left-radius:0px;border-top-right-radius:0px;border-bottom-right-radius:0px;border-bottom-left-radius:0px;}.kadence-column7045_215a9f-32 > .kt-inside-inner-col{column-gap:var(--global-kb-gap-sm, 1rem);}.kadence-column7045_215a9f-32 > .kt-inside-inner-col{flex-direction:column;}.kadence-column7045_215a9f-32 > .kt-inside-inner-col > .aligncenter{width:100%;}.kadence-column7045_215a9f-32 > .kt-inside-inner-col:before{opacity:0.3;}.kadence-column7045_215a9f-32{position:relative;}@media all and (max-width: 1024px){.kadence-column7045_215a9f-32 > .kt-inside-inner-col{flex-direction:column;justify-content:center;}}@media all and (max-width: 767px){.kadence-column7045_215a9f-32 > .kt-inside-inner-col{flex-direction:column;justify-content:center;}}<\/style>\n<div class=\"wp-block-kadence-column kadence-column7045_215a9f-32\"><div class=\"kt-inside-inner-col\"><style>.wp-block-kadence-advancedheading.kt-adv-heading7045_1c7315-d0, .wp-block-kadence-advancedheading.kt-adv-heading7045_1c7315-d0[data-kb-block=\"kb-adv-heading7045_1c7315-d0\"]{text-align:center;font-style:normal;}.wp-block-kadence-advancedheading.kt-adv-heading7045_1c7315-d0 mark.kt-highlight, .wp-block-kadence-advancedheading.kt-adv-heading7045_1c7315-d0[data-kb-block=\"kb-adv-heading7045_1c7315-d0\"] mark.kt-highlight{font-style:normal;color:#f76a0c;-webkit-box-decoration-break:clone;box-decoration-break:clone;padding-top:0px;padding-right:0px;padding-bottom:0px;padding-left:0px;}.wp-block-kadence-advancedheading.kt-adv-heading7045_1c7315-d0 img.kb-inline-image, .wp-block-kadence-advancedheading.kt-adv-heading7045_1c7315-d0[data-kb-block=\"kb-adv-heading7045_1c7315-d0\"] img.kb-inline-image{width:150px;vertical-align:baseline;}<\/style>\n<h2 class=\"kt-adv-heading7045_1c7315-d0 wp-block-kadence-advancedheading has-theme-palette-9-color has-text-color\" data-kb-block=\"kb-adv-heading7045_1c7315-d0\">Ven a hacer talleres a lo cel de tol\u00f3!<\/h2>\n\n\n\n<p class=\"has-text-align-center has-theme-palette-9-color has-text-color has-link-color wp-elements-238ffe124316368ebdcdf4ce4cd353d9\">I si sous un  grupo y quereis  realitzar alguna alguna actividad o taller contad con nosotros!<\/p>\n\n\n<style>.wp-block-kadence-advancedbtn.kb-btns7045_a4d42b-93{gap:var(--global-kb-gap-xs, 0.5rem );justify-content:center;align-items:center;}.kt-btns7045_a4d42b-93 .kt-button{font-weight:normal;font-style:normal;}.kt-btns7045_a4d42b-93 .kt-btn-wrap-0{margin-right:5px;}.wp-block-kadence-advancedbtn.kt-btns7045_a4d42b-93 .kt-btn-wrap-0 .kt-button{color:#555555;border-color:#555555;}.wp-block-kadence-advancedbtn.kt-btns7045_a4d42b-93 .kt-btn-wrap-0 .kt-button:hover, .wp-block-kadence-advancedbtn.kt-btns7045_a4d42b-93 .kt-btn-wrap-0 .kt-button:focus{color:#ffffff;border-color:#444444;}.wp-block-kadence-advancedbtn.kt-btns7045_a4d42b-93 .kt-btn-wrap-0 .kt-button::before{display:none;}.wp-block-kadence-advancedbtn.kt-btns7045_a4d42b-93 .kt-btn-wrap-0 .kt-button:hover, .wp-block-kadence-advancedbtn.kt-btns7045_a4d42b-93 .kt-btn-wrap-0 .kt-button:focus{background:#444444;}<\/style>\n<div class=\"wp-block-kadence-advancedbtn kb-buttons-wrap kb-btns7045_a4d42b-93\"><style>ul.menu .wp-block-kadence-advancedbtn .kb-btn7045_282de0-90.kb-button{width:initial;}<\/style><a class=\"kb-button kt-button button kb-btn7045_282de0-90 kt-btn-size-standard kt-btn-width-type-auto kb-btn-global-fill  kt-btn-has-text-true kt-btn-has-svg-false  wp-block-kadence-singlebtn\" href=\"https:\/\/loceldetolo.cat\/reserves\/\"><span class=\"kt-btn-inner-text\">Cont\u00e1ctanos<\/span><\/a><\/div>\n<\/div><\/div>\n\n<\/div><\/div>","protected":false},"excerpt":{"rendered":"<p>Lo Cel de Tol\u00f3 es el lugar ideal para realizar talleres, experiencias y actividades mientras disfrutas de un entorno natural. Aqu\u00ed encontrar\u00e1s un calendario con todos los talleres y actividades que te ofreceremos a lo largo del 2025. Haz clic para obtener m\u00e1s informaci\u00f3n sobre el programa, la organizaci\u00f3n y el precio. Calendario de Talleres&#8230;<\/p>\n","protected":false},"author":3,"featured_media":0,"parent":0,"menu_order":0,"comment_status":"closed","ping_status":"closed","template":"","meta":{"_kad_post_transparent":"","_kad_post_title":"","_kad_post_layout":"","_kad_post_sidebar_id":"","_kad_post_content_style":"","_kad_post_vertical_padding":"","_kad_post_feature":"","_kad_post_feature_position":"","_kad_post_header":false,"_kad_post_footer":false,"_kad_post_classname":"","footnotes":""},"class_list":["post-7045","page","type-page","status-publish","hentry"],"yoast_head":"<!-- This site is optimized with the Yoast SEO plugin v27.3 - https:\/\/yoast.com\/product\/yoast-seo-wordpress\/ -->\n<title>Talleres y experiencias - Lo Cel de Tol\u00f3<\/title>\n<meta name=\"robots\" content=\"index, follow, max-snippet:-1, max-image-preview:large, max-video-preview:-1\" \/>\n<link rel=\"canonical\" href=\"https:\/\/loceldetolo.cat\/es\/tallers\/\" \/>\n<meta property=\"og:locale\" content=\"es_ES\" \/>\n<meta property=\"og:type\" content=\"article\" \/>\n<meta property=\"og:title\" content=\"Talleres y experiencias - Lo Cel de Tol\u00f3\" \/>\n<meta property=\"og:description\" content=\"Lo Cel de Tol\u00f3 es el lugar ideal para realizar talleres, experiencias y actividades mientras disfrutas de un entorno natural. Aqu\u00ed encontrar\u00e1s un calendario con todos los talleres y actividades que te ofreceremos a lo largo del 2025. Haz clic para obtener m\u00e1s informaci\u00f3n sobre el programa, la organizaci\u00f3n y el precio. Calendario de Talleres...\" \/>\n<meta property=\"og:url\" content=\"https:\/\/loceldetolo.cat\/es\/tallers\/\" \/>\n<meta property=\"og:site_name\" content=\"Lo Cel de Tol\u00f3\" \/>\n<meta property=\"article:publisher\" content=\"https:\/\/www.facebook.com\/loceldetolo\" \/>\n<meta property=\"article:modified_time\" content=\"2025-01-29T11:59:53+00:00\" \/>\n<meta property=\"og:image\" content=\"https:\/\/loceldetolo.cat\/wp-content\/uploads\/castell-de-tolo-1.jpg\" \/>\n\t<meta property=\"og:image:width\" content=\"1440\" \/>\n\t<meta property=\"og:image:height\" content=\"1080\" \/>\n\t<meta property=\"og:image:type\" content=\"image\/jpeg\" \/>\n<meta name=\"twitter:card\" content=\"summary_large_image\" \/>\n<meta name=\"twitter:label1\" content=\"Tiempo de lectura\" \/>\n\t<meta name=\"twitter:data1\" content=\"1 minuto\" \/>\n<script type=\"application\/ld+json\" class=\"yoast-schema-graph\">{\"@context\":\"https:\\\/\\\/schema.org\",\"@graph\":[{\"@type\":\"WebPage\",\"@id\":\"https:\\\/\\\/loceldetolo.cat\\\/es\\\/tallers\\\/\",\"url\":\"https:\\\/\\\/loceldetolo.cat\\\/es\\\/tallers\\\/\",\"name\":\"Talleres y experiencias - Lo Cel de Tol\u00f3\",\"isPartOf\":{\"@id\":\"https:\\\/\\\/loceldetolo.cat\\\/#website\"},\"primaryImageOfPage\":{\"@id\":\"https:\\\/\\\/loceldetolo.cat\\\/es\\\/tallers\\\/#primaryimage\"},\"image\":{\"@id\":\"https:\\\/\\\/loceldetolo.cat\\\/es\\\/tallers\\\/#primaryimage\"},\"thumbnailUrl\":\"https:\\\/\\\/loceldetolo.cat\\\/wp-content\\\/uploads\\\/castell-de-tolo-1-1024x768.jpg\",\"datePublished\":\"2025-01-23T12:30:27+00:00\",\"dateModified\":\"2025-01-29T11:59:53+00:00\",\"breadcrumb\":{\"@id\":\"https:\\\/\\\/loceldetolo.cat\\\/es\\\/tallers\\\/#breadcrumb\"},\"inLanguage\":\"es\",\"potentialAction\":[{\"@type\":\"ReadAction\",\"target\":[\"https:\\\/\\\/loceldetolo.cat\\\/es\\\/tallers\\\/\"]}]},{\"@type\":\"ImageObject\",\"inLanguage\":\"es\",\"@id\":\"https:\\\/\\\/loceldetolo.cat\\\/es\\\/tallers\\\/#primaryimage\",\"url\":\"https:\\\/\\\/loceldetolo.cat\\\/wp-content\\\/uploads\\\/castell-de-tolo-1-1024x768.jpg\",\"contentUrl\":\"https:\\\/\\\/loceldetolo.cat\\\/wp-content\\\/uploads\\\/castell-de-tolo-1-1024x768.jpg\"},{\"@type\":\"BreadcrumbList\",\"@id\":\"https:\\\/\\\/loceldetolo.cat\\\/es\\\/tallers\\\/#breadcrumb\",\"itemListElement\":[{\"@type\":\"ListItem\",\"position\":1,\"name\":\"Inici\",\"item\":\"https:\\\/\\\/loceldetolo.cat\\\/es\\\/\"},{\"@type\":\"ListItem\",\"position\":2,\"name\":\"Talleres y experiencias\"}]},{\"@type\":\"WebSite\",\"@id\":\"https:\\\/\\\/loceldetolo.cat\\\/#website\",\"url\":\"https:\\\/\\\/loceldetolo.cat\\\/\",\"name\":\"Lo Cel de Tol\u00f3\",\"description\":\"Allotjament rural sostenible\",\"publisher\":{\"@id\":\"https:\\\/\\\/loceldetolo.cat\\\/#organization\"},\"potentialAction\":[{\"@type\":\"SearchAction\",\"target\":{\"@type\":\"EntryPoint\",\"urlTemplate\":\"https:\\\/\\\/loceldetolo.cat\\\/?s={search_term_string}\"},\"query-input\":{\"@type\":\"PropertyValueSpecification\",\"valueRequired\":true,\"valueName\":\"search_term_string\"}}],\"inLanguage\":\"es\"},{\"@type\":\"Organization\",\"@id\":\"https:\\\/\\\/loceldetolo.cat\\\/#organization\",\"name\":\"LO CEL DE TOLO\",\"url\":\"https:\\\/\\\/loceldetolo.cat\\\/\",\"logo\":{\"@type\":\"ImageObject\",\"inLanguage\":\"es\",\"@id\":\"https:\\\/\\\/loceldetolo.cat\\\/#\\\/schema\\\/logo\\\/image\\\/\",\"url\":\"https:\\\/\\\/loceldetolo.cat\\\/wp-content\\\/uploads\\\/logo-in-black.webp\",\"contentUrl\":\"https:\\\/\\\/loceldetolo.cat\\\/wp-content\\\/uploads\\\/logo-in-black.webp\",\"width\":742,\"height\":213,\"caption\":\"LO CEL DE TOLO\"},\"image\":{\"@id\":\"https:\\\/\\\/loceldetolo.cat\\\/#\\\/schema\\\/logo\\\/image\\\/\"},\"sameAs\":[\"https:\\\/\\\/www.facebook.com\\\/loceldetolo\",\"https:\\\/\\\/www.instagram.com\\\/loceldetolo\\\/\"]}]}<\/script>\n<!-- \/ Yoast SEO plugin. -->","yoast_head_json":{"title":"Talleres y experiencias - Lo Cel de Tol\u00f3","robots":{"index":"index","follow":"follow","max-snippet":"max-snippet:-1","max-image-preview":"max-image-preview:large","max-video-preview":"max-video-preview:-1"},"canonical":"https:\/\/loceldetolo.cat\/es\/tallers\/","og_locale":"es_ES","og_type":"article","og_title":"Talleres y experiencias - Lo Cel de Tol\u00f3","og_description":"Lo Cel de Tol\u00f3 es el lugar ideal para realizar talleres, experiencias y actividades mientras disfrutas de un entorno natural. Aqu\u00ed encontrar\u00e1s un calendario con todos los talleres y actividades que te ofreceremos a lo largo del 2025. Haz clic para obtener m\u00e1s informaci\u00f3n sobre el programa, la organizaci\u00f3n y el precio. Calendario de Talleres...","og_url":"https:\/\/loceldetolo.cat\/es\/tallers\/","og_site_name":"Lo Cel de Tol\u00f3","article_publisher":"https:\/\/www.facebook.com\/loceldetolo","article_modified_time":"2025-01-29T11:59:53+00:00","og_image":[{"width":1440,"height":1080,"url":"https:\/\/loceldetolo.cat\/wp-content\/uploads\/castell-de-tolo-1.jpg","type":"image\/jpeg"}],"twitter_card":"summary_large_image","twitter_misc":{"Tiempo de lectura":"1 minuto"},"schema":{"@context":"https:\/\/schema.org","@graph":[{"@type":"WebPage","@id":"https:\/\/loceldetolo.cat\/es\/tallers\/","url":"https:\/\/loceldetolo.cat\/es\/tallers\/","name":"Talleres y experiencias - Lo Cel de Tol\u00f3","isPartOf":{"@id":"https:\/\/loceldetolo.cat\/#website"},"primaryImageOfPage":{"@id":"https:\/\/loceldetolo.cat\/es\/tallers\/#primaryimage"},"image":{"@id":"https:\/\/loceldetolo.cat\/es\/tallers\/#primaryimage"},"thumbnailUrl":"https:\/\/loceldetolo.cat\/wp-content\/uploads\/castell-de-tolo-1-1024x768.jpg","datePublished":"2025-01-23T12:30:27+00:00","dateModified":"2025-01-29T11:59:53+00:00","breadcrumb":{"@id":"https:\/\/loceldetolo.cat\/es\/tallers\/#breadcrumb"},"inLanguage":"es","potentialAction":[{"@type":"ReadAction","target":["https:\/\/loceldetolo.cat\/es\/tallers\/"]}]},{"@type":"ImageObject","inLanguage":"es","@id":"https:\/\/loceldetolo.cat\/es\/tallers\/#primaryimage","url":"https:\/\/loceldetolo.cat\/wp-content\/uploads\/castell-de-tolo-1-1024x768.jpg","contentUrl":"https:\/\/loceldetolo.cat\/wp-content\/uploads\/castell-de-tolo-1-1024x768.jpg"},{"@type":"BreadcrumbList","@id":"https:\/\/loceldetolo.cat\/es\/tallers\/#breadcrumb","itemListElement":[{"@type":"ListItem","position":1,"name":"Inici","item":"https:\/\/loceldetolo.cat\/es\/"},{"@type":"ListItem","position":2,"name":"Talleres y experiencias"}]},{"@type":"WebSite","@id":"https:\/\/loceldetolo.cat\/#website","url":"https:\/\/loceldetolo.cat\/","name":"Lo Cel de Tol\u00f3","description":"Allotjament rural sostenible","publisher":{"@id":"https:\/\/loceldetolo.cat\/#organization"},"potentialAction":[{"@type":"SearchAction","target":{"@type":"EntryPoint","urlTemplate":"https:\/\/loceldetolo.cat\/?s={search_term_string}"},"query-input":{"@type":"PropertyValueSpecification","valueRequired":true,"valueName":"search_term_string"}}],"inLanguage":"es"},{"@type":"Organization","@id":"https:\/\/loceldetolo.cat\/#organization","name":"LO CEL DE TOLO","url":"https:\/\/loceldetolo.cat\/","logo":{"@type":"ImageObject","inLanguage":"es","@id":"https:\/\/loceldetolo.cat\/#\/schema\/logo\/image\/","url":"https:\/\/loceldetolo.cat\/wp-content\/uploads\/logo-in-black.webp","contentUrl":"https:\/\/loceldetolo.cat\/wp-content\/uploads\/logo-in-black.webp","width":742,"height":213,"caption":"LO CEL DE TOLO"},"image":{"@id":"https:\/\/loceldetolo.cat\/#\/schema\/logo\/image\/"},"sameAs":["https:\/\/www.facebook.com\/loceldetolo","https:\/\/www.instagram.com\/loceldetolo\/"]}]}},"_links":{"self":[{"href":"https:\/\/loceldetolo.cat\/es\/wp-json\/wp\/v2\/pages\/7045","targetHints":{"allow":["GET"]}}],"collection":[{"href":"https:\/\/loceldetolo.cat\/es\/wp-json\/wp\/v2\/pages"}],"about":[{"href":"https:\/\/loceldetolo.cat\/es\/wp-json\/wp\/v2\/types\/page"}],"author":[{"embeddable":true,"href":"https:\/\/loceldetolo.cat\/es\/wp-json\/wp\/v2\/users\/3"}],"replies":[{"embeddable":true,"href":"https:\/\/loceldetolo.cat\/es\/wp-json\/wp\/v2\/comments?post=7045"}],"version-history":[{"count":2,"href":"https:\/\/loceldetolo.cat\/es\/wp-json\/wp\/v2\/pages\/7045\/revisions"}],"predecessor-version":[{"id":7310,"href":"https:\/\/loceldetolo.cat\/es\/wp-json\/wp\/v2\/pages\/7045\/revisions\/7310"}],"wp:attachment":[{"href":"https:\/\/loceldetolo.cat\/es\/wp-json\/wp\/v2\/media?parent=7045"}],"curies":[{"name":"wp","href":"https:\/\/api.w.org\/{rel}","templated":true}]}}