{"id":7036,"date":"2024-12-27T11:14:08","date_gmt":"2024-12-27T10:14:08","guid":{"rendered":"https:\/\/loceldetolo.cat\/qui-som\/"},"modified":"2025-01-29T13:02:50","modified_gmt":"2025-01-29T12:02:50","slug":"quienes-somos","status":"publish","type":"page","link":"https:\/\/loceldetolo.cat\/es\/quienes-somos\/","title":{"rendered":"Quienes somos"},"content":{"rendered":"<style>.kb-row-layout-id7036_b5dc8f-9a > .kt-row-column-wrap{align-content:start;}:where(.kb-row-layout-id7036_b5dc8f-9a > .kt-row-column-wrap) > .wp-block-kadence-column{justify-content:start;}.kb-row-layout-id7036_b5dc8f-9a > .kt-row-column-wrap{column-gap:var(--global-kb-gap-lg, 4rem);row-gap:var(--global-kb-gap-lg, 4rem);max-width:var( --global-content-width, 1290px );padding-left:var(--global-content-edge-padding);padding-right:var(--global-content-edge-padding);padding-bottom:var(--global-kb-spacing-xl, 4rem);grid-template-columns:repeat(2, minmax(0, 1fr));}.kb-row-layout-id7036_b5dc8f-9a > .kt-row-layout-overlay{opacity:0.30;}@media all and (max-width: 1024px){.kb-row-layout-id7036_b5dc8f-9a > .kt-row-column-wrap{grid-template-columns:repeat(2, minmax(0, 1fr));}}@media all and (max-width: 767px){.kb-row-layout-id7036_b5dc8f-9a > .kt-row-column-wrap{grid-template-columns:minmax(0, 1fr);}}<\/style><div class=\"kb-row-layout-wrap kb-row-layout-id7036_b5dc8f-9a alignfull wp-block-kadence-rowlayout\"><div class=\"kt-row-column-wrap kt-has-2-columns kt-row-layout-equal kt-tab-layout-inherit kt-mobile-layout-row kt-row-valign-top kb-theme-content-width\">\n<style>.kadence-column7036_968a87-82 > .kt-inside-inner-col,.kadence-column7036_968a87-82 > .kt-inside-inner-col:before{border-top-left-radius:0px;border-top-right-radius:0px;border-bottom-right-radius:0px;border-bottom-left-radius:0px;}.kadence-column7036_968a87-82 > .kt-inside-inner-col{column-gap:var(--global-kb-gap-sm, 1rem);}.kadence-column7036_968a87-82 > .kt-inside-inner-col{flex-direction:column;}.kadence-column7036_968a87-82 > .kt-inside-inner-col > .aligncenter{width:100%;}.kadence-column7036_968a87-82 > .kt-inside-inner-col:before{opacity:0.3;}.kadence-column7036_968a87-82{position:relative;}@media all and (max-width: 1024px){.kadence-column7036_968a87-82 > .kt-inside-inner-col{flex-direction:column;justify-content:center;}}@media all and (max-width: 767px){.kadence-column7036_968a87-82 > .kt-inside-inner-col{flex-direction:column;justify-content:center;}}<\/style>\n<div class=\"wp-block-kadence-column kadence-column7036_968a87-82\"><div class=\"kt-inside-inner-col\"><style>.wp-block-kadence-advancedheading.kt-adv-heading7036_975b6a-7a, .wp-block-kadence-advancedheading.kt-adv-heading7036_975b6a-7a[data-kb-block=\"kb-adv-heading7036_975b6a-7a\"]{font-style:normal;}.wp-block-kadence-advancedheading.kt-adv-heading7036_975b6a-7a mark.kt-highlight, .wp-block-kadence-advancedheading.kt-adv-heading7036_975b6a-7a[data-kb-block=\"kb-adv-heading7036_975b6a-7a\"] mark.kt-highlight{font-style:normal;color:#f76a0c;-webkit-box-decoration-break:clone;box-decoration-break:clone;padding-top:0px;padding-right:0px;padding-bottom:0px;padding-left:0px;}.wp-block-kadence-advancedheading.kt-adv-heading7036_975b6a-7a img.kb-inline-image, .wp-block-kadence-advancedheading.kt-adv-heading7036_975b6a-7a[data-kb-block=\"kb-adv-heading7036_975b6a-7a\"] img.kb-inline-image{width:150px;vertical-align:baseline;}<\/style>\n<h2 class=\"kt-adv-heading7036_975b6a-7a wp-block-kadence-advancedheading\" data-kb-block=\"kb-adv-heading7036_975b6a-7a\">El turismo ecol\u00f3gico es uno de nuestros objetivos clave.<\/h2>\n\n\n\n<p>Nuestra aventura en Lo Cel de Tol\u00f3 comenz\u00f3 con el deseo de dejar la ciudad y abrazar una vida m\u00e1s tranquila y respetuosa con la naturaleza. En 2017, nos enamoramos de este lugar y comenzamos a restaurar una antigua mas\u00eda en ruinas.<\/p>\n\n\n<style>.wp-block-kadence-image.kb-image7036_ec252c-77:not(.kb-specificity-added):not(.kb-extra-specificity-added){margin-bottom:var(--global-kb-spacing-lg, 3rem);}.kb-image7036_ec252c-77 .kb-image-has-overlay:after{opacity:0.3;}<\/style>\n<div class=\"wp-block-kadence-image kb-image7036_ec252c-77\"><figure class=\"aligncenter size-full\"><img loading=\"lazy\" decoding=\"async\" width=\"358\" height=\"238\" src=\"https:\/\/loceldetolo.cat\/wp-content\/uploads\/tolo-runes-e1718181588219.jpg\" alt=\"\" class=\"kb-img wp-image-219\" srcset=\"https:\/\/loceldetolo.cat\/wp-content\/uploads\/tolo-runes-e1718181588219.jpg 358w, https:\/\/loceldetolo.cat\/wp-content\/uploads\/tolo-runes-e1718181588219-300x199.jpg 300w\" sizes=\"auto, (max-width: 358px) 100vw, 358px\" \/><figcaption>Lo Cel de Tol\u00f3, antes<\/figcaption><\/figure><\/div>\n\n\n\n<p>Nuestro prop\u00f3sito era sencillo: proporcionar servicios de alojamiento y comida en nuestra casa rural aprovechando al m\u00e1ximo los recursos de nuestra finca. Por eso, cultivamos una huerta ecol\u00f3gica, tenemos un corral con gallinas libres, criamos corderos para nuestro propio consumo e incluso hemos adoptado algunas cabras.<\/p>\n\n\n\n<p>Esto nos permite ofrecer una alimentaci\u00f3n fresca y de gran calidad, cultivada y tratada de forma ecol\u00f3gica, sin utilizar productos qu\u00edmicos. Este enfoque de turismo ecol\u00f3gico no solo beneficia a nuestros hu\u00e9spedes, sino que tambi\u00e9n ayuda a preservar el entorno que tanto estimamos.<\/p>\n\n\n\n<p>Con nuestro proyecto, queremos que tu estancia en Lo Cel de Tol\u00f3 sea como estar en casa, rodeados de un entorno rural de calidad, comprometido con la sostenibilidad y el turismo ecol\u00f3gico.<\/p>\n\n\n\n<p>Continuamos trabajando cada d\u00eda para hacer realidad el sue\u00f1o de una vida en armon\u00eda con la naturaleza. A cada paso que damos, nos sentimos m\u00e1s agradecidos por la oportunidad de vivir en este maravilloso lugar, rodeados de verdor y serenidad.<\/p>\n\n\n\n<p>Nuestra historia contin\u00faa, con la esperanza de ser inspiradora para aquellos que buscan una vida m\u00e1s sostenible y conectada con la tierra, promoviendo el turismo ecol\u00f3gico en cada rinc\u00f3n de nuestra finca.<\/p>\n<\/div><\/div>\n\n\n<style>.kadence-column7036_cc3de7-a8 > .kt-inside-inner-col,.kadence-column7036_cc3de7-a8 > .kt-inside-inner-col:before{border-top-left-radius:0px;border-top-right-radius:0px;border-bottom-right-radius:0px;border-bottom-left-radius:0px;}.kadence-column7036_cc3de7-a8 > .kt-inside-inner-col{column-gap:var(--global-kb-gap-sm, 1rem);}.kadence-column7036_cc3de7-a8 > .kt-inside-inner-col{flex-direction:column;}.kadence-column7036_cc3de7-a8 > .kt-inside-inner-col > .aligncenter{width:100%;}.kadence-column7036_cc3de7-a8 > .kt-inside-inner-col:before{opacity:0.3;}.kadence-column7036_cc3de7-a8{position:relative;}@media all and (max-width: 1024px){.kadence-column7036_cc3de7-a8 > .kt-inside-inner-col{flex-direction:column;justify-content:center;}}@media all and (max-width: 767px){.kadence-column7036_cc3de7-a8 > .kt-inside-inner-col{flex-direction:column;justify-content:center;}}<\/style>\n<div class=\"wp-block-kadence-column kadence-column7036_cc3de7-a8\"><div class=\"kt-inside-inner-col\"><style>.kb-image7036_d771f0-10 .kb-image-has-overlay:after{opacity:0.3;}<\/style>\n<div class=\"wp-block-kadence-image kb-image7036_d771f0-10\"><figure class=\"aligncenter size-large\"><img loading=\"lazy\" decoding=\"async\" width=\"768\" height=\"1024\" src=\"https:\/\/loceldetolo.cat\/wp-content\/uploads\/IMG_7941-768x1024.jpg\" alt=\"\" class=\"kb-img wp-image-218\" srcset=\"https:\/\/loceldetolo.cat\/wp-content\/uploads\/IMG_7941-768x1024.jpg 768w, https:\/\/loceldetolo.cat\/wp-content\/uploads\/IMG_7941-225x300.jpg 225w, https:\/\/loceldetolo.cat\/wp-content\/uploads\/IMG_7941.jpg 1024w\" sizes=\"auto, (max-width: 768px) 100vw, 768px\" \/><figcaption>Nosotros<\/figcaption><\/figure><\/div>\n\n\n\n<p><\/p>\n<\/div><\/div>\n\n<\/div><\/div>\n\n","protected":false},"excerpt":{"rendered":"<p>El turismo ecol\u00f3gico es uno de nuestros objetivos clave. Nuestra aventura en Lo Cel de Tol\u00f3 comenz\u00f3 con el deseo de dejar la ciudad y abrazar una vida m\u00e1s tranquila y respetuosa con la naturaleza. En 2017, nos enamoramos de este lugar y comenzamos a restaurar una antigua mas\u00eda en ruinas. Nuestro prop\u00f3sito era sencillo:&#8230;<\/p>\n","protected":false},"author":1,"featured_media":0,"parent":0,"menu_order":0,"comment_status":"closed","ping_status":"closed","template":"","meta":{"_kad_post_transparent":"","_kad_post_title":"","_kad_post_layout":"","_kad_post_sidebar_id":"","_kad_post_content_style":"","_kad_post_vertical_padding":"","_kad_post_feature":"","_kad_post_feature_position":"","_kad_post_header":false,"_kad_post_footer":false,"_kad_post_classname":"","footnotes":""},"class_list":["post-7036","page","type-page","status-publish","hentry"],"yoast_head":"<!-- This site is optimized with the Yoast SEO plugin v27.3 - https:\/\/yoast.com\/product\/yoast-seo-wordpress\/ -->\n<title>Turismo Ecol\u00f3gico en Lo Cel de Tol\u00f3: Tu Alojamiento Sostenible<\/title>\n<meta name=\"description\" content=\"Descubre Lo Cel de Tol\u00f3, donde el turismo ecol\u00f3gico es una forma de vida. Disfruta de un entorno con una experiencia en la naturaleza.\" \/>\n<meta name=\"robots\" content=\"index, follow, max-snippet:-1, max-image-preview:large, max-video-preview:-1\" \/>\n<link rel=\"canonical\" href=\"https:\/\/loceldetolo.cat\/es\/quienes-somos\/\" \/>\n<meta property=\"og:locale\" content=\"es_ES\" \/>\n<meta property=\"og:type\" content=\"article\" \/>\n<meta property=\"og:title\" content=\"Turismo Ecol\u00f3gico en Lo Cel de Tol\u00f3: Tu Alojamiento Sostenible\" \/>\n<meta property=\"og:description\" content=\"Descubre Lo Cel de Tol\u00f3, donde el turismo ecol\u00f3gico es una forma de vida. Disfruta de un entorno con una experiencia en la naturaleza.\" \/>\n<meta property=\"og:url\" content=\"https:\/\/loceldetolo.cat\/es\/quienes-somos\/\" \/>\n<meta property=\"og:site_name\" content=\"Lo Cel de Tol\u00f3\" \/>\n<meta property=\"article:publisher\" content=\"https:\/\/www.facebook.com\/loceldetolo\" \/>\n<meta property=\"article:modified_time\" content=\"2025-01-29T12:02:50+00:00\" \/>\n<meta property=\"og:image\" content=\"https:\/\/loceldetolo.cat\/wp-content\/uploads\/tolo-runes-e1718181588219.jpg\" \/>\n\t<meta property=\"og:image:width\" content=\"358\" \/>\n\t<meta property=\"og:image:height\" content=\"238\" \/>\n\t<meta property=\"og:image:type\" content=\"image\/jpeg\" \/>\n<meta name=\"twitter:card\" content=\"summary_large_image\" \/>\n<script type=\"application\/ld+json\" class=\"yoast-schema-graph\">{\"@context\":\"https:\\\/\\\/schema.org\",\"@graph\":[{\"@type\":\"WebPage\",\"@id\":\"https:\\\/\\\/loceldetolo.cat\\\/es\\\/quienes-somos\\\/\",\"url\":\"https:\\\/\\\/loceldetolo.cat\\\/es\\\/quienes-somos\\\/\",\"name\":\"Turismo Ecol\u00f3gico en Lo Cel de Tol\u00f3: Tu Alojamiento Sostenible\",\"isPartOf\":{\"@id\":\"https:\\\/\\\/loceldetolo.cat\\\/#website\"},\"primaryImageOfPage\":{\"@id\":\"https:\\\/\\\/loceldetolo.cat\\\/es\\\/quienes-somos\\\/#primaryimage\"},\"image\":{\"@id\":\"https:\\\/\\\/loceldetolo.cat\\\/es\\\/quienes-somos\\\/#primaryimage\"},\"thumbnailUrl\":\"https:\\\/\\\/loceldetolo.cat\\\/wp-content\\\/uploads\\\/tolo-runes-e1718181588219.jpg\",\"datePublished\":\"2024-12-27T10:14:08+00:00\",\"dateModified\":\"2025-01-29T12:02:50+00:00\",\"description\":\"Descubre Lo Cel de Tol\u00f3, donde el turismo ecol\u00f3gico es una forma de vida. Disfruta de un entorno con una experiencia en la naturaleza.\",\"breadcrumb\":{\"@id\":\"https:\\\/\\\/loceldetolo.cat\\\/es\\\/quienes-somos\\\/#breadcrumb\"},\"inLanguage\":\"es\",\"potentialAction\":[{\"@type\":\"ReadAction\",\"target\":[\"https:\\\/\\\/loceldetolo.cat\\\/es\\\/quienes-somos\\\/\"]}]},{\"@type\":\"ImageObject\",\"inLanguage\":\"es\",\"@id\":\"https:\\\/\\\/loceldetolo.cat\\\/es\\\/quienes-somos\\\/#primaryimage\",\"url\":\"https:\\\/\\\/loceldetolo.cat\\\/wp-content\\\/uploads\\\/tolo-runes-e1718181588219.jpg\",\"contentUrl\":\"https:\\\/\\\/loceldetolo.cat\\\/wp-content\\\/uploads\\\/tolo-runes-e1718181588219.jpg\"},{\"@type\":\"BreadcrumbList\",\"@id\":\"https:\\\/\\\/loceldetolo.cat\\\/es\\\/quienes-somos\\\/#breadcrumb\",\"itemListElement\":[{\"@type\":\"ListItem\",\"position\":1,\"name\":\"Inici\",\"item\":\"https:\\\/\\\/loceldetolo.cat\\\/es\\\/\"},{\"@type\":\"ListItem\",\"position\":2,\"name\":\"Quienes somos\"}]},{\"@type\":\"WebSite\",\"@id\":\"https:\\\/\\\/loceldetolo.cat\\\/#website\",\"url\":\"https:\\\/\\\/loceldetolo.cat\\\/\",\"name\":\"Lo Cel de Tol\u00f3\",\"description\":\"Allotjament rural sostenible\",\"publisher\":{\"@id\":\"https:\\\/\\\/loceldetolo.cat\\\/#organization\"},\"potentialAction\":[{\"@type\":\"SearchAction\",\"target\":{\"@type\":\"EntryPoint\",\"urlTemplate\":\"https:\\\/\\\/loceldetolo.cat\\\/?s={search_term_string}\"},\"query-input\":{\"@type\":\"PropertyValueSpecification\",\"valueRequired\":true,\"valueName\":\"search_term_string\"}}],\"inLanguage\":\"es\"},{\"@type\":\"Organization\",\"@id\":\"https:\\\/\\\/loceldetolo.cat\\\/#organization\",\"name\":\"LO CEL DE TOLO\",\"url\":\"https:\\\/\\\/loceldetolo.cat\\\/\",\"logo\":{\"@type\":\"ImageObject\",\"inLanguage\":\"es\",\"@id\":\"https:\\\/\\\/loceldetolo.cat\\\/#\\\/schema\\\/logo\\\/image\\\/\",\"url\":\"https:\\\/\\\/loceldetolo.cat\\\/wp-content\\\/uploads\\\/logo-in-black.webp\",\"contentUrl\":\"https:\\\/\\\/loceldetolo.cat\\\/wp-content\\\/uploads\\\/logo-in-black.webp\",\"width\":742,\"height\":213,\"caption\":\"LO CEL DE TOLO\"},\"image\":{\"@id\":\"https:\\\/\\\/loceldetolo.cat\\\/#\\\/schema\\\/logo\\\/image\\\/\"},\"sameAs\":[\"https:\\\/\\\/www.facebook.com\\\/loceldetolo\",\"https:\\\/\\\/www.instagram.com\\\/loceldetolo\\\/\"]}]}<\/script>\n<!-- \/ Yoast SEO plugin. -->","yoast_head_json":{"title":"Turismo Ecol\u00f3gico en Lo Cel de Tol\u00f3: Tu Alojamiento Sostenible","description":"Descubre Lo Cel de Tol\u00f3, donde el turismo ecol\u00f3gico es una forma de vida. Disfruta de un entorno con una experiencia en la naturaleza.","robots":{"index":"index","follow":"follow","max-snippet":"max-snippet:-1","max-image-preview":"max-image-preview:large","max-video-preview":"max-video-preview:-1"},"canonical":"https:\/\/loceldetolo.cat\/es\/quienes-somos\/","og_locale":"es_ES","og_type":"article","og_title":"Turismo Ecol\u00f3gico en Lo Cel de Tol\u00f3: Tu Alojamiento Sostenible","og_description":"Descubre Lo Cel de Tol\u00f3, donde el turismo ecol\u00f3gico es una forma de vida. Disfruta de un entorno con una experiencia en la naturaleza.","og_url":"https:\/\/loceldetolo.cat\/es\/quienes-somos\/","og_site_name":"Lo Cel de Tol\u00f3","article_publisher":"https:\/\/www.facebook.com\/loceldetolo","article_modified_time":"2025-01-29T12:02:50+00:00","og_image":[{"width":358,"height":238,"url":"https:\/\/loceldetolo.cat\/wp-content\/uploads\/tolo-runes-e1718181588219.jpg","type":"image\/jpeg"}],"twitter_card":"summary_large_image","schema":{"@context":"https:\/\/schema.org","@graph":[{"@type":"WebPage","@id":"https:\/\/loceldetolo.cat\/es\/quienes-somos\/","url":"https:\/\/loceldetolo.cat\/es\/quienes-somos\/","name":"Turismo Ecol\u00f3gico en Lo Cel de Tol\u00f3: Tu Alojamiento Sostenible","isPartOf":{"@id":"https:\/\/loceldetolo.cat\/#website"},"primaryImageOfPage":{"@id":"https:\/\/loceldetolo.cat\/es\/quienes-somos\/#primaryimage"},"image":{"@id":"https:\/\/loceldetolo.cat\/es\/quienes-somos\/#primaryimage"},"thumbnailUrl":"https:\/\/loceldetolo.cat\/wp-content\/uploads\/tolo-runes-e1718181588219.jpg","datePublished":"2024-12-27T10:14:08+00:00","dateModified":"2025-01-29T12:02:50+00:00","description":"Descubre Lo Cel de Tol\u00f3, donde el turismo ecol\u00f3gico es una forma de vida. Disfruta de un entorno con una experiencia en la naturaleza.","breadcrumb":{"@id":"https:\/\/loceldetolo.cat\/es\/quienes-somos\/#breadcrumb"},"inLanguage":"es","potentialAction":[{"@type":"ReadAction","target":["https:\/\/loceldetolo.cat\/es\/quienes-somos\/"]}]},{"@type":"ImageObject","inLanguage":"es","@id":"https:\/\/loceldetolo.cat\/es\/quienes-somos\/#primaryimage","url":"https:\/\/loceldetolo.cat\/wp-content\/uploads\/tolo-runes-e1718181588219.jpg","contentUrl":"https:\/\/loceldetolo.cat\/wp-content\/uploads\/tolo-runes-e1718181588219.jpg"},{"@type":"BreadcrumbList","@id":"https:\/\/loceldetolo.cat\/es\/quienes-somos\/#breadcrumb","itemListElement":[{"@type":"ListItem","position":1,"name":"Inici","item":"https:\/\/loceldetolo.cat\/es\/"},{"@type":"ListItem","position":2,"name":"Quienes somos"}]},{"@type":"WebSite","@id":"https:\/\/loceldetolo.cat\/#website","url":"https:\/\/loceldetolo.cat\/","name":"Lo Cel de Tol\u00f3","description":"Allotjament rural sostenible","publisher":{"@id":"https:\/\/loceldetolo.cat\/#organization"},"potentialAction":[{"@type":"SearchAction","target":{"@type":"EntryPoint","urlTemplate":"https:\/\/loceldetolo.cat\/?s={search_term_string}"},"query-input":{"@type":"PropertyValueSpecification","valueRequired":true,"valueName":"search_term_string"}}],"inLanguage":"es"},{"@type":"Organization","@id":"https:\/\/loceldetolo.cat\/#organization","name":"LO CEL DE TOLO","url":"https:\/\/loceldetolo.cat\/","logo":{"@type":"ImageObject","inLanguage":"es","@id":"https:\/\/loceldetolo.cat\/#\/schema\/logo\/image\/","url":"https:\/\/loceldetolo.cat\/wp-content\/uploads\/logo-in-black.webp","contentUrl":"https:\/\/loceldetolo.cat\/wp-content\/uploads\/logo-in-black.webp","width":742,"height":213,"caption":"LO CEL DE TOLO"},"image":{"@id":"https:\/\/loceldetolo.cat\/#\/schema\/logo\/image\/"},"sameAs":["https:\/\/www.facebook.com\/loceldetolo","https:\/\/www.instagram.com\/loceldetolo\/"]}]}},"_links":{"self":[{"href":"https:\/\/loceldetolo.cat\/es\/wp-json\/wp\/v2\/pages\/7036","targetHints":{"allow":["GET"]}}],"collection":[{"href":"https:\/\/loceldetolo.cat\/es\/wp-json\/wp\/v2\/pages"}],"about":[{"href":"https:\/\/loceldetolo.cat\/es\/wp-json\/wp\/v2\/types\/page"}],"author":[{"embeddable":true,"href":"https:\/\/loceldetolo.cat\/es\/wp-json\/wp\/v2\/users\/1"}],"replies":[{"embeddable":true,"href":"https:\/\/loceldetolo.cat\/es\/wp-json\/wp\/v2\/comments?post=7036"}],"version-history":[{"count":4,"href":"https:\/\/loceldetolo.cat\/es\/wp-json\/wp\/v2\/pages\/7036\/revisions"}],"predecessor-version":[{"id":7316,"href":"https:\/\/loceldetolo.cat\/es\/wp-json\/wp\/v2\/pages\/7036\/revisions\/7316"}],"wp:attachment":[{"href":"https:\/\/loceldetolo.cat\/es\/wp-json\/wp\/v2\/media?parent=7036"}],"curies":[{"name":"wp","href":"https:\/\/api.w.org\/{rel}","templated":true}]}}