{"id":5984,"date":"2024-12-27T11:14:48","date_gmt":"2024-12-27T10:14:48","guid":{"rendered":"https:\/\/loceldetolo.cat\/calendari-de-retirs-i-estades\/"},"modified":"2025-01-29T13:01:17","modified_gmt":"2025-01-29T12:01:17","slug":"calendario-de-retiros","status":"publish","type":"page","link":"https:\/\/loceldetolo.cat\/es\/calendario-de-retiros\/","title":{"rendered":"Calendario de retiros y estancias"},"content":{"rendered":"<style>.kb-row-layout-id5984_7472f5-64 > .kt-row-column-wrap{align-content:center;}:where(.kb-row-layout-id5984_7472f5-64 > .kt-row-column-wrap) > .wp-block-kadence-column{justify-content:center;}.kb-row-layout-id5984_7472f5-64 > .kt-row-column-wrap{column-gap:var(--global-kb-gap-lg, 4rem);row-gap:var(--global-kb-gap-lg, 4rem);max-width:var( --global-content-width, 1290px );padding-left:var(--global-content-edge-padding);padding-right:var(--global-content-edge-padding);padding-bottom:var(--global-kb-spacing-xl, 4rem);grid-template-columns:repeat(2, minmax(0, 1fr));}.kb-row-layout-id5984_7472f5-64 > .kt-row-layout-overlay{opacity:0.30;}@media all and (max-width: 1024px){.kb-row-layout-id5984_7472f5-64 > .kt-row-column-wrap{grid-template-columns:repeat(2, minmax(0, 1fr));}}@media all and (max-width: 767px){.kb-row-layout-id5984_7472f5-64 > .kt-row-column-wrap{grid-template-columns:minmax(0, 1fr);}}<\/style><div class=\"kb-row-layout-wrap kb-row-layout-id5984_7472f5-64 alignfull wp-block-kadence-rowlayout\"><div class=\"kt-row-column-wrap kt-has-2-columns kt-row-layout-equal kt-tab-layout-inherit kt-mobile-layout-row kt-row-valign-middle kb-theme-content-width\">\n<style>.kadence-column5984_573122-a1 > .kt-inside-inner-col,.kadence-column5984_573122-a1 > .kt-inside-inner-col:before{border-top-left-radius:0px;border-top-right-radius:0px;border-bottom-right-radius:0px;border-bottom-left-radius:0px;}.kadence-column5984_573122-a1 > .kt-inside-inner-col{column-gap:var(--global-kb-gap-sm, 1rem);}.kadence-column5984_573122-a1 > .kt-inside-inner-col{flex-direction:column;}.kadence-column5984_573122-a1 > .kt-inside-inner-col > .aligncenter{width:100%;}.kadence-column5984_573122-a1 > .kt-inside-inner-col:before{opacity:0.3;}.kadence-column5984_573122-a1{position:relative;}@media all and (max-width: 1024px){.kadence-column5984_573122-a1 > .kt-inside-inner-col{flex-direction:column;justify-content:center;}}@media all and (max-width: 767px){.kadence-column5984_573122-a1 > .kt-inside-inner-col{flex-direction:column;justify-content:center;}}<\/style>\n<div class=\"wp-block-kadence-column kadence-column5984_573122-a1\"><div class=\"kt-inside-inner-col\">\n<p><strong>Lo Cel de Tol\u00f3<\/strong> es un lugar ideal para realizar estancias en peque\u00f1os grupos, con actividades que os permitir\u00e1n conectar con la naturaleza y con vosotros mismos.<\/p>\n\n\n\n<p>Aqu\u00ed encontrar\u00e1s un calendario actualizado de diversos retiros y estancias programadas para 2024. Haz clic para saber m\u00e1s sobre el programa, la organizaci\u00f3n y el precio.<\/p>\n\n\n<style>.wp-block-kadence-advancedheading.kt-adv-heading5984_75cb77-a0, .wp-block-kadence-advancedheading.kt-adv-heading5984_75cb77-a0[data-kb-block=\"kb-adv-heading5984_75cb77-a0\"]{font-style:normal;}.wp-block-kadence-advancedheading.kt-adv-heading5984_75cb77-a0 mark.kt-highlight, .wp-block-kadence-advancedheading.kt-adv-heading5984_75cb77-a0[data-kb-block=\"kb-adv-heading5984_75cb77-a0\"] mark.kt-highlight{font-style:normal;color:#f76a0c;-webkit-box-decoration-break:clone;box-decoration-break:clone;padding-top:0px;padding-right:0px;padding-bottom:0px;padding-left:0px;}.wp-block-kadence-advancedheading.kt-adv-heading5984_75cb77-a0 img.kb-inline-image, .wp-block-kadence-advancedheading.kt-adv-heading5984_75cb77-a0[data-kb-block=\"kb-adv-heading5984_75cb77-a0\"] img.kb-inline-image{width:150px;vertical-align:baseline;}<\/style>\n<h2 class=\"kt-adv-heading5984_75cb77-a0 wp-block-kadence-advancedheading\" data-kb-block=\"kb-adv-heading5984_75cb77-a0\">Calendario de Retiros 2025<\/h2>\n\n\n\n<p><\/p>\n\n\n\n<ul class=\"wp-block-list\">\n<li><a data-type=\"page\" data-id=\"147\" href=\"https:\/\/loceldetolo.cat\/es\/retir-de-ioga-equinocci-de-primavera\/\" target=\"_blank\" rel=\"noreferrer noopener\">21-23 de Mar\u00e7&nbsp; &nbsp; Retir de Ioga Equinocci de Primavera<\/a><\/li>\n<\/ul>\n\n\n<style>.wp-block-kadence-advancedheading.kt-adv-heading5984_aa7eee-34, .wp-block-kadence-advancedheading.kt-adv-heading5984_aa7eee-34[data-kb-block=\"kb-adv-heading5984_aa7eee-34\"]{text-align:left;font-style:normal;font-family:var( --global-heading-font-family, inherit );}.wp-block-kadence-advancedheading.kt-adv-heading5984_aa7eee-34 mark.kt-highlight, .wp-block-kadence-advancedheading.kt-adv-heading5984_aa7eee-34[data-kb-block=\"kb-adv-heading5984_aa7eee-34\"] mark.kt-highlight{font-style:normal;color:#f76a0c;-webkit-box-decoration-break:clone;box-decoration-break:clone;padding-top:0px;padding-right:0px;padding-bottom:0px;padding-left:0px;}.wp-block-kadence-advancedheading.kt-adv-heading5984_aa7eee-34 img.kb-inline-image, .wp-block-kadence-advancedheading.kt-adv-heading5984_aa7eee-34[data-kb-block=\"kb-adv-heading5984_aa7eee-34\"] img.kb-inline-image{width:150px;vertical-align:baseline;}<\/style>\n<p class=\"kt-adv-heading5984_aa7eee-34 wp-block-kadence-advancedheading\" data-kb-block=\"kb-adv-heading5984_aa7eee-34\"><strong>Deseamos que alguno de ellos sea de vuestro inter\u00e9s para venir a nuestra casa a disfrutarlo.<\/strong><\/p>\n<\/div><\/div>\n\n\n<style>.kadence-column5984_4e8d2c-23 > .kt-inside-inner-col{display:flex;}.kadence-column5984_4e8d2c-23 > .kt-inside-inner-col,.kadence-column5984_4e8d2c-23 > .kt-inside-inner-col:before{border-top-left-radius:0px;border-top-right-radius:0px;border-bottom-right-radius:0px;border-bottom-left-radius:0px;}.kadence-column5984_4e8d2c-23 > .kt-inside-inner-col{column-gap:var(--global-kb-gap-sm, 1rem);}.kadence-column5984_4e8d2c-23 > .kt-inside-inner-col{flex-direction:column;justify-content:center;}.kadence-column5984_4e8d2c-23 > .kt-inside-inner-col > .aligncenter{width:100%;}.kt-row-column-wrap > .kadence-column5984_4e8d2c-23{align-self:center;}.kt-inner-column-height-full:not(.kt-has-1-columns) > .wp-block-kadence-column.kadence-column5984_4e8d2c-23{align-self:auto;}.kt-inner-column-height-full:not(.kt-has-1-columns) > .wp-block-kadence-column.kadence-column5984_4e8d2c-23 > .kt-inside-inner-col{flex-direction:column;justify-content:center;}.kadence-column5984_4e8d2c-23 > .kt-inside-inner-col:before{opacity:0.3;}.kadence-column5984_4e8d2c-23{position:relative;}@media all and (max-width: 1024px){.kt-row-column-wrap > .kadence-column5984_4e8d2c-23{align-self:center;}}@media all and (max-width: 1024px){.kt-inner-column-height-full:not(.kt-has-1-columns) > .wp-block-kadence-column.kadence-column5984_4e8d2c-23{align-self:auto;}}@media all and (max-width: 1024px){.kt-inner-column-height-full:not(.kt-has-1-columns) > .wp-block-kadence-column.kadence-column5984_4e8d2c-23 > .kt-inside-inner-col{flex-direction:column;justify-content:center;}}@media all and (max-width: 1024px){.kadence-column5984_4e8d2c-23 > .kt-inside-inner-col{flex-direction:column;justify-content:center;}}@media all and (max-width: 767px){.kt-row-column-wrap > .kadence-column5984_4e8d2c-23{align-self:center;}.kt-inner-column-height-full:not(.kt-has-1-columns) > .wp-block-kadence-column.kadence-column5984_4e8d2c-23{align-self:auto;}.kt-inner-column-height-full:not(.kt-has-1-columns) > .wp-block-kadence-column.kadence-column5984_4e8d2c-23 > .kt-inside-inner-col{flex-direction:column;justify-content:center;}.kadence-column5984_4e8d2c-23 > .kt-inside-inner-col{flex-direction:column;justify-content:center;}}<\/style>\n<div class=\"wp-block-kadence-column kadence-column5984_4e8d2c-23\"><div class=\"kt-inside-inner-col\"><style>.kb-image5984_14873d-50 .kb-image-has-overlay:after{opacity:0.3;}<\/style>\n<figure class=\"wp-block-kadence-image kb-image5984_14873d-50 size-large\"><img loading=\"lazy\" decoding=\"async\" width=\"1024\" height=\"768\" src=\"https:\/\/loceldetolo.cat\/wp-content\/uploads\/castell-de-tolo-1-1024x768.jpg\" alt=\"\" class=\"kb-img wp-image-249\" srcset=\"https:\/\/loceldetolo.cat\/wp-content\/uploads\/castell-de-tolo-1-1024x768.jpg 1024w, https:\/\/loceldetolo.cat\/wp-content\/uploads\/castell-de-tolo-1-300x225.jpg 300w, https:\/\/loceldetolo.cat\/wp-content\/uploads\/castell-de-tolo-1-768x576.jpg 768w, https:\/\/loceldetolo.cat\/wp-content\/uploads\/castell-de-tolo-1.jpg 1440w\" sizes=\"auto, (max-width: 1024px) 100vw, 1024px\" \/><\/figure>\n<\/div><\/div>\n\n<\/div><\/div>\n\n<style>.kb-row-layout-id5984_f50c3b-8a > .kt-row-column-wrap{align-content:start;}:where(.kb-row-layout-id5984_f50c3b-8a > .kt-row-column-wrap) > .wp-block-kadence-column{justify-content:start;}.kb-row-layout-id5984_f50c3b-8a > .kt-row-column-wrap{column-gap:var(--global-kb-gap-md, 2rem);row-gap:var(--global-kb-gap-md, 2rem);max-width:var( --global-content-width, 1290px );padding-left:var(--global-content-edge-padding);padding-right:var(--global-content-edge-padding);padding-top:var(--global-kb-spacing-5xl, 10rem);padding-bottom:var(--global-kb-spacing-5xl, 10rem);grid-template-columns:minmax(0, 1fr);}.kb-row-layout-id5984_f50c3b-8a{background-image:url('https:\/\/loceldetolo.cat\/wp-content\/uploads\/serra-del-cucut-vistes.webp');background-size:cover;background-position:center center;background-attachment:scroll;background-repeat:no-repeat;}.kb-row-layout-id5984_f50c3b-8a > .kt-row-layout-overlay{opacity:0.30;}@media all and (max-width: 1024px){.kb-row-layout-id5984_f50c3b-8a > .kt-row-column-wrap{grid-template-columns:minmax(0, 1fr);}}@media all and (max-width: 767px){.kb-row-layout-id5984_f50c3b-8a > .kt-row-column-wrap{grid-template-columns:minmax(0, 1fr);}}<\/style><div class=\"kb-row-layout-wrap kb-row-layout-id5984_f50c3b-8a alignfull kt-row-has-bg wp-block-kadence-rowlayout\"><div class=\"kt-row-column-wrap kt-has-1-columns kt-row-layout-equal kt-tab-layout-inherit kt-mobile-layout-row kt-row-valign-top kb-theme-content-width\">\n<style>.kadence-column5984_147282-ea > .kt-inside-inner-col,.kadence-column5984_147282-ea > .kt-inside-inner-col:before{border-top-left-radius:0px;border-top-right-radius:0px;border-bottom-right-radius:0px;border-bottom-left-radius:0px;}.kadence-column5984_147282-ea > .kt-inside-inner-col{column-gap:var(--global-kb-gap-sm, 1rem);}.kadence-column5984_147282-ea > .kt-inside-inner-col{flex-direction:column;}.kadence-column5984_147282-ea > .kt-inside-inner-col > .aligncenter{width:100%;}.kadence-column5984_147282-ea > .kt-inside-inner-col:before{opacity:0.3;}.kadence-column5984_147282-ea{position:relative;}@media all and (max-width: 1024px){.kadence-column5984_147282-ea > .kt-inside-inner-col{flex-direction:column;justify-content:center;}}@media all and (max-width: 767px){.kadence-column5984_147282-ea > .kt-inside-inner-col{flex-direction:column;justify-content:center;}}<\/style>\n<div class=\"wp-block-kadence-column kadence-column5984_147282-ea\"><div class=\"kt-inside-inner-col\"><style>.wp-block-kadence-advancedheading.kt-adv-heading5984_fd79f3-01, .wp-block-kadence-advancedheading.kt-adv-heading5984_fd79f3-01[data-kb-block=\"kb-adv-heading5984_fd79f3-01\"]{text-align:center;font-style:normal;}.wp-block-kadence-advancedheading.kt-adv-heading5984_fd79f3-01 mark.kt-highlight, .wp-block-kadence-advancedheading.kt-adv-heading5984_fd79f3-01[data-kb-block=\"kb-adv-heading5984_fd79f3-01\"] mark.kt-highlight{font-style:normal;color:#f76a0c;-webkit-box-decoration-break:clone;box-decoration-break:clone;padding-top:0px;padding-right:0px;padding-bottom:0px;padding-left:0px;}.wp-block-kadence-advancedheading.kt-adv-heading5984_fd79f3-01 img.kb-inline-image, .wp-block-kadence-advancedheading.kt-adv-heading5984_fd79f3-01[data-kb-block=\"kb-adv-heading5984_fd79f3-01\"] img.kb-inline-image{width:150px;vertical-align:baseline;}<\/style>\n<h2 class=\"kt-adv-heading5984_fd79f3-01 wp-block-kadence-advancedheading has-theme-palette-9-color has-text-color\" data-kb-block=\"kb-adv-heading5984_fd79f3-01\">Ven  a disfrutar de estas actividades con nosotros<\/h2>\n\n\n\n<p class=\"has-text-align-center has-theme-palette-9-color has-text-color has-link-color wp-elements-0399cffda5910d00d734eb4d8d692ca4\">Si sois un peque\u00f1o grupo que quereis hacer alguna actividad similar, no dudeis en llamarnos!<\/p>\n\n\n<style>.wp-block-kadence-advancedbtn.kb-btns5984_b5025e-95{gap:var(--global-kb-gap-xs, 0.5rem );justify-content:center;align-items:center;}.kt-btns5984_b5025e-95 .kt-button{font-weight:normal;font-style:normal;}.kt-btns5984_b5025e-95 .kt-btn-wrap-0{margin-right:5px;}.wp-block-kadence-advancedbtn.kt-btns5984_b5025e-95 .kt-btn-wrap-0 .kt-button{color:#555555;border-color:#555555;}.wp-block-kadence-advancedbtn.kt-btns5984_b5025e-95 .kt-btn-wrap-0 .kt-button:hover, .wp-block-kadence-advancedbtn.kt-btns5984_b5025e-95 .kt-btn-wrap-0 .kt-button:focus{color:#ffffff;border-color:#444444;}.wp-block-kadence-advancedbtn.kt-btns5984_b5025e-95 .kt-btn-wrap-0 .kt-button::before{display:none;}.wp-block-kadence-advancedbtn.kt-btns5984_b5025e-95 .kt-btn-wrap-0 .kt-button:hover, .wp-block-kadence-advancedbtn.kt-btns5984_b5025e-95 .kt-btn-wrap-0 .kt-button:focus{background:#444444;}<\/style>\n<div class=\"wp-block-kadence-advancedbtn kb-buttons-wrap kb-btns5984_b5025e-95\"><style>ul.menu .wp-block-kadence-advancedbtn .kb-btn5984_60279d-15.kb-button{width:initial;}<\/style><a class=\"kb-button kt-button button kb-btn5984_60279d-15 kt-btn-size-standard kt-btn-width-type-auto kb-btn-global-fill  kt-btn-has-text-true kt-btn-has-svg-false  wp-block-kadence-singlebtn\" href=\"https:\/\/loceldetolo.cat\/reserves\/\"><span class=\"kt-btn-inner-text\">Contacto<\/span><\/a><\/div>\n<\/div><\/div>\n\n<\/div><\/div>","protected":false},"excerpt":{"rendered":"<p>Lo Cel de Tol\u00f3 es un lugar ideal para realizar estancias en peque\u00f1os grupos, con actividades que os permitir\u00e1n conectar con la naturaleza y con vosotros mismos. Aqu\u00ed encontrar\u00e1s un calendario actualizado de diversos retiros y estancias programadas para 2024. Haz clic para saber m\u00e1s sobre el programa, la organizaci\u00f3n y el precio. Calendario de&#8230;<\/p>\n","protected":false},"author":1,"featured_media":0,"parent":0,"menu_order":0,"comment_status":"closed","ping_status":"closed","template":"","meta":{"_kad_post_transparent":"","_kad_post_title":"","_kad_post_layout":"","_kad_post_sidebar_id":"","_kad_post_content_style":"","_kad_post_vertical_padding":"","_kad_post_feature":"","_kad_post_feature_position":"","_kad_post_header":false,"_kad_post_footer":false,"_kad_post_classname":"","footnotes":""},"class_list":["post-5984","page","type-page","status-publish","hentry"],"yoast_head":"<!-- This site is optimized with the Yoast SEO plugin v27.3 - https:\/\/yoast.com\/product\/yoast-seo-wordpress\/ -->\n<title>Retiros de Yoga: Conecta Cuerpo y Mente en la Naturaleza<\/title>\n<meta name=\"description\" content=\"Vive una experiencia \u00fanica con nuestros retiros de yoga. Disfruta de la tranquilidad del entorno rural y renueva tu cuerpo y mente\" \/>\n<meta name=\"robots\" content=\"index, follow, max-snippet:-1, max-image-preview:large, max-video-preview:-1\" \/>\n<link rel=\"canonical\" href=\"https:\/\/loceldetolo.cat\/es\/calendario-de-retiros\/\" \/>\n<meta property=\"og:locale\" content=\"es_ES\" \/>\n<meta property=\"og:type\" content=\"article\" \/>\n<meta property=\"og:title\" content=\"Retiros de Yoga: Conecta Cuerpo y Mente en la Naturaleza\" \/>\n<meta property=\"og:description\" content=\"Vive una experiencia \u00fanica con nuestros retiros de yoga. Disfruta de la tranquilidad del entorno rural y renueva tu cuerpo y mente\" \/>\n<meta property=\"og:url\" content=\"https:\/\/loceldetolo.cat\/es\/calendario-de-retiros\/\" \/>\n<meta property=\"og:site_name\" content=\"Lo Cel de Tol\u00f3\" \/>\n<meta property=\"article:publisher\" content=\"https:\/\/www.facebook.com\/loceldetolo\" \/>\n<meta property=\"article:modified_time\" content=\"2025-01-29T12:01:17+00:00\" \/>\n<meta property=\"og:image\" content=\"https:\/\/loceldetolo.cat\/wp-content\/uploads\/castell-de-tolo-1.jpg\" \/>\n\t<meta property=\"og:image:width\" content=\"1440\" \/>\n\t<meta property=\"og:image:height\" content=\"1080\" \/>\n\t<meta property=\"og:image:type\" content=\"image\/jpeg\" \/>\n<meta name=\"twitter:card\" content=\"summary_large_image\" \/>\n<meta name=\"twitter:label1\" content=\"Tiempo de lectura\" \/>\n\t<meta name=\"twitter:data1\" content=\"1 minuto\" \/>\n<script type=\"application\/ld+json\" class=\"yoast-schema-graph\">{\"@context\":\"https:\\\/\\\/schema.org\",\"@graph\":[{\"@type\":\"WebPage\",\"@id\":\"https:\\\/\\\/loceldetolo.cat\\\/es\\\/calendario-de-retiros\\\/\",\"url\":\"https:\\\/\\\/loceldetolo.cat\\\/es\\\/calendario-de-retiros\\\/\",\"name\":\"Retiros de Yoga: Conecta Cuerpo y Mente en la Naturaleza\",\"isPartOf\":{\"@id\":\"https:\\\/\\\/loceldetolo.cat\\\/#website\"},\"primaryImageOfPage\":{\"@id\":\"https:\\\/\\\/loceldetolo.cat\\\/es\\\/calendario-de-retiros\\\/#primaryimage\"},\"image\":{\"@id\":\"https:\\\/\\\/loceldetolo.cat\\\/es\\\/calendario-de-retiros\\\/#primaryimage\"},\"thumbnailUrl\":\"https:\\\/\\\/loceldetolo.cat\\\/wp-content\\\/uploads\\\/castell-de-tolo-1-1024x768.jpg\",\"datePublished\":\"2024-12-27T10:14:48+00:00\",\"dateModified\":\"2025-01-29T12:01:17+00:00\",\"description\":\"Vive una experiencia \u00fanica con nuestros retiros de yoga. Disfruta de la tranquilidad del entorno rural y renueva tu cuerpo y mente\",\"breadcrumb\":{\"@id\":\"https:\\\/\\\/loceldetolo.cat\\\/es\\\/calendario-de-retiros\\\/#breadcrumb\"},\"inLanguage\":\"es\",\"potentialAction\":[{\"@type\":\"ReadAction\",\"target\":[\"https:\\\/\\\/loceldetolo.cat\\\/es\\\/calendario-de-retiros\\\/\"]}]},{\"@type\":\"ImageObject\",\"inLanguage\":\"es\",\"@id\":\"https:\\\/\\\/loceldetolo.cat\\\/es\\\/calendario-de-retiros\\\/#primaryimage\",\"url\":\"https:\\\/\\\/loceldetolo.cat\\\/wp-content\\\/uploads\\\/castell-de-tolo-1-1024x768.jpg\",\"contentUrl\":\"https:\\\/\\\/loceldetolo.cat\\\/wp-content\\\/uploads\\\/castell-de-tolo-1-1024x768.jpg\"},{\"@type\":\"BreadcrumbList\",\"@id\":\"https:\\\/\\\/loceldetolo.cat\\\/es\\\/calendario-de-retiros\\\/#breadcrumb\",\"itemListElement\":[{\"@type\":\"ListItem\",\"position\":1,\"name\":\"Inici\",\"item\":\"https:\\\/\\\/loceldetolo.cat\\\/es\\\/\"},{\"@type\":\"ListItem\",\"position\":2,\"name\":\"Calendario de retiros y estancias\"}]},{\"@type\":\"WebSite\",\"@id\":\"https:\\\/\\\/loceldetolo.cat\\\/#website\",\"url\":\"https:\\\/\\\/loceldetolo.cat\\\/\",\"name\":\"Lo Cel de Tol\u00f3\",\"description\":\"Allotjament rural sostenible\",\"publisher\":{\"@id\":\"https:\\\/\\\/loceldetolo.cat\\\/#organization\"},\"potentialAction\":[{\"@type\":\"SearchAction\",\"target\":{\"@type\":\"EntryPoint\",\"urlTemplate\":\"https:\\\/\\\/loceldetolo.cat\\\/?s={search_term_string}\"},\"query-input\":{\"@type\":\"PropertyValueSpecification\",\"valueRequired\":true,\"valueName\":\"search_term_string\"}}],\"inLanguage\":\"es\"},{\"@type\":\"Organization\",\"@id\":\"https:\\\/\\\/loceldetolo.cat\\\/#organization\",\"name\":\"LO CEL DE TOLO\",\"url\":\"https:\\\/\\\/loceldetolo.cat\\\/\",\"logo\":{\"@type\":\"ImageObject\",\"inLanguage\":\"es\",\"@id\":\"https:\\\/\\\/loceldetolo.cat\\\/#\\\/schema\\\/logo\\\/image\\\/\",\"url\":\"https:\\\/\\\/loceldetolo.cat\\\/wp-content\\\/uploads\\\/logo-in-black.webp\",\"contentUrl\":\"https:\\\/\\\/loceldetolo.cat\\\/wp-content\\\/uploads\\\/logo-in-black.webp\",\"width\":742,\"height\":213,\"caption\":\"LO CEL DE TOLO\"},\"image\":{\"@id\":\"https:\\\/\\\/loceldetolo.cat\\\/#\\\/schema\\\/logo\\\/image\\\/\"},\"sameAs\":[\"https:\\\/\\\/www.facebook.com\\\/loceldetolo\",\"https:\\\/\\\/www.instagram.com\\\/loceldetolo\\\/\"]}]}<\/script>\n<!-- \/ Yoast SEO plugin. -->","yoast_head_json":{"title":"Retiros de Yoga: Conecta Cuerpo y Mente en la Naturaleza","description":"Vive una experiencia \u00fanica con nuestros retiros de yoga. Disfruta de la tranquilidad del entorno rural y renueva tu cuerpo y mente","robots":{"index":"index","follow":"follow","max-snippet":"max-snippet:-1","max-image-preview":"max-image-preview:large","max-video-preview":"max-video-preview:-1"},"canonical":"https:\/\/loceldetolo.cat\/es\/calendario-de-retiros\/","og_locale":"es_ES","og_type":"article","og_title":"Retiros de Yoga: Conecta Cuerpo y Mente en la Naturaleza","og_description":"Vive una experiencia \u00fanica con nuestros retiros de yoga. Disfruta de la tranquilidad del entorno rural y renueva tu cuerpo y mente","og_url":"https:\/\/loceldetolo.cat\/es\/calendario-de-retiros\/","og_site_name":"Lo Cel de Tol\u00f3","article_publisher":"https:\/\/www.facebook.com\/loceldetolo","article_modified_time":"2025-01-29T12:01:17+00:00","og_image":[{"width":1440,"height":1080,"url":"https:\/\/loceldetolo.cat\/wp-content\/uploads\/castell-de-tolo-1.jpg","type":"image\/jpeg"}],"twitter_card":"summary_large_image","twitter_misc":{"Tiempo de lectura":"1 minuto"},"schema":{"@context":"https:\/\/schema.org","@graph":[{"@type":"WebPage","@id":"https:\/\/loceldetolo.cat\/es\/calendario-de-retiros\/","url":"https:\/\/loceldetolo.cat\/es\/calendario-de-retiros\/","name":"Retiros de Yoga: Conecta Cuerpo y Mente en la Naturaleza","isPartOf":{"@id":"https:\/\/loceldetolo.cat\/#website"},"primaryImageOfPage":{"@id":"https:\/\/loceldetolo.cat\/es\/calendario-de-retiros\/#primaryimage"},"image":{"@id":"https:\/\/loceldetolo.cat\/es\/calendario-de-retiros\/#primaryimage"},"thumbnailUrl":"https:\/\/loceldetolo.cat\/wp-content\/uploads\/castell-de-tolo-1-1024x768.jpg","datePublished":"2024-12-27T10:14:48+00:00","dateModified":"2025-01-29T12:01:17+00:00","description":"Vive una experiencia \u00fanica con nuestros retiros de yoga. Disfruta de la tranquilidad del entorno rural y renueva tu cuerpo y mente","breadcrumb":{"@id":"https:\/\/loceldetolo.cat\/es\/calendario-de-retiros\/#breadcrumb"},"inLanguage":"es","potentialAction":[{"@type":"ReadAction","target":["https:\/\/loceldetolo.cat\/es\/calendario-de-retiros\/"]}]},{"@type":"ImageObject","inLanguage":"es","@id":"https:\/\/loceldetolo.cat\/es\/calendario-de-retiros\/#primaryimage","url":"https:\/\/loceldetolo.cat\/wp-content\/uploads\/castell-de-tolo-1-1024x768.jpg","contentUrl":"https:\/\/loceldetolo.cat\/wp-content\/uploads\/castell-de-tolo-1-1024x768.jpg"},{"@type":"BreadcrumbList","@id":"https:\/\/loceldetolo.cat\/es\/calendario-de-retiros\/#breadcrumb","itemListElement":[{"@type":"ListItem","position":1,"name":"Inici","item":"https:\/\/loceldetolo.cat\/es\/"},{"@type":"ListItem","position":2,"name":"Calendario de retiros y estancias"}]},{"@type":"WebSite","@id":"https:\/\/loceldetolo.cat\/#website","url":"https:\/\/loceldetolo.cat\/","name":"Lo Cel de Tol\u00f3","description":"Allotjament rural sostenible","publisher":{"@id":"https:\/\/loceldetolo.cat\/#organization"},"potentialAction":[{"@type":"SearchAction","target":{"@type":"EntryPoint","urlTemplate":"https:\/\/loceldetolo.cat\/?s={search_term_string}"},"query-input":{"@type":"PropertyValueSpecification","valueRequired":true,"valueName":"search_term_string"}}],"inLanguage":"es"},{"@type":"Organization","@id":"https:\/\/loceldetolo.cat\/#organization","name":"LO CEL DE TOLO","url":"https:\/\/loceldetolo.cat\/","logo":{"@type":"ImageObject","inLanguage":"es","@id":"https:\/\/loceldetolo.cat\/#\/schema\/logo\/image\/","url":"https:\/\/loceldetolo.cat\/wp-content\/uploads\/logo-in-black.webp","contentUrl":"https:\/\/loceldetolo.cat\/wp-content\/uploads\/logo-in-black.webp","width":742,"height":213,"caption":"LO CEL DE TOLO"},"image":{"@id":"https:\/\/loceldetolo.cat\/#\/schema\/logo\/image\/"},"sameAs":["https:\/\/www.facebook.com\/loceldetolo","https:\/\/www.instagram.com\/loceldetolo\/"]}]}},"_links":{"self":[{"href":"https:\/\/loceldetolo.cat\/es\/wp-json\/wp\/v2\/pages\/5984","targetHints":{"allow":["GET"]}}],"collection":[{"href":"https:\/\/loceldetolo.cat\/es\/wp-json\/wp\/v2\/pages"}],"about":[{"href":"https:\/\/loceldetolo.cat\/es\/wp-json\/wp\/v2\/types\/page"}],"author":[{"embeddable":true,"href":"https:\/\/loceldetolo.cat\/es\/wp-json\/wp\/v2\/users\/1"}],"replies":[{"embeddable":true,"href":"https:\/\/loceldetolo.cat\/es\/wp-json\/wp\/v2\/comments?post=5984"}],"version-history":[{"count":5,"href":"https:\/\/loceldetolo.cat\/es\/wp-json\/wp\/v2\/pages\/5984\/revisions"}],"predecessor-version":[{"id":7314,"href":"https:\/\/loceldetolo.cat\/es\/wp-json\/wp\/v2\/pages\/5984\/revisions\/7314"}],"wp:attachment":[{"href":"https:\/\/loceldetolo.cat\/es\/wp-json\/wp\/v2\/media?parent=5984"}],"curies":[{"name":"wp","href":"https:\/\/api.w.org\/{rel}","templated":true}]}}