{"id":5957,"date":"2024-12-27T11:40:41","date_gmt":"2024-12-27T10:40:41","guid":{"rendered":"https:\/\/loceldetolo.cat\/capdany\/"},"modified":"2025-01-27T17:03:28","modified_gmt":"2025-01-27T16:03:28","slug":"fin-de-ano","status":"publish","type":"page","link":"https:\/\/loceldetolo.cat\/es\/fin-de-ano\/","title":{"rendered":"Fin de a\u00f1o en Lo Cel de Tol\u00f3"},"content":{"rendered":"<style>.kb-row-layout-id5957_c6c2d8-24 > .kt-row-column-wrap{align-content:start;}:where(.kb-row-layout-id5957_c6c2d8-24 > .kt-row-column-wrap) > .wp-block-kadence-column{justify-content:start;}.kb-row-layout-id5957_c6c2d8-24 > .kt-row-column-wrap{column-gap:var(--global-kb-gap-lg, 4rem);row-gap:var(--global-kb-gap-lg, 4rem);max-width:var( --global-content-width, 1290px );padding-left:var(--global-content-edge-padding);padding-right:var(--global-content-edge-padding);padding-top:var(--global-kb-spacing-lg, 3rem);padding-bottom:var(--global-kb-spacing-lg, 3rem);grid-template-columns:repeat(2, minmax(0, 1fr));}.kb-row-layout-id5957_c6c2d8-24 > .kt-row-layout-overlay{opacity:0.30;}@media all and (max-width: 1024px){.kb-row-layout-id5957_c6c2d8-24 > .kt-row-column-wrap{grid-template-columns:repeat(2, minmax(0, 1fr));}}@media all and (max-width: 767px){.kb-row-layout-id5957_c6c2d8-24 > .kt-row-column-wrap{grid-template-columns:minmax(0, 1fr);}}<\/style><div class=\"kb-row-layout-wrap kb-row-layout-id5957_c6c2d8-24 alignfull wp-block-kadence-rowlayout\"><div class=\"kt-row-column-wrap kt-has-2-columns kt-row-layout-equal kt-tab-layout-inherit kt-mobile-layout-row kt-row-valign-top kb-theme-content-width\">\n<style>.kadence-column5957_09568c-1a > .kt-inside-inner-col,.kadence-column5957_09568c-1a > .kt-inside-inner-col:before{border-top-left-radius:0px;border-top-right-radius:0px;border-bottom-right-radius:0px;border-bottom-left-radius:0px;}.kadence-column5957_09568c-1a > .kt-inside-inner-col{column-gap:var(--global-kb-gap-sm, 1rem);}.kadence-column5957_09568c-1a > .kt-inside-inner-col{flex-direction:column;}.kadence-column5957_09568c-1a > .kt-inside-inner-col > .aligncenter{width:100%;}.kadence-column5957_09568c-1a > .kt-inside-inner-col:before{opacity:0.3;}.kadence-column5957_09568c-1a{position:relative;}@media all and (max-width: 1024px){.kadence-column5957_09568c-1a > .kt-inside-inner-col{flex-direction:column;justify-content:center;}}@media all and (max-width: 767px){.kadence-column5957_09568c-1a > .kt-inside-inner-col{flex-direction:column;justify-content:center;}}<\/style>\n<div class=\"wp-block-kadence-column kadence-column5957_09568c-1a\"><div class=\"kt-inside-inner-col\">\n<p>Si lo que quieres es recibir el a\u00f1o nuevo en un entorno natural y de manera tranquila, ven a Lo Cel de Tol\u00f3.<\/p>\n\n\n\n<p>Tanto si sois un peque\u00f1o grupo como pareja, os proponemos una estancia m\u00ednima de 2 noches, en r\u00e9gimen de media pensi\u00f3n, incluyendo la noche de Nochevieja, donde podr\u00e1s degustar una cena muy especial que estamos seguros disfrutar\u00e1s&#8230;<\/p>\n\n\n\n<p>Los precios de la estancia son fijos e incluyen el r\u00e9gimen de media pensi\u00f3n. Si deseas comer alg\u00fan d\u00eda, tampoco hay problema.<\/p>\n\n\n\n<p>Si tienes alguna duda, contacta con nosotros y hablamos.<\/p>\n<\/div><\/div>\n\n\n<style>.kadence-column5957_eee9e4-54 > .kt-inside-inner-col,.kadence-column5957_eee9e4-54 > .kt-inside-inner-col:before{border-top-left-radius:0px;border-top-right-radius:0px;border-bottom-right-radius:0px;border-bottom-left-radius:0px;}.kadence-column5957_eee9e4-54 > .kt-inside-inner-col{column-gap:var(--global-kb-gap-sm, 1rem);}.kadence-column5957_eee9e4-54 > .kt-inside-inner-col{flex-direction:column;}.kadence-column5957_eee9e4-54 > .kt-inside-inner-col > .aligncenter{width:100%;}.kadence-column5957_eee9e4-54 > .kt-inside-inner-col:before{opacity:0.3;}.kadence-column5957_eee9e4-54{position:relative;}@media all and (max-width: 1024px){.kadence-column5957_eee9e4-54 > .kt-inside-inner-col{flex-direction:column;justify-content:center;}}@media all and (max-width: 767px){.kadence-column5957_eee9e4-54 > .kt-inside-inner-col{flex-direction:column;justify-content:center;}}<\/style>\n<div class=\"wp-block-kadence-column kadence-column5957_eee9e4-54\"><div class=\"kt-inside-inner-col\">\n<h3 class=\"wp-block-heading\">Que incluye<\/h3>\n\n\n\n<ul class=\"wp-block-list\">\n<li>Pack de 2 noches a media pensi\u00f3n\n<ul class=\"wp-block-list\">\n<li>Cena <\/li>\n\n\n\n<li>Cena especial fin de a\u00f1o<\/li>\n\n\n\n<li>Desayuno de dos dias<\/li>\n<\/ul>\n<\/li>\n\n\n\n<li><strong>Precio por persona en habitaci\u00f3n doble o triple: 192\u202f\u20ac<\/strong><\/li>\n<\/ul>\n\n\n\n<p><strong>Teneis la posibilidad de hacer la comida de a\u00f1o nuevo, con precio aparte.<\/strong><\/p>\n\n\n\n<p>Para reservar, es necesario que nos envi\u00e9is un correo o nos llam\u00e9is. Os pediremos un adelanto para confirmar la reserva.<\/p>\n\n\n\n<p>Nos encantar\u00e1 veros. \u00a1Os esperamos!<\/p>\n<\/div><\/div>\n\n<\/div><\/div>\n\n<style>.kb-row-layout-id5957_56341a-6a > .kt-row-column-wrap{align-content:start;}:where(.kb-row-layout-id5957_56341a-6a > .kt-row-column-wrap) > .wp-block-kadence-column{justify-content:start;}.kb-row-layout-id5957_56341a-6a > .kt-row-column-wrap{column-gap:var(--global-kb-gap-md, 2rem);row-gap:var(--global-kb-gap-md, 2rem);max-width:var( --global-content-width, 1290px );padding-left:var(--global-content-edge-padding);padding-right:var(--global-content-edge-padding);padding-top:var(--global-kb-spacing-lg, 3rem);padding-bottom:var(--global-kb-spacing-lg, 3rem);grid-template-columns:minmax(0, 1fr);}.kb-row-layout-id5957_56341a-6a > .kt-row-layout-overlay{opacity:0.30;}@media all and (max-width: 1024px){.kb-row-layout-id5957_56341a-6a > .kt-row-column-wrap{grid-template-columns:minmax(0, 1fr);}}@media all and (max-width: 767px){.kb-row-layout-id5957_56341a-6a > .kt-row-column-wrap{grid-template-columns:minmax(0, 1fr);}}<\/style><div class=\"kb-row-layout-wrap kb-row-layout-id5957_56341a-6a alignfull has-theme-palette9-background-color kt-row-has-bg wp-block-kadence-rowlayout\"><div class=\"kt-row-column-wrap kt-has-1-columns kt-row-layout-equal kt-tab-layout-inherit kt-mobile-layout-row kt-row-valign-top kb-theme-content-width\">\n<style>.kadence-column5957_8210b4-bc > .kt-inside-inner-col,.kadence-column5957_8210b4-bc > .kt-inside-inner-col:before{border-top-left-radius:0px;border-top-right-radius:0px;border-bottom-right-radius:0px;border-bottom-left-radius:0px;}.kadence-column5957_8210b4-bc > .kt-inside-inner-col{column-gap:var(--global-kb-gap-sm, 1rem);}.kadence-column5957_8210b4-bc > .kt-inside-inner-col{flex-direction:column;}.kadence-column5957_8210b4-bc > .kt-inside-inner-col > .aligncenter{width:100%;}.kadence-column5957_8210b4-bc > .kt-inside-inner-col:before{opacity:0.3;}.kadence-column5957_8210b4-bc{position:relative;}@media all and (max-width: 1024px){.kadence-column5957_8210b4-bc > .kt-inside-inner-col{flex-direction:column;justify-content:center;}}@media all and (max-width: 767px){.kadence-column5957_8210b4-bc > .kt-inside-inner-col{flex-direction:column;justify-content:center;}}<\/style>\n<div class=\"wp-block-kadence-column kadence-column5957_8210b4-bc\"><div class=\"kt-inside-inner-col\"><style>.wp-block-kadence-advancedgallery .kb-gallery-type-grid.kb-gallery-id-5957_6fed25-7b{margin:-5px;}.kb-gallery-type-grid.kb-gallery-id-5957_6fed25-7b .kadence-blocks-gallery-item{padding:5px;}.kb-gallery-id-5957_6fed25-7b .kadence-blocks-gallery-item .kb-gal-image-radius, .kb-gallery-id-5957_6fed25-7b .kb-slide-item .kb-gal-image-radius img{border-radius:0px 0px 0px 0px;;}.kb-gallery-caption-style-bottom.kb-gallery-id-5957_6fed25-7b .kadence-blocks-gallery-item .kadence-blocks-gallery-item-inner .kadence-blocks-gallery-item__caption, .kb-gallery-caption-style-bottom-hover.kb-gallery-id-5957_6fed25-7b .kadence-blocks-gallery-item .kadence-blocks-gallery-item-inner .kadence-blocks-gallery-item__caption{background:linear-gradient(0deg, rgba(0, 0, 0, 0.8) 0, rgba(0, 0, 0, 0) 100%);}<\/style><div class=\"kb-gallery-wrap-id-5957_6fed25-7b alignnone wp-block-kadence-advancedgallery\"><ul class=\"kb-gallery-ul kb-gallery-non-static kb-gallery-type-grid kb-gallery-id-5957_6fed25-7b kb-gallery-caption-style-bottom kb-gallery-filter-none\" data-image-filter=\"none\" data-item-selector=\".kadence-blocks-gallery-item\" data-lightbox-caption=\"true\" data-columns-xxl=\"3\" data-columns-xl=\"3\" data-columns-md=\"3\" data-columns-sm=\"2\" data-columns-xs=\"1\" data-columns-ss=\"1\"><li class=\"kadence-blocks-gallery-item\"><div class=\"kadence-blocks-gallery-item-inner\"><figure class=\"kb-gallery-figure kadence-blocks-gallery-item-has-caption\"><div class=\"kb-gal-image-radius\"><div class=\"kb-gallery-image-contain kadence-blocks-gallery-intrinsic kb-gallery-image-ratio-land32 kb-has-image-ratio-land32\" ><img loading=\"lazy\" decoding=\"async\" src=\"https:\/\/loceldetolo.cat\/wp-content\/uploads\/castell-de-tolo-1-1024x768.jpg\" width=\"1024\" height=\"768\" alt=\"\" data-full-image=\"https:\/\/loceldetolo.cat\/wp-content\/uploads\/castell-de-tolo-1.jpg\" data-light-image=\"https:\/\/loceldetolo.cat\/wp-content\/uploads\/castell-de-tolo-1.jpg\" data-id=\"249\" class=\"wp-image-249\" srcset=\"https:\/\/loceldetolo.cat\/wp-content\/uploads\/castell-de-tolo-1-1024x768.jpg 1024w, https:\/\/loceldetolo.cat\/wp-content\/uploads\/castell-de-tolo-1-300x225.jpg 300w, https:\/\/loceldetolo.cat\/wp-content\/uploads\/castell-de-tolo-1-768x576.jpg 768w, https:\/\/loceldetolo.cat\/wp-content\/uploads\/castell-de-tolo-1.jpg 1440w\" sizes=\"auto, (max-width: 1024px) 100vw, 1024px\" \/><\/div><div class=\"kadence-blocks-gallery-item__caption\">El sol sale en Tolo .. el 2026!<\/div><\/div><\/figure><\/div><\/li><li class=\"kadence-blocks-gallery-item\"><div class=\"kadence-blocks-gallery-item-inner\"><figure class=\"kb-gallery-figure kadence-blocks-gallery-item-has-caption\"><div class=\"kb-gal-image-radius\"><div class=\"kb-gallery-image-contain kadence-blocks-gallery-intrinsic kb-gallery-image-ratio-land32 kb-has-image-ratio-land32\" ><img loading=\"lazy\" decoding=\"async\" src=\"https:\/\/loceldetolo.cat\/wp-content\/uploads\/cap-dany-1024x768.jpg\" width=\"1024\" height=\"768\" alt=\"\" data-full-image=\"https:\/\/loceldetolo.cat\/wp-content\/uploads\/cap-dany.jpg\" data-light-image=\"https:\/\/loceldetolo.cat\/wp-content\/uploads\/cap-dany.jpg\" data-id=\"393\" class=\"wp-image-393\" srcset=\"https:\/\/loceldetolo.cat\/wp-content\/uploads\/cap-dany-1024x768.jpg 1024w, https:\/\/loceldetolo.cat\/wp-content\/uploads\/cap-dany-300x225.jpg 300w, https:\/\/loceldetolo.cat\/wp-content\/uploads\/cap-dany-768x576.jpg 768w, https:\/\/loceldetolo.cat\/wp-content\/uploads\/cap-dany-1536x1152.jpg 1536w, https:\/\/loceldetolo.cat\/wp-content\/uploads\/cap-dany.jpg 1980w\" sizes=\"auto, (max-width: 1024px) 100vw, 1024px\" \/><\/div><div class=\"kadence-blocks-gallery-item__caption\">Mesa de Fin de a\u00f1o<\/div><\/div><\/figure><\/div><\/li><li class=\"kadence-blocks-gallery-item\"><div class=\"kadence-blocks-gallery-item-inner\"><figure class=\"kb-gallery-figure kadence-blocks-gallery-item-has-caption\"><div class=\"kb-gal-image-radius\"><div class=\"kb-gallery-image-contain kadence-blocks-gallery-intrinsic kb-gallery-image-ratio-land32 kb-has-image-ratio-land32\" ><img loading=\"lazy\" decoding=\"async\" src=\"https:\/\/loceldetolo.cat\/wp-content\/uploads\/bon-any-576x1024.jpg\" width=\"576\" height=\"1024\" alt=\"\" data-full-image=\"https:\/\/loceldetolo.cat\/wp-content\/uploads\/bon-any.jpg\" data-light-image=\"https:\/\/loceldetolo.cat\/wp-content\/uploads\/bon-any.jpg\" data-id=\"392\" class=\"wp-image-392\" srcset=\"https:\/\/loceldetolo.cat\/wp-content\/uploads\/bon-any-576x1024.jpg 576w, https:\/\/loceldetolo.cat\/wp-content\/uploads\/bon-any-169x300.jpg 169w, https:\/\/loceldetolo.cat\/wp-content\/uploads\/bon-any.jpg 608w\" sizes=\"auto, (max-width: 576px) 100vw, 576px\" \/><\/div><div class=\"kadence-blocks-gallery-item__caption\">Feliz a\u00f1o nuevo!<\/div><\/div><\/figure><\/div><\/li><li class=\"kadence-blocks-gallery-item\"><div class=\"kadence-blocks-gallery-item-inner\"><figure class=\"kb-gallery-figure kadence-blocks-gallery-item-has-caption\"><div class=\"kb-gal-image-radius\"><div class=\"kb-gallery-image-contain kadence-blocks-gallery-intrinsic kb-gallery-image-ratio-land32 kb-has-image-ratio-land32\" ><img loading=\"lazy\" decoding=\"async\" src=\"https:\/\/loceldetolo.cat\/wp-content\/uploads\/Coca-cruixent-1-1020x1024.jpg\" width=\"1020\" height=\"1024\" alt=\"\" data-full-image=\"https:\/\/loceldetolo.cat\/wp-content\/uploads\/Coca-cruixent-1.jpg\" data-light-image=\"https:\/\/loceldetolo.cat\/wp-content\/uploads\/Coca-cruixent-1.jpg\" data-id=\"394\" class=\"wp-image-394\" srcset=\"https:\/\/loceldetolo.cat\/wp-content\/uploads\/Coca-cruixent-1-1020x1024.jpg 1020w, https:\/\/loceldetolo.cat\/wp-content\/uploads\/Coca-cruixent-1-300x300.jpg 300w, https:\/\/loceldetolo.cat\/wp-content\/uploads\/Coca-cruixent-1-150x150.jpg 150w, https:\/\/loceldetolo.cat\/wp-content\/uploads\/Coca-cruixent-1-768x771.jpg 768w, https:\/\/loceldetolo.cat\/wp-content\/uploads\/Coca-cruixent-1-1531x1536.jpg 1531w, https:\/\/loceldetolo.cat\/wp-content\/uploads\/Coca-cruixent-1.jpg 1980w\" sizes=\"auto, (max-width: 1020px) 100vw, 1020px\" \/><\/div><div class=\"kadence-blocks-gallery-item__caption\">Disfruta de nuestra comida<\/div><\/div><\/figure><\/div><\/li><li class=\"kadence-blocks-gallery-item\"><div class=\"kadence-blocks-gallery-item-inner\"><figure class=\"kb-gallery-figure kadence-blocks-gallery-item-has-caption\"><div class=\"kb-gal-image-radius\"><div class=\"kb-gallery-image-contain kadence-blocks-gallery-intrinsic kb-gallery-image-ratio-land32 kb-has-image-ratio-land32\" ><img loading=\"lazy\" decoding=\"async\" src=\"https:\/\/loceldetolo.cat\/wp-content\/uploads\/habitacio-1024x683.jpg\" width=\"1024\" height=\"683\" alt=\"\" data-full-image=\"https:\/\/loceldetolo.cat\/wp-content\/uploads\/habitacio.jpg\" data-light-image=\"https:\/\/loceldetolo.cat\/wp-content\/uploads\/habitacio.jpg\" data-id=\"395\" class=\"wp-image-395\" srcset=\"https:\/\/loceldetolo.cat\/wp-content\/uploads\/habitacio-1024x683.jpg 1024w, https:\/\/loceldetolo.cat\/wp-content\/uploads\/habitacio-300x200.jpg 300w, https:\/\/loceldetolo.cat\/wp-content\/uploads\/habitacio-768x512.jpg 768w, https:\/\/loceldetolo.cat\/wp-content\/uploads\/habitacio-1536x1024.jpg 1536w, https:\/\/loceldetolo.cat\/wp-content\/uploads\/habitacio.jpg 1620w\" sizes=\"auto, (max-width: 1024px) 100vw, 1024px\" \/><\/div><div class=\"kadence-blocks-gallery-item__caption\">Descansa en silencio<\/div><\/div><\/figure><\/div><\/li><li class=\"kadence-blocks-gallery-item\"><div class=\"kadence-blocks-gallery-item-inner\"><figure class=\"kb-gallery-figure kadence-blocks-gallery-item-has-caption\"><div class=\"kb-gal-image-radius\"><div class=\"kb-gallery-image-contain kadence-blocks-gallery-intrinsic kb-gallery-image-ratio-land32 kb-has-image-ratio-land32\" ><img loading=\"lazy\" decoding=\"async\" src=\"https:\/\/loceldetolo.cat\/wp-content\/uploads\/menjar-al-foc-1024x768.jpg\" width=\"1024\" height=\"768\" alt=\"\" data-full-image=\"https:\/\/loceldetolo.cat\/wp-content\/uploads\/menjar-al-foc.jpg\" data-light-image=\"https:\/\/loceldetolo.cat\/wp-content\/uploads\/menjar-al-foc.jpg\" data-id=\"396\" class=\"wp-image-396\" srcset=\"https:\/\/loceldetolo.cat\/wp-content\/uploads\/menjar-al-foc-1024x768.jpg 1024w, https:\/\/loceldetolo.cat\/wp-content\/uploads\/menjar-al-foc-300x225.jpg 300w, https:\/\/loceldetolo.cat\/wp-content\/uploads\/menjar-al-foc-768x576.jpg 768w, https:\/\/loceldetolo.cat\/wp-content\/uploads\/menjar-al-foc-1536x1152.jpg 1536w, https:\/\/loceldetolo.cat\/wp-content\/uploads\/menjar-al-foc.jpg 1980w\" sizes=\"auto, (max-width: 1024px) 100vw, 1024px\" \/><\/div><div class=\"kadence-blocks-gallery-item__caption\">Comida org\u00e1nica<\/div><\/div><\/figure><\/div><\/li><\/ul><\/div><\/div><\/div>\n\n<\/div><\/div>","protected":false},"excerpt":{"rendered":"<p>Si lo que quieres es recibir el a\u00f1o nuevo en un entorno natural y de manera tranquila, ven a Lo Cel de Tol\u00f3. Tanto si sois un peque\u00f1o grupo como pareja, os proponemos una estancia m\u00ednima de 2 noches, en r\u00e9gimen de media pensi\u00f3n, incluyendo la noche de Nochevieja, donde podr\u00e1s degustar una cena muy&#8230;<\/p>\n","protected":false},"author":1,"featured_media":0,"parent":0,"menu_order":0,"comment_status":"closed","ping_status":"closed","template":"","meta":{"_kad_post_transparent":"","_kad_post_title":"","_kad_post_layout":"","_kad_post_sidebar_id":"","_kad_post_content_style":"","_kad_post_vertical_padding":"","_kad_post_feature":"","_kad_post_feature_position":"","_kad_post_header":false,"_kad_post_footer":false,"_kad_post_classname":"","footnotes":""},"class_list":["post-5957","page","type-page","status-publish","hentry"],"yoast_head":"<!-- This site is optimized with the Yoast SEO plugin v27.3 - https:\/\/yoast.com\/product\/yoast-seo-wordpress\/ -->\n<title>Fin de a\u00f1o en Lo Cel de Tol\u00f3 - Lo Cel de Tol\u00f3<\/title>\n<meta name=\"description\" content=\"Si lo que quieres es recibir el a\u00f1o nuevo en un entorno natural y de manera tranquila, ven a Lo Cel de Tol\u00f3.\" \/>\n<meta name=\"robots\" content=\"index, follow, max-snippet:-1, max-image-preview:large, max-video-preview:-1\" \/>\n<link rel=\"canonical\" href=\"https:\/\/loceldetolo.cat\/es\/fin-de-ano\/\" \/>\n<meta property=\"og:locale\" content=\"es_ES\" \/>\n<meta property=\"og:type\" content=\"article\" \/>\n<meta property=\"og:title\" content=\"Fin de a\u00f1o en Lo Cel de Tol\u00f3 - Lo Cel de Tol\u00f3\" \/>\n<meta property=\"og:description\" content=\"Si lo que quieres es recibir el a\u00f1o nuevo en un entorno natural y de manera tranquila, ven a Lo Cel de Tol\u00f3.\" \/>\n<meta property=\"og:url\" content=\"https:\/\/loceldetolo.cat\/es\/fin-de-ano\/\" \/>\n<meta property=\"og:site_name\" content=\"Lo Cel de Tol\u00f3\" \/>\n<meta property=\"article:publisher\" content=\"https:\/\/www.facebook.com\/loceldetolo\" \/>\n<meta property=\"article:modified_time\" content=\"2025-01-27T16:03:28+00:00\" \/>\n<meta name=\"twitter:card\" content=\"summary_large_image\" \/>\n<meta name=\"twitter:label1\" content=\"Tiempo de lectura\" \/>\n\t<meta name=\"twitter:data1\" content=\"1 minuto\" \/>\n<script type=\"application\/ld+json\" class=\"yoast-schema-graph\">{\"@context\":\"https:\\\/\\\/schema.org\",\"@graph\":[{\"@type\":\"WebPage\",\"@id\":\"https:\\\/\\\/loceldetolo.cat\\\/es\\\/fin-de-ano\\\/\",\"url\":\"https:\\\/\\\/loceldetolo.cat\\\/es\\\/fin-de-ano\\\/\",\"name\":\"Fin de a\u00f1o en Lo Cel de Tol\u00f3 - Lo Cel de Tol\u00f3\",\"isPartOf\":{\"@id\":\"https:\\\/\\\/loceldetolo.cat\\\/#website\"},\"datePublished\":\"2024-12-27T10:40:41+00:00\",\"dateModified\":\"2025-01-27T16:03:28+00:00\",\"description\":\"Si lo que quieres es recibir el a\u00f1o nuevo en un entorno natural y de manera tranquila, ven a Lo Cel de Tol\u00f3.\",\"breadcrumb\":{\"@id\":\"https:\\\/\\\/loceldetolo.cat\\\/es\\\/fin-de-ano\\\/#breadcrumb\"},\"inLanguage\":\"es\",\"potentialAction\":[{\"@type\":\"ReadAction\",\"target\":[\"https:\\\/\\\/loceldetolo.cat\\\/es\\\/fin-de-ano\\\/\"]}]},{\"@type\":\"BreadcrumbList\",\"@id\":\"https:\\\/\\\/loceldetolo.cat\\\/es\\\/fin-de-ano\\\/#breadcrumb\",\"itemListElement\":[{\"@type\":\"ListItem\",\"position\":1,\"name\":\"Inici\",\"item\":\"https:\\\/\\\/loceldetolo.cat\\\/es\\\/\"},{\"@type\":\"ListItem\",\"position\":2,\"name\":\"Fin de a\u00f1o en Lo Cel de Tol\u00f3\"}]},{\"@type\":\"WebSite\",\"@id\":\"https:\\\/\\\/loceldetolo.cat\\\/#website\",\"url\":\"https:\\\/\\\/loceldetolo.cat\\\/\",\"name\":\"Lo Cel de Tol\u00f3\",\"description\":\"Allotjament rural sostenible\",\"publisher\":{\"@id\":\"https:\\\/\\\/loceldetolo.cat\\\/#organization\"},\"potentialAction\":[{\"@type\":\"SearchAction\",\"target\":{\"@type\":\"EntryPoint\",\"urlTemplate\":\"https:\\\/\\\/loceldetolo.cat\\\/?s={search_term_string}\"},\"query-input\":{\"@type\":\"PropertyValueSpecification\",\"valueRequired\":true,\"valueName\":\"search_term_string\"}}],\"inLanguage\":\"es\"},{\"@type\":\"Organization\",\"@id\":\"https:\\\/\\\/loceldetolo.cat\\\/#organization\",\"name\":\"LO CEL DE TOLO\",\"url\":\"https:\\\/\\\/loceldetolo.cat\\\/\",\"logo\":{\"@type\":\"ImageObject\",\"inLanguage\":\"es\",\"@id\":\"https:\\\/\\\/loceldetolo.cat\\\/#\\\/schema\\\/logo\\\/image\\\/\",\"url\":\"https:\\\/\\\/loceldetolo.cat\\\/wp-content\\\/uploads\\\/logo-in-black.webp\",\"contentUrl\":\"https:\\\/\\\/loceldetolo.cat\\\/wp-content\\\/uploads\\\/logo-in-black.webp\",\"width\":742,\"height\":213,\"caption\":\"LO CEL DE TOLO\"},\"image\":{\"@id\":\"https:\\\/\\\/loceldetolo.cat\\\/#\\\/schema\\\/logo\\\/image\\\/\"},\"sameAs\":[\"https:\\\/\\\/www.facebook.com\\\/loceldetolo\",\"https:\\\/\\\/www.instagram.com\\\/loceldetolo\\\/\"]}]}<\/script>\n<!-- \/ Yoast SEO plugin. -->","yoast_head_json":{"title":"Fin de a\u00f1o en Lo Cel de Tol\u00f3 - Lo Cel de Tol\u00f3","description":"Si lo que quieres es recibir el a\u00f1o nuevo en un entorno natural y de manera tranquila, ven a Lo Cel de Tol\u00f3.","robots":{"index":"index","follow":"follow","max-snippet":"max-snippet:-1","max-image-preview":"max-image-preview:large","max-video-preview":"max-video-preview:-1"},"canonical":"https:\/\/loceldetolo.cat\/es\/fin-de-ano\/","og_locale":"es_ES","og_type":"article","og_title":"Fin de a\u00f1o en Lo Cel de Tol\u00f3 - Lo Cel de Tol\u00f3","og_description":"Si lo que quieres es recibir el a\u00f1o nuevo en un entorno natural y de manera tranquila, ven a Lo Cel de Tol\u00f3.","og_url":"https:\/\/loceldetolo.cat\/es\/fin-de-ano\/","og_site_name":"Lo Cel de Tol\u00f3","article_publisher":"https:\/\/www.facebook.com\/loceldetolo","article_modified_time":"2025-01-27T16:03:28+00:00","twitter_card":"summary_large_image","twitter_misc":{"Tiempo de lectura":"1 minuto"},"schema":{"@context":"https:\/\/schema.org","@graph":[{"@type":"WebPage","@id":"https:\/\/loceldetolo.cat\/es\/fin-de-ano\/","url":"https:\/\/loceldetolo.cat\/es\/fin-de-ano\/","name":"Fin de a\u00f1o en Lo Cel de Tol\u00f3 - Lo Cel de Tol\u00f3","isPartOf":{"@id":"https:\/\/loceldetolo.cat\/#website"},"datePublished":"2024-12-27T10:40:41+00:00","dateModified":"2025-01-27T16:03:28+00:00","description":"Si lo que quieres es recibir el a\u00f1o nuevo en un entorno natural y de manera tranquila, ven a Lo Cel de Tol\u00f3.","breadcrumb":{"@id":"https:\/\/loceldetolo.cat\/es\/fin-de-ano\/#breadcrumb"},"inLanguage":"es","potentialAction":[{"@type":"ReadAction","target":["https:\/\/loceldetolo.cat\/es\/fin-de-ano\/"]}]},{"@type":"BreadcrumbList","@id":"https:\/\/loceldetolo.cat\/es\/fin-de-ano\/#breadcrumb","itemListElement":[{"@type":"ListItem","position":1,"name":"Inici","item":"https:\/\/loceldetolo.cat\/es\/"},{"@type":"ListItem","position":2,"name":"Fin de a\u00f1o en Lo Cel de Tol\u00f3"}]},{"@type":"WebSite","@id":"https:\/\/loceldetolo.cat\/#website","url":"https:\/\/loceldetolo.cat\/","name":"Lo Cel de Tol\u00f3","description":"Allotjament rural sostenible","publisher":{"@id":"https:\/\/loceldetolo.cat\/#organization"},"potentialAction":[{"@type":"SearchAction","target":{"@type":"EntryPoint","urlTemplate":"https:\/\/loceldetolo.cat\/?s={search_term_string}"},"query-input":{"@type":"PropertyValueSpecification","valueRequired":true,"valueName":"search_term_string"}}],"inLanguage":"es"},{"@type":"Organization","@id":"https:\/\/loceldetolo.cat\/#organization","name":"LO CEL DE TOLO","url":"https:\/\/loceldetolo.cat\/","logo":{"@type":"ImageObject","inLanguage":"es","@id":"https:\/\/loceldetolo.cat\/#\/schema\/logo\/image\/","url":"https:\/\/loceldetolo.cat\/wp-content\/uploads\/logo-in-black.webp","contentUrl":"https:\/\/loceldetolo.cat\/wp-content\/uploads\/logo-in-black.webp","width":742,"height":213,"caption":"LO CEL DE TOLO"},"image":{"@id":"https:\/\/loceldetolo.cat\/#\/schema\/logo\/image\/"},"sameAs":["https:\/\/www.facebook.com\/loceldetolo","https:\/\/www.instagram.com\/loceldetolo\/"]}]}},"_links":{"self":[{"href":"https:\/\/loceldetolo.cat\/es\/wp-json\/wp\/v2\/pages\/5957","targetHints":{"allow":["GET"]}}],"collection":[{"href":"https:\/\/loceldetolo.cat\/es\/wp-json\/wp\/v2\/pages"}],"about":[{"href":"https:\/\/loceldetolo.cat\/es\/wp-json\/wp\/v2\/types\/page"}],"author":[{"embeddable":true,"href":"https:\/\/loceldetolo.cat\/es\/wp-json\/wp\/v2\/users\/1"}],"replies":[{"embeddable":true,"href":"https:\/\/loceldetolo.cat\/es\/wp-json\/wp\/v2\/comments?post=5957"}],"version-history":[{"count":2,"href":"https:\/\/loceldetolo.cat\/es\/wp-json\/wp\/v2\/pages\/5957\/revisions"}],"predecessor-version":[{"id":6493,"href":"https:\/\/loceldetolo.cat\/es\/wp-json\/wp\/v2\/pages\/5957\/revisions\/6493"}],"wp:attachment":[{"href":"https:\/\/loceldetolo.cat\/es\/wp-json\/wp\/v2\/media?parent=5957"}],"curies":[{"name":"wp","href":"https:\/\/api.w.org\/{rel}","templated":true}]}}