{"id":7034,"date":"2024-12-27T11:14:08","date_gmt":"2024-12-27T10:14:08","guid":{"rendered":"https:\/\/loceldetolo.cat\/qui-som\/"},"modified":"2025-01-29T13:03:30","modified_gmt":"2025-01-29T12:03:30","slug":"who-we-are","status":"publish","type":"page","link":"https:\/\/loceldetolo.cat\/en\/who-we-are\/","title":{"rendered":"Who we are"},"content":{"rendered":"<style>.kb-row-layout-id7034_4a1bcd-ce > .kt-row-column-wrap{align-content:start;}:where(.kb-row-layout-id7034_4a1bcd-ce > .kt-row-column-wrap) > .wp-block-kadence-column{justify-content:start;}.kb-row-layout-id7034_4a1bcd-ce > .kt-row-column-wrap{column-gap:var(--global-kb-gap-lg, 4rem);row-gap:var(--global-kb-gap-lg, 4rem);max-width:var( --global-content-width, 1290px );padding-left:var(--global-content-edge-padding);padding-right:var(--global-content-edge-padding);padding-bottom:var(--global-kb-spacing-xl, 4rem);grid-template-columns:repeat(2, minmax(0, 1fr));}.kb-row-layout-id7034_4a1bcd-ce > .kt-row-layout-overlay{opacity:0.30;}@media all and (max-width: 1024px){.kb-row-layout-id7034_4a1bcd-ce > .kt-row-column-wrap{grid-template-columns:repeat(2, minmax(0, 1fr));}}@media all and (max-width: 767px){.kb-row-layout-id7034_4a1bcd-ce > .kt-row-column-wrap{grid-template-columns:minmax(0, 1fr);}}<\/style><div class=\"kb-row-layout-wrap kb-row-layout-id7034_4a1bcd-ce alignfull wp-block-kadence-rowlayout\"><div class=\"kt-row-column-wrap kt-has-2-columns kt-row-layout-equal kt-tab-layout-inherit kt-mobile-layout-row kt-row-valign-top kb-theme-content-width\">\n<style>.kadence-column7034_003921-c0 > .kt-inside-inner-col,.kadence-column7034_003921-c0 > .kt-inside-inner-col:before{border-top-left-radius:0px;border-top-right-radius:0px;border-bottom-right-radius:0px;border-bottom-left-radius:0px;}.kadence-column7034_003921-c0 > .kt-inside-inner-col{column-gap:var(--global-kb-gap-sm, 1rem);}.kadence-column7034_003921-c0 > .kt-inside-inner-col{flex-direction:column;}.kadence-column7034_003921-c0 > .kt-inside-inner-col > .aligncenter{width:100%;}.kadence-column7034_003921-c0 > .kt-inside-inner-col:before{opacity:0.3;}.kadence-column7034_003921-c0{position:relative;}@media all and (max-width: 1024px){.kadence-column7034_003921-c0 > .kt-inside-inner-col{flex-direction:column;justify-content:center;}}@media all and (max-width: 767px){.kadence-column7034_003921-c0 > .kt-inside-inner-col{flex-direction:column;justify-content:center;}}<\/style>\n<div class=\"wp-block-kadence-column kadence-column7034_003921-c0\"><div class=\"kt-inside-inner-col\">\n<h2 class=\"wp-block-heading\"><strong>Ecological Tourism is One of Our Key Goals<\/strong><\/h2>\n\n\n\n<p>Our adventure at Lo Cel de Tol\u00f3 began with the desire to leave the city behind and embrace a quieter, more nature-respecting life. In 2017, we fell in love with this beautiful spot and began restoring an old farmhouse in ruins.<\/p>\n\n\n<style>.wp-block-kadence-image.kb-image7034_b57656-9a:not(.kb-specificity-added):not(.kb-extra-specificity-added){margin-bottom:var(--global-kb-spacing-lg, 3rem);}.kb-image7034_b57656-9a .kb-image-has-overlay:after{opacity:0.3;}<\/style>\n<div class=\"wp-block-kadence-image kb-image7034_b57656-9a\"><figure class=\"aligncenter size-full\"><img loading=\"lazy\" decoding=\"async\" width=\"358\" height=\"238\" src=\"https:\/\/loceldetolo.cat\/wp-content\/uploads\/tolo-runes-e1718181588219.jpg\" alt=\"\" class=\"kb-img wp-image-219\" srcset=\"https:\/\/loceldetolo.cat\/wp-content\/uploads\/tolo-runes-e1718181588219.jpg 358w, https:\/\/loceldetolo.cat\/wp-content\/uploads\/tolo-runes-e1718181588219-300x199.jpg 300w\" sizes=\"auto, (max-width: 358px) 100vw, 358px\" \/><figcaption>Lo Cel de Tol\u00f3 years ago<\/figcaption><\/figure><\/div>\n\n\n\n<p class=\"wp-embed-aspect-16-9 wp-has-aspect-ratio\">Our goal was simple: to provide accommodation and food services at our rural house while making the most of the resources on our farm. This is why we cultivate an organic garden, have a free-range chicken coop, raise sheep for our own consumption, and have even adopted donkeys.<\/p>\n\n\n\n<p class=\"wp-embed-aspect-16-9 wp-has-aspect-ratio\">This allows us to offer fresh, high-quality food grown and treated organically, without using chemical products. This approach to ecological tourism not only benefits our guests but also helps preserve the environment that we cherish so much.<\/p>\n\n\n\n<p>With our project, we want your stay at Lo Cel de Tol\u00f3 to feel like home, surrounded by a quality rural setting committed to sustainability and ecological tourism.<\/p>\n\n\n\n<p>We continue working every day to make the dream of living in harmony with nature a reality. With each step we take, we feel more grateful for the opportunity to live in this wonderful place, surrounded by greenery and serenity.<\/p>\n\n\n\n<p>Our story continues, with the hope of inspiring those who seek a more sustainable life connected to the land, promoting ecological tourism in every corner of our farm.<\/p>\n<\/div><\/div>\n\n\n<style>.kadence-column7034_6a471e-2c > .kt-inside-inner-col,.kadence-column7034_6a471e-2c > .kt-inside-inner-col:before{border-top-left-radius:0px;border-top-right-radius:0px;border-bottom-right-radius:0px;border-bottom-left-radius:0px;}.kadence-column7034_6a471e-2c > .kt-inside-inner-col{column-gap:var(--global-kb-gap-sm, 1rem);}.kadence-column7034_6a471e-2c > .kt-inside-inner-col{flex-direction:column;}.kadence-column7034_6a471e-2c > .kt-inside-inner-col > .aligncenter{width:100%;}.kadence-column7034_6a471e-2c > .kt-inside-inner-col:before{opacity:0.3;}.kadence-column7034_6a471e-2c{position:relative;}@media all and (max-width: 1024px){.kadence-column7034_6a471e-2c > .kt-inside-inner-col{flex-direction:column;justify-content:center;}}@media all and (max-width: 767px){.kadence-column7034_6a471e-2c > .kt-inside-inner-col{flex-direction:column;justify-content:center;}}<\/style>\n<div class=\"wp-block-kadence-column kadence-column7034_6a471e-2c\"><div class=\"kt-inside-inner-col\"><style>.kb-image7034_5d1689-ae .kb-image-has-overlay:after{opacity:0.3;}<\/style>\n<div class=\"wp-block-kadence-image kb-image7034_5d1689-ae\"><figure class=\"aligncenter size-large\"><img loading=\"lazy\" decoding=\"async\" width=\"768\" height=\"1024\" src=\"https:\/\/loceldetolo.cat\/wp-content\/uploads\/IMG_7941-768x1024.jpg\" alt=\"\" class=\"kb-img wp-image-218\" srcset=\"https:\/\/loceldetolo.cat\/wp-content\/uploads\/IMG_7941-768x1024.jpg 768w, https:\/\/loceldetolo.cat\/wp-content\/uploads\/IMG_7941-225x300.jpg 225w, https:\/\/loceldetolo.cat\/wp-content\/uploads\/IMG_7941.jpg 1024w\" sizes=\"auto, (max-width: 768px) 100vw, 768px\" \/><figcaption>welcome<\/figcaption><\/figure><\/div>\n<\/div><\/div>\n\n<\/div><\/div>\n\n<style>.kb-row-layout-id7034_1ec5ca-4b > .kt-row-column-wrap{align-content:start;}:where(.kb-row-layout-id7034_1ec5ca-4b > .kt-row-column-wrap) > .wp-block-kadence-column{justify-content:start;}.kb-row-layout-id7034_1ec5ca-4b > .kt-row-column-wrap{column-gap:var(--global-kb-gap-md, 2rem);row-gap:var(--global-kb-gap-md, 2rem);max-width:900px;margin-left:auto;margin-right:auto;padding-top:var(--global-kb-spacing-3xl, 6.5rem);padding-bottom:var(--global-kb-spacing-3xl, 6.5rem);grid-template-columns:minmax(0, 2fr) minmax(0, 1fr);}.kb-row-layout-id7034_1ec5ca-4b{background-image:url('https:\/\/loceldetolo.cat\/wp-content\/uploads\/20240322_092403.jpg');background-size:cover;background-position:center center;background-attachment:scroll;background-repeat:no-repeat;}.kb-row-layout-id7034_1ec5ca-4b > .kt-row-layout-overlay{opacity:0.30;background-color:var(--global-palette4, #2D3748);}@media all and (max-width: 1024px){.kb-row-layout-id7034_1ec5ca-4b > .kt-row-column-wrap{grid-template-columns:minmax(0, 2fr) minmax(0, 1fr);}}@media all and (max-width: 767px){.kb-row-layout-id7034_1ec5ca-4b > .kt-row-column-wrap{grid-template-columns:minmax(0, 1fr);}}<\/style><div class=\"kb-row-layout-wrap kb-row-layout-id7034_1ec5ca-4b alignfull kt-row-has-bg wp-block-kadence-rowlayout\"><div class=\"kt-row-layout-overlay kt-row-overlay-normal\"><\/div><div class=\"kt-row-column-wrap kt-has-2-columns kt-row-layout-left-golden kt-tab-layout-inherit kt-mobile-layout-row kt-row-valign-top\">\n<style>.kadence-column7034_67e3c4-b8 > .kt-inside-inner-col,.kadence-column7034_67e3c4-b8 > .kt-inside-inner-col:before{border-top-left-radius:0px;border-top-right-radius:0px;border-bottom-right-radius:0px;border-bottom-left-radius:0px;}.kadence-column7034_67e3c4-b8 > .kt-inside-inner-col{column-gap:var(--global-kb-gap-sm, 1rem);}.kadence-column7034_67e3c4-b8 > .kt-inside-inner-col{flex-direction:column;}.kadence-column7034_67e3c4-b8 > .kt-inside-inner-col > .aligncenter{width:100%;}.kadence-column7034_67e3c4-b8 > .kt-inside-inner-col:before{opacity:0.3;}.kadence-column7034_67e3c4-b8{position:relative;}@media all and (max-width: 1024px){.kadence-column7034_67e3c4-b8 > .kt-inside-inner-col{flex-direction:column;justify-content:center;}}@media all and (max-width: 767px){.kadence-column7034_67e3c4-b8 > .kt-inside-inner-col{flex-direction:column;justify-content:center;}}<\/style>\n<div class=\"wp-block-kadence-column kadence-column7034_67e3c4-b8\"><div class=\"kt-inside-inner-col\"><style>.wp-block-kadence-advancedheading.kt-adv-heading7034_de7dc3-b6, .wp-block-kadence-advancedheading.kt-adv-heading7034_de7dc3-b6[data-kb-block=\"kb-adv-heading7034_de7dc3-b6\"]{text-align:left;font-style:normal;}.wp-block-kadence-advancedheading.kt-adv-heading7034_de7dc3-b6 mark.kt-highlight, .wp-block-kadence-advancedheading.kt-adv-heading7034_de7dc3-b6[data-kb-block=\"kb-adv-heading7034_de7dc3-b6\"] mark.kt-highlight{font-style:normal;color:#f76a0c;-webkit-box-decoration-break:clone;box-decoration-break:clone;padding-top:0px;padding-right:0px;padding-bottom:0px;padding-left:0px;}.wp-block-kadence-advancedheading.kt-adv-heading7034_de7dc3-b6 img.kb-inline-image, .wp-block-kadence-advancedheading.kt-adv-heading7034_de7dc3-b6[data-kb-block=\"kb-adv-heading7034_de7dc3-b6\"] img.kb-inline-image{width:150px;vertical-align:baseline;}<\/style>\n<h2 class=\"kt-adv-heading7034_de7dc3-b6 wp-block-kadence-advancedheading has-theme-palette-9-color has-text-color\" data-kb-block=\"kb-adv-heading7034_de7dc3-b6\">Sustainable Rural Accommodation<\/h2>\n\n\n\n<p class=\"has-text-align-left has-theme-palette-9-color has-text-color has-link-color wp-elements-edf2d476f9fc3b878602bf7398b25012\">If what you&#8217;re looking for is a sustainable tourism alternative, full of charm, with organic, locally sourced food, and a natural environment where you can truly disconnect\u2026<\/p>\n\n\n\n<p class=\"has-text-align-left has-theme-palette-9-color has-text-color has-link-color wp-elements-f8bf99121b34bde32aab5e3d50bf89a4\"><strong>Lo Cel de Tol\u00f3 is your perfect choice!<\/strong><\/p>\n\n\n<style>.wp-block-kadence-advancedbtn.kb-btns7034_6c9ace-f8{gap:var(--global-kb-gap-xs, 0.5rem );justify-content:flex-start;align-items:center;}.kt-btns7034_6c9ace-f8 .kt-button{font-weight:normal;font-style:normal;}.kt-btns7034_6c9ace-f8 .kt-btn-wrap-0{margin-right:5px;}.wp-block-kadence-advancedbtn.kt-btns7034_6c9ace-f8 .kt-btn-wrap-0 .kt-button{color:#555555;border-color:#555555;}.wp-block-kadence-advancedbtn.kt-btns7034_6c9ace-f8 .kt-btn-wrap-0 .kt-button:hover, .wp-block-kadence-advancedbtn.kt-btns7034_6c9ace-f8 .kt-btn-wrap-0 .kt-button:focus{color:#ffffff;border-color:#444444;}.wp-block-kadence-advancedbtn.kt-btns7034_6c9ace-f8 .kt-btn-wrap-0 .kt-button::before{display:none;}.wp-block-kadence-advancedbtn.kt-btns7034_6c9ace-f8 .kt-btn-wrap-0 .kt-button:hover, .wp-block-kadence-advancedbtn.kt-btns7034_6c9ace-f8 .kt-btn-wrap-0 .kt-button:focus{background:#444444;}<\/style>\n<div class=\"wp-block-kadence-advancedbtn kb-buttons-wrap kb-btns7034_6c9ace-f8\"><style>ul.menu .wp-block-kadence-advancedbtn .kb-btn7034_b06ada-7d.kb-button{width:initial;}<\/style><a class=\"kb-button kt-button button kb-btn7034_b06ada-7d kt-btn-size-standard kt-btn-width-type-auto kb-btn-global-fill  kt-btn-has-text-true kt-btn-has-svg-false  wp-block-kadence-singlebtn\" href=\"https:\/\/loceldetolo.cat\/reserves\/\"><span class=\"kt-btn-inner-text\">Book now at best price!<\/span><\/a><\/div>\n<\/div><\/div>\n\n\n<style>.kadence-column7034_f250e3-d8 > .kt-inside-inner-col,.kadence-column7034_f250e3-d8 > .kt-inside-inner-col:before{border-top-left-radius:0px;border-top-right-radius:0px;border-bottom-right-radius:0px;border-bottom-left-radius:0px;}.kadence-column7034_f250e3-d8 > .kt-inside-inner-col{column-gap:var(--global-kb-gap-sm, 1rem);}.kadence-column7034_f250e3-d8 > .kt-inside-inner-col{flex-direction:column;}.kadence-column7034_f250e3-d8 > .kt-inside-inner-col > .aligncenter{width:100%;}.kadence-column7034_f250e3-d8 > .kt-inside-inner-col:before{opacity:0.3;}.kadence-column7034_f250e3-d8{position:relative;}@media all and (max-width: 1024px){.kadence-column7034_f250e3-d8 > .kt-inside-inner-col{flex-direction:column;justify-content:center;}}@media all and (max-width: 767px){.kadence-column7034_f250e3-d8 > .kt-inside-inner-col{flex-direction:column;justify-content:center;}}<\/style>\n<div class=\"wp-block-kadence-column kadence-column7034_f250e3-d8\"><div class=\"kt-inside-inner-col\"><\/div><\/div>\n\n<\/div><\/div>","protected":false},"excerpt":{"rendered":"<p>Ecological Tourism is One of Our Key Goals Our adventure at Lo Cel de Tol\u00f3 began with the desire to leave the city behind and embrace a quieter, more nature-respecting life. In 2017, we fell in love with this beautiful spot and began restoring an old farmhouse in ruins. Our goal was simple: to provide&#8230;<\/p>\n","protected":false},"author":1,"featured_media":0,"parent":0,"menu_order":0,"comment_status":"closed","ping_status":"closed","template":"","meta":{"_kad_post_transparent":"","_kad_post_title":"","_kad_post_layout":"","_kad_post_sidebar_id":"","_kad_post_content_style":"","_kad_post_vertical_padding":"","_kad_post_feature":"","_kad_post_feature_position":"","_kad_post_header":false,"_kad_post_footer":false,"_kad_post_classname":"","footnotes":""},"class_list":["post-7034","page","type-page","status-publish","hentry"],"yoast_head":"<!-- This site is optimized with the Yoast SEO plugin v27.3 - https:\/\/yoast.com\/product\/yoast-seo-wordpress\/ -->\n<title>Turisme Ecol\u00f2gic en Lo Cel de Tol\u00f3: El teu Allotjament Sostenible<\/title>\n<meta name=\"description\" content=\"Descobreix Lo Cel de Tol\u00f3, on el turisme ecol\u00f2gic \u00e9s una forma de vida. Gaudeix d&#039;un entorn amb una experi\u00e8ncia en la naturalesa.\" \/>\n<meta name=\"robots\" content=\"index, follow, max-snippet:-1, max-image-preview:large, max-video-preview:-1\" \/>\n<link rel=\"canonical\" href=\"https:\/\/loceldetolo.cat\/en\/who-we-are\/\" \/>\n<meta property=\"og:locale\" content=\"en_US\" \/>\n<meta property=\"og:type\" content=\"article\" \/>\n<meta property=\"og:title\" content=\"Turisme Ecol\u00f2gic en Lo Cel de Tol\u00f3: El teu Allotjament Sostenible\" \/>\n<meta property=\"og:description\" content=\"Descobreix Lo Cel de Tol\u00f3, on el turisme ecol\u00f2gic \u00e9s una forma de vida. Gaudeix d&#039;un entorn amb una experi\u00e8ncia en la naturalesa.\" \/>\n<meta property=\"og:url\" content=\"https:\/\/loceldetolo.cat\/en\/who-we-are\/\" \/>\n<meta property=\"og:site_name\" content=\"Lo Cel de Tol\u00f3\" \/>\n<meta property=\"article:publisher\" content=\"https:\/\/www.facebook.com\/loceldetolo\" \/>\n<meta property=\"article:modified_time\" content=\"2025-01-29T12:03:30+00:00\" \/>\n<meta property=\"og:image\" content=\"https:\/\/loceldetolo.cat\/wp-content\/uploads\/tolo-runes-e1718181588219.jpg\" \/>\n\t<meta property=\"og:image:width\" content=\"358\" \/>\n\t<meta property=\"og:image:height\" content=\"238\" \/>\n\t<meta property=\"og:image:type\" content=\"image\/jpeg\" \/>\n<meta name=\"twitter:card\" content=\"summary_large_image\" \/>\n<script type=\"application\/ld+json\" class=\"yoast-schema-graph\">{\"@context\":\"https:\\\/\\\/schema.org\",\"@graph\":[{\"@type\":\"WebPage\",\"@id\":\"https:\\\/\\\/loceldetolo.cat\\\/en\\\/who-we-are\\\/\",\"url\":\"https:\\\/\\\/loceldetolo.cat\\\/en\\\/who-we-are\\\/\",\"name\":\"Turisme Ecol\u00f2gic en Lo Cel de Tol\u00f3: El teu Allotjament Sostenible\",\"isPartOf\":{\"@id\":\"https:\\\/\\\/loceldetolo.cat\\\/#website\"},\"primaryImageOfPage\":{\"@id\":\"https:\\\/\\\/loceldetolo.cat\\\/en\\\/who-we-are\\\/#primaryimage\"},\"image\":{\"@id\":\"https:\\\/\\\/loceldetolo.cat\\\/en\\\/who-we-are\\\/#primaryimage\"},\"thumbnailUrl\":\"https:\\\/\\\/loceldetolo.cat\\\/wp-content\\\/uploads\\\/tolo-runes-e1718181588219.jpg\",\"datePublished\":\"2024-12-27T10:14:08+00:00\",\"dateModified\":\"2025-01-29T12:03:30+00:00\",\"description\":\"Descobreix Lo Cel de Tol\u00f3, on el turisme ecol\u00f2gic \u00e9s una forma de vida. Gaudeix d'un entorn amb una experi\u00e8ncia en la naturalesa.\",\"breadcrumb\":{\"@id\":\"https:\\\/\\\/loceldetolo.cat\\\/en\\\/who-we-are\\\/#breadcrumb\"},\"inLanguage\":\"en-US\",\"potentialAction\":[{\"@type\":\"ReadAction\",\"target\":[\"https:\\\/\\\/loceldetolo.cat\\\/en\\\/who-we-are\\\/\"]}]},{\"@type\":\"ImageObject\",\"inLanguage\":\"en-US\",\"@id\":\"https:\\\/\\\/loceldetolo.cat\\\/en\\\/who-we-are\\\/#primaryimage\",\"url\":\"https:\\\/\\\/loceldetolo.cat\\\/wp-content\\\/uploads\\\/tolo-runes-e1718181588219.jpg\",\"contentUrl\":\"https:\\\/\\\/loceldetolo.cat\\\/wp-content\\\/uploads\\\/tolo-runes-e1718181588219.jpg\"},{\"@type\":\"BreadcrumbList\",\"@id\":\"https:\\\/\\\/loceldetolo.cat\\\/en\\\/who-we-are\\\/#breadcrumb\",\"itemListElement\":[{\"@type\":\"ListItem\",\"position\":1,\"name\":\"Inici\",\"item\":\"https:\\\/\\\/loceldetolo.cat\\\/en\\\/\"},{\"@type\":\"ListItem\",\"position\":2,\"name\":\"Who we are\"}]},{\"@type\":\"WebSite\",\"@id\":\"https:\\\/\\\/loceldetolo.cat\\\/#website\",\"url\":\"https:\\\/\\\/loceldetolo.cat\\\/\",\"name\":\"Lo Cel de Tol\u00f3\",\"description\":\"Allotjament rural sostenible\",\"publisher\":{\"@id\":\"https:\\\/\\\/loceldetolo.cat\\\/#organization\"},\"potentialAction\":[{\"@type\":\"SearchAction\",\"target\":{\"@type\":\"EntryPoint\",\"urlTemplate\":\"https:\\\/\\\/loceldetolo.cat\\\/?s={search_term_string}\"},\"query-input\":{\"@type\":\"PropertyValueSpecification\",\"valueRequired\":true,\"valueName\":\"search_term_string\"}}],\"inLanguage\":\"en-US\"},{\"@type\":\"Organization\",\"@id\":\"https:\\\/\\\/loceldetolo.cat\\\/#organization\",\"name\":\"LO CEL DE TOLO\",\"url\":\"https:\\\/\\\/loceldetolo.cat\\\/\",\"logo\":{\"@type\":\"ImageObject\",\"inLanguage\":\"en-US\",\"@id\":\"https:\\\/\\\/loceldetolo.cat\\\/#\\\/schema\\\/logo\\\/image\\\/\",\"url\":\"https:\\\/\\\/loceldetolo.cat\\\/wp-content\\\/uploads\\\/logo-in-black.webp\",\"contentUrl\":\"https:\\\/\\\/loceldetolo.cat\\\/wp-content\\\/uploads\\\/logo-in-black.webp\",\"width\":742,\"height\":213,\"caption\":\"LO CEL DE TOLO\"},\"image\":{\"@id\":\"https:\\\/\\\/loceldetolo.cat\\\/#\\\/schema\\\/logo\\\/image\\\/\"},\"sameAs\":[\"https:\\\/\\\/www.facebook.com\\\/loceldetolo\",\"https:\\\/\\\/www.instagram.com\\\/loceldetolo\\\/\"]}]}<\/script>\n<!-- \/ Yoast SEO plugin. -->","yoast_head_json":{"title":"Turisme Ecol\u00f2gic en Lo Cel de Tol\u00f3: El teu Allotjament Sostenible","description":"Descobreix Lo Cel de Tol\u00f3, on el turisme ecol\u00f2gic \u00e9s una forma de vida. Gaudeix d'un entorn amb una experi\u00e8ncia en la naturalesa.","robots":{"index":"index","follow":"follow","max-snippet":"max-snippet:-1","max-image-preview":"max-image-preview:large","max-video-preview":"max-video-preview:-1"},"canonical":"https:\/\/loceldetolo.cat\/en\/who-we-are\/","og_locale":"en_US","og_type":"article","og_title":"Turisme Ecol\u00f2gic en Lo Cel de Tol\u00f3: El teu Allotjament Sostenible","og_description":"Descobreix Lo Cel de Tol\u00f3, on el turisme ecol\u00f2gic \u00e9s una forma de vida. Gaudeix d'un entorn amb una experi\u00e8ncia en la naturalesa.","og_url":"https:\/\/loceldetolo.cat\/en\/who-we-are\/","og_site_name":"Lo Cel de Tol\u00f3","article_publisher":"https:\/\/www.facebook.com\/loceldetolo","article_modified_time":"2025-01-29T12:03:30+00:00","og_image":[{"width":358,"height":238,"url":"https:\/\/loceldetolo.cat\/wp-content\/uploads\/tolo-runes-e1718181588219.jpg","type":"image\/jpeg"}],"twitter_card":"summary_large_image","schema":{"@context":"https:\/\/schema.org","@graph":[{"@type":"WebPage","@id":"https:\/\/loceldetolo.cat\/en\/who-we-are\/","url":"https:\/\/loceldetolo.cat\/en\/who-we-are\/","name":"Turisme Ecol\u00f2gic en Lo Cel de Tol\u00f3: El teu Allotjament Sostenible","isPartOf":{"@id":"https:\/\/loceldetolo.cat\/#website"},"primaryImageOfPage":{"@id":"https:\/\/loceldetolo.cat\/en\/who-we-are\/#primaryimage"},"image":{"@id":"https:\/\/loceldetolo.cat\/en\/who-we-are\/#primaryimage"},"thumbnailUrl":"https:\/\/loceldetolo.cat\/wp-content\/uploads\/tolo-runes-e1718181588219.jpg","datePublished":"2024-12-27T10:14:08+00:00","dateModified":"2025-01-29T12:03:30+00:00","description":"Descobreix Lo Cel de Tol\u00f3, on el turisme ecol\u00f2gic \u00e9s una forma de vida. Gaudeix d'un entorn amb una experi\u00e8ncia en la naturalesa.","breadcrumb":{"@id":"https:\/\/loceldetolo.cat\/en\/who-we-are\/#breadcrumb"},"inLanguage":"en-US","potentialAction":[{"@type":"ReadAction","target":["https:\/\/loceldetolo.cat\/en\/who-we-are\/"]}]},{"@type":"ImageObject","inLanguage":"en-US","@id":"https:\/\/loceldetolo.cat\/en\/who-we-are\/#primaryimage","url":"https:\/\/loceldetolo.cat\/wp-content\/uploads\/tolo-runes-e1718181588219.jpg","contentUrl":"https:\/\/loceldetolo.cat\/wp-content\/uploads\/tolo-runes-e1718181588219.jpg"},{"@type":"BreadcrumbList","@id":"https:\/\/loceldetolo.cat\/en\/who-we-are\/#breadcrumb","itemListElement":[{"@type":"ListItem","position":1,"name":"Inici","item":"https:\/\/loceldetolo.cat\/en\/"},{"@type":"ListItem","position":2,"name":"Who we are"}]},{"@type":"WebSite","@id":"https:\/\/loceldetolo.cat\/#website","url":"https:\/\/loceldetolo.cat\/","name":"Lo Cel de Tol\u00f3","description":"Allotjament rural sostenible","publisher":{"@id":"https:\/\/loceldetolo.cat\/#organization"},"potentialAction":[{"@type":"SearchAction","target":{"@type":"EntryPoint","urlTemplate":"https:\/\/loceldetolo.cat\/?s={search_term_string}"},"query-input":{"@type":"PropertyValueSpecification","valueRequired":true,"valueName":"search_term_string"}}],"inLanguage":"en-US"},{"@type":"Organization","@id":"https:\/\/loceldetolo.cat\/#organization","name":"LO CEL DE TOLO","url":"https:\/\/loceldetolo.cat\/","logo":{"@type":"ImageObject","inLanguage":"en-US","@id":"https:\/\/loceldetolo.cat\/#\/schema\/logo\/image\/","url":"https:\/\/loceldetolo.cat\/wp-content\/uploads\/logo-in-black.webp","contentUrl":"https:\/\/loceldetolo.cat\/wp-content\/uploads\/logo-in-black.webp","width":742,"height":213,"caption":"LO CEL DE TOLO"},"image":{"@id":"https:\/\/loceldetolo.cat\/#\/schema\/logo\/image\/"},"sameAs":["https:\/\/www.facebook.com\/loceldetolo","https:\/\/www.instagram.com\/loceldetolo\/"]}]}},"_links":{"self":[{"href":"https:\/\/loceldetolo.cat\/en\/wp-json\/wp\/v2\/pages\/7034","targetHints":{"allow":["GET"]}}],"collection":[{"href":"https:\/\/loceldetolo.cat\/en\/wp-json\/wp\/v2\/pages"}],"about":[{"href":"https:\/\/loceldetolo.cat\/en\/wp-json\/wp\/v2\/types\/page"}],"author":[{"embeddable":true,"href":"https:\/\/loceldetolo.cat\/en\/wp-json\/wp\/v2\/users\/1"}],"replies":[{"embeddable":true,"href":"https:\/\/loceldetolo.cat\/en\/wp-json\/wp\/v2\/comments?post=7034"}],"version-history":[{"count":5,"href":"https:\/\/loceldetolo.cat\/en\/wp-json\/wp\/v2\/pages\/7034\/revisions"}],"predecessor-version":[{"id":7317,"href":"https:\/\/loceldetolo.cat\/en\/wp-json\/wp\/v2\/pages\/7034\/revisions\/7317"}],"wp:attachment":[{"href":"https:\/\/loceldetolo.cat\/en\/wp-json\/wp\/v2\/media?parent=7034"}],"curies":[{"name":"wp","href":"https:\/\/api.w.org\/{rel}","templated":true}]}}