{"id":5928,"date":"2024-12-27T13:50:12","date_gmt":"2024-12-27T12:50:12","guid":{"rendered":"https:\/\/loceldetolo.cat\/retir-de-ioga-equinocci-de-primavera\/"},"modified":"2025-01-21T12:52:25","modified_gmt":"2025-01-21T11:52:25","slug":"retir-de-ioga-equinocci-de-primavera","status":"publish","type":"page","link":"https:\/\/loceldetolo.cat\/en\/retir-de-ioga-equinocci-de-primavera\/","title":{"rendered":"Retir de ioga equinocci de primavera"},"content":{"rendered":"<style>.kb-row-layout-id147_b34cc2-39 > .kt-row-column-wrap{align-content:start;}:where(.kb-row-layout-id147_b34cc2-39 > .kt-row-column-wrap) > .wp-block-kadence-column{justify-content:start;}.kb-row-layout-id147_b34cc2-39 > .kt-row-column-wrap{column-gap:var(--global-kb-gap-md, 2rem);row-gap:var(--global-kb-gap-md, 2rem);max-width:var( --global-content-width, 1290px );padding-left:var(--global-content-edge-padding);padding-right:var(--global-content-edge-padding);padding-top:var(--global-kb-spacing-sm, 1.5rem);padding-bottom:var(--global-kb-spacing-sm, 1.5rem);grid-template-columns:repeat(2, minmax(0, 1fr));}.kb-row-layout-id147_b34cc2-39 > .kt-row-layout-overlay{opacity:0.30;}@media all and (max-width: 1024px){.kb-row-layout-id147_b34cc2-39 > .kt-row-column-wrap{grid-template-columns:repeat(2, minmax(0, 1fr));}}@media all and (max-width: 767px){.kb-row-layout-id147_b34cc2-39 > .kt-row-column-wrap{grid-template-columns:minmax(0, 1fr);}}<\/style><div class=\"kb-row-layout-wrap kb-row-layout-id147_b34cc2-39 alignfull wp-block-kadence-rowlayout\"><div class=\"kt-row-column-wrap kt-has-2-columns kt-row-layout-equal kt-tab-layout-inherit kt-mobile-layout-row kt-row-valign-top kb-theme-content-width\">\n<style>.kadence-column147_c23b68-fa > .kt-inside-inner-col,.kadence-column147_c23b68-fa > .kt-inside-inner-col:before{border-top-left-radius:0px;border-top-right-radius:0px;border-bottom-right-radius:0px;border-bottom-left-radius:0px;}.kadence-column147_c23b68-fa > .kt-inside-inner-col{column-gap:var(--global-kb-gap-sm, 1rem);}.kadence-column147_c23b68-fa > .kt-inside-inner-col{flex-direction:column;}.kadence-column147_c23b68-fa > .kt-inside-inner-col > .aligncenter{width:100%;}.kadence-column147_c23b68-fa > .kt-inside-inner-col:before{opacity:0.3;}.kadence-column147_c23b68-fa{position:relative;}@media all and (max-width: 1024px){.kadence-column147_c23b68-fa > .kt-inside-inner-col{flex-direction:column;justify-content:center;}}@media all and (max-width: 767px){.kadence-column147_c23b68-fa > .kt-inside-inner-col{flex-direction:column;justify-content:center;}}<\/style>\n<div class=\"wp-block-kadence-column kadence-column147_c23b68-fa\"><div class=\"kt-inside-inner-col\"><style>.wp-block-kadence-advancedheading.kt-adv-heading147_bf6805-1a, .wp-block-kadence-advancedheading.kt-adv-heading147_bf6805-1a[data-kb-block=\"kb-adv-heading147_bf6805-1a\"]{font-style:normal;}.wp-block-kadence-advancedheading.kt-adv-heading147_bf6805-1a mark.kt-highlight, .wp-block-kadence-advancedheading.kt-adv-heading147_bf6805-1a[data-kb-block=\"kb-adv-heading147_bf6805-1a\"] mark.kt-highlight{font-style:normal;color:#f76a0c;-webkit-box-decoration-break:clone;box-decoration-break:clone;padding-top:0px;padding-right:0px;padding-bottom:0px;padding-left:0px;}.wp-block-kadence-advancedheading.kt-adv-heading147_bf6805-1a img.kb-inline-image, .wp-block-kadence-advancedheading.kt-adv-heading147_bf6805-1a[data-kb-block=\"kb-adv-heading147_bf6805-1a\"] img.kb-inline-image{width:150px;vertical-align:baseline;}<\/style>\n<h2 class=\"kt-adv-heading147_bf6805-1a wp-block-kadence-advancedheading\" data-kb-block=\"kb-adv-heading147_bf6805-1a\">Retir de ioga equinocci de primavera<\/h2>\n\n\n\n<p>La natura segueix el curs, els cicles continuen, i tenim l\u2019oportunitat de celebrar l\u2019esplendor de la primavera.<\/p>\n\n\n\n<p>La primavera \u00e9s quan la natura comen\u00e7a a florir i despertar espl\u00e8ndidament. Aix\u00ed, seguint el ritme de la Natura i connectant amb l\u2019estaci\u00f3 de la primavera, tamb\u00e9 \u00e9s un bon moment perqu\u00e8 floreixin els prop\u00f2sits que hem gestat durant els mesos de l\u2019hivern, que s\u00f3n els mesos que ens proposen introspecci\u00f3 i reflexi\u00f3.<\/p>\n\n\n\n<p>T\u2019oferim participar en aquest retir d\u2019inici de primavera perqu\u00e8, a trav\u00e9s de la Natura, l\u2019alimentaci\u00f3 conscient, el ioga, la meditaci\u00f3 i altres m\u00e8todes d\u2019autoconeixement i creixement personal puguis donar forma i trobar els recursos necessaris per fer de forma harmoniosa els prop\u00f2sits desitjats. Alliberant-nos de cuirasses, pors i depend\u00e8ncies; per retrobar-nos amb la nostra ess\u00e8ncia que \u00e9s: llibertat, seguretat, confian\u00e7a, trobant en nosaltres mateixos, la inspiraci\u00f3 i els recursos per fer front a qualsevol situaci\u00f3 que ens surti al pas, empoderant-te amb la natura i la m\u00e0gia grupal d\u2019aquest espai.<\/p>\n\n\n\n<p>Hem triat la primavera per transmetre el nostre ideal d\u2019autosanaci\u00f3 i harmonia, per equilibrar el cos f\u00edsic, regular el sistema nervi\u00f3s, calmar la ment, respirar l\u2019energia de la Natura, sentir els teus prop\u00f2sits de vida, que et nodreixis com et mereixes i t\u2019ho passis espl\u00e8ndidament en uni\u00f3 i compartint en un grup de persones amb els teus mateixos anhels. La proposta est\u00e0 oberta a persones de qualsevol edat i condici\u00f3 f\u00edsica, amb experi\u00e8ncia o sense en l\u2019\u00e0mbit del ioga i la meditaci\u00f3.<\/p>\n\n\n\n<p>Tot aix\u00f2 en un entorn a la natura, on la N\u00faria i el Marc estaran sempre atents perqu\u00e8 la nostra estada i nutrici\u00f3 ens proporcioni experi\u00e8ncies gratificants. Pensi\u00f3 completa (menjar vegetari\u00e0 i ecol\u00f2gic), es tindr\u00e0 en compte intoler\u00e0ncies i al\u00b7l\u00e8rgies aliment\u00e0ries (informar-ho en realitzar la inscripci\u00f3). Entre activitats, podrem gaudir de tes o infusions de plantes cuidades i assecades a la casa.<\/p>\n<\/div><\/div>\n\n\n<style>.kadence-column147_2686f7-b6 > .kt-inside-inner-col,.kadence-column147_2686f7-b6 > .kt-inside-inner-col:before{border-top-left-radius:0px;border-top-right-radius:0px;border-bottom-right-radius:0px;border-bottom-left-radius:0px;}.kadence-column147_2686f7-b6 > .kt-inside-inner-col{column-gap:var(--global-kb-gap-sm, 1rem);}.kadence-column147_2686f7-b6 > .kt-inside-inner-col{flex-direction:column;}.kadence-column147_2686f7-b6 > .kt-inside-inner-col > .aligncenter{width:100%;}.kadence-column147_2686f7-b6 > .kt-inside-inner-col:before{opacity:0.3;}.kadence-column147_2686f7-b6{position:relative;}@media all and (max-width: 1024px){.kadence-column147_2686f7-b6 > .kt-inside-inner-col{flex-direction:column;justify-content:center;}}@media all and (max-width: 767px){.kadence-column147_2686f7-b6 > .kt-inside-inner-col{flex-direction:column;justify-content:center;}}<\/style>\n<div class=\"wp-block-kadence-column kadence-column147_2686f7-b6\"><div class=\"kt-inside-inner-col\"><style>.wp-block-kadence-advancedheading.kt-adv-heading147_f7d16d-a2, .wp-block-kadence-advancedheading.kt-adv-heading147_f7d16d-a2[data-kb-block=\"kb-adv-heading147_f7d16d-a2\"]{text-align:center;font-style:normal;}.wp-block-kadence-advancedheading.kt-adv-heading147_f7d16d-a2 mark.kt-highlight, .wp-block-kadence-advancedheading.kt-adv-heading147_f7d16d-a2[data-kb-block=\"kb-adv-heading147_f7d16d-a2\"] mark.kt-highlight{font-style:normal;color:#f76a0c;-webkit-box-decoration-break:clone;box-decoration-break:clone;padding-top:0px;padding-right:0px;padding-bottom:0px;padding-left:0px;}.wp-block-kadence-advancedheading.kt-adv-heading147_f7d16d-a2 img.kb-inline-image, .wp-block-kadence-advancedheading.kt-adv-heading147_f7d16d-a2[data-kb-block=\"kb-adv-heading147_f7d16d-a2\"] img.kb-inline-image{width:150px;vertical-align:baseline;}<\/style>\n<p class=\"kt-adv-heading147_f7d16d-a2 wp-block-kadence-advancedheading\" data-kb-block=\"kb-adv-heading147_f7d16d-a2\"><strong>Estem molt feli\u00e7os de poder oferir-te aquest Retir tan especial.<\/strong><\/p>\n\n\n\n<p><strong>Data: <\/strong>Del 21 al 23 de mar\u00e7 de 2025<br><strong>Lloc:<\/strong> Lo Cel de Tol\u00f3 (Tol\u00f3, Lleida)<\/p>\n\n\n\n<p><strong>10 Places disponibles<\/strong><br>Es reservaran per ordre de pagament de reserva de pla\u00e7a. A banda de les activitats de ioga i meditaci\u00f3 que farem, tamb\u00e9 podem aprendre com funciona un hort ecol\u00f2gic i ser autosuficient.&nbsp;<\/p>\n\n\n<style>.wp-block-kadence-advancedheading.kt-adv-heading147_53c6a7-db, .wp-block-kadence-advancedheading.kt-adv-heading147_53c6a7-db[data-kb-block=\"kb-adv-heading147_53c6a7-db\"]{font-style:normal;}.wp-block-kadence-advancedheading.kt-adv-heading147_53c6a7-db mark.kt-highlight, .wp-block-kadence-advancedheading.kt-adv-heading147_53c6a7-db[data-kb-block=\"kb-adv-heading147_53c6a7-db\"] mark.kt-highlight{font-style:normal;color:#f76a0c;-webkit-box-decoration-break:clone;box-decoration-break:clone;padding-top:0px;padding-right:0px;padding-bottom:0px;padding-left:0px;}.wp-block-kadence-advancedheading.kt-adv-heading147_53c6a7-db img.kb-inline-image, .wp-block-kadence-advancedheading.kt-adv-heading147_53c6a7-db[data-kb-block=\"kb-adv-heading147_53c6a7-db\"] img.kb-inline-image{width:150px;vertical-align:baseline;}<\/style>\n<h3 class=\"kt-adv-heading147_53c6a7-db wp-block-kadence-advancedheading\" data-kb-block=\"kb-adv-heading147_53c6a7-db\">Preu<\/h3>\n\n\n\n<p>En aquest retir, disposarem de la casa sencera exclusivament per a nosaltres. L&#8217;import total amb habitaci\u00f3 compartida \u00e9s de 325 \u20ac.<\/p>\n\n\n\n<p>Inclou estada, pensi\u00f3 completa (sopar de divendres, tots els dinars de dissabte, esmorzar i dinar de diumenge), roba de llit i tovalloles, totes les activitats amb la tasca de l\u2019equip organitzatiu (dos facilitadors). Despla\u00e7ament no incl\u00f2s.<\/p>\n\n\n\n<p>Si fas el pagament \u00edntegre abans del&nbsp;<strong>31 de gener<\/strong>&nbsp;el preu ser\u00e0 de&nbsp;<strong>300\u202f\u20ac<\/strong>.<\/p>\n\n\n\n<p>Pagament reserva de pla\u00e7a: 80\u202f\u20ac.<\/p>\n\n\n<style>.wp-block-kadence-advancedheading.kt-adv-heading147_1fe9e5-9d, .wp-block-kadence-advancedheading.kt-adv-heading147_1fe9e5-9d[data-kb-block=\"kb-adv-heading147_1fe9e5-9d\"]{font-style:normal;}.wp-block-kadence-advancedheading.kt-adv-heading147_1fe9e5-9d mark.kt-highlight, .wp-block-kadence-advancedheading.kt-adv-heading147_1fe9e5-9d[data-kb-block=\"kb-adv-heading147_1fe9e5-9d\"] mark.kt-highlight{font-style:normal;color:#f76a0c;-webkit-box-decoration-break:clone;box-decoration-break:clone;padding-top:0px;padding-right:0px;padding-bottom:0px;padding-left:0px;}.wp-block-kadence-advancedheading.kt-adv-heading147_1fe9e5-9d img.kb-inline-image, .wp-block-kadence-advancedheading.kt-adv-heading147_1fe9e5-9d[data-kb-block=\"kb-adv-heading147_1fe9e5-9d\"] img.kb-inline-image{width:150px;vertical-align:baseline;}<\/style>\n<h3 class=\"kt-adv-heading147_1fe9e5-9d wp-block-kadence-advancedheading\" data-kb-block=\"kb-adv-heading147_1fe9e5-9d\">Mobilitat<\/h3>\n\n\n\n<p>Per a les persones que no disposin de vehicle o vulguin compartir, ens podem organitzar per compartir amb altres participants (per tenir en compte l\u2019efici\u00e8ncia ecol\u00f2gica, pr\u00e0ctica i econ\u00f2mica).<\/p>\n\n\n<style>.wp-block-kadence-advancedheading.kt-adv-heading147_8507cd-d9, .wp-block-kadence-advancedheading.kt-adv-heading147_8507cd-d9[data-kb-block=\"kb-adv-heading147_8507cd-d9\"]{font-style:normal;}.wp-block-kadence-advancedheading.kt-adv-heading147_8507cd-d9 mark.kt-highlight, .wp-block-kadence-advancedheading.kt-adv-heading147_8507cd-d9[data-kb-block=\"kb-adv-heading147_8507cd-d9\"] mark.kt-highlight{font-style:normal;color:#f76a0c;-webkit-box-decoration-break:clone;box-decoration-break:clone;padding-top:0px;padding-right:0px;padding-bottom:0px;padding-left:0px;}.wp-block-kadence-advancedheading.kt-adv-heading147_8507cd-d9 img.kb-inline-image, .wp-block-kadence-advancedheading.kt-adv-heading147_8507cd-d9[data-kb-block=\"kb-adv-heading147_8507cd-d9\"] img.kb-inline-image{width:150px;vertical-align:baseline;}<\/style>\n<h2 class=\"kt-adv-heading147_8507cd-d9 wp-block-kadence-advancedheading\" data-kb-block=\"kb-adv-heading147_8507cd-d9\">Informaci\u00f3 i reserves<\/h2>\n\n\n\n<p> Montse y Josep<\/p>\n\n\n\n<p>937 333 122<br>681 359 397<br><a href=\"mailto:nordholistic@nordholistic.com\">nordholistic@nordholistic.com<\/a><br><a href=\"https:\/\/nordholistic.cat\/\" target=\"_blank\" rel=\"noreferrer noopener\">www.nordholistic.cat<\/a><\/p>\n<\/div><\/div>\n\n<\/div><\/div>","protected":false},"excerpt":{"rendered":"<p>Retir de ioga equinocci de primavera La natura segueix el curs, els cicles continuen, i tenim l\u2019oportunitat de celebrar l\u2019esplendor de la primavera. La primavera \u00e9s quan la natura comen\u00e7a a florir i despertar espl\u00e8ndidament. Aix\u00ed, seguint el ritme de la Natura i connectant amb l\u2019estaci\u00f3 de la primavera, tamb\u00e9 \u00e9s un bon moment perqu\u00e8&#8230;<\/p>\n","protected":false},"author":1,"featured_media":0,"parent":0,"menu_order":0,"comment_status":"closed","ping_status":"closed","template":"","meta":{"_kad_post_transparent":"","_kad_post_title":"","_kad_post_layout":"","_kad_post_sidebar_id":"","_kad_post_content_style":"","_kad_post_vertical_padding":"","_kad_post_feature":"","_kad_post_feature_position":"","_kad_post_header":false,"_kad_post_footer":false,"_kad_post_classname":"","footnotes":""},"class_list":["post-5928","page","type-page","status-publish","hentry"],"yoast_head":"<!-- This site is optimized with the Yoast SEO plugin v27.3 - https:\/\/yoast.com\/product\/yoast-seo-wordpress\/ -->\n<title>Retir de ioga equinocci de primavera - Lo Cel de Tol\u00f3<\/title>\n<meta name=\"robots\" content=\"index, follow, max-snippet:-1, max-image-preview:large, max-video-preview:-1\" \/>\n<link rel=\"canonical\" href=\"https:\/\/loceldetolo.cat\/en\/retir-de-ioga-equinocci-de-primavera\/\" \/>\n<meta property=\"og:locale\" content=\"en_US\" \/>\n<meta property=\"og:type\" content=\"article\" \/>\n<meta property=\"og:title\" content=\"Retir de ioga equinocci de primavera - Lo Cel de Tol\u00f3\" \/>\n<meta property=\"og:description\" content=\"Retir de ioga equinocci de primavera La natura segueix el curs, els cicles continuen, i tenim l\u2019oportunitat de celebrar l\u2019esplendor de la primavera. La primavera \u00e9s quan la natura comen\u00e7a a florir i despertar espl\u00e8ndidament. Aix\u00ed, seguint el ritme de la Natura i connectant amb l\u2019estaci\u00f3 de la primavera, tamb\u00e9 \u00e9s un bon moment perqu\u00e8...\" \/>\n<meta property=\"og:url\" content=\"https:\/\/loceldetolo.cat\/en\/retir-de-ioga-equinocci-de-primavera\/\" \/>\n<meta property=\"og:site_name\" content=\"Lo Cel de Tol\u00f3\" \/>\n<meta property=\"article:publisher\" content=\"https:\/\/www.facebook.com\/loceldetolo\" \/>\n<meta property=\"article:modified_time\" content=\"2025-01-21T11:52:25+00:00\" \/>\n<meta name=\"twitter:card\" content=\"summary_large_image\" \/>\n<meta name=\"twitter:label1\" content=\"Est. reading time\" \/>\n\t<meta name=\"twitter:data1\" content=\"3 minutes\" \/>\n<script type=\"application\/ld+json\" class=\"yoast-schema-graph\">{\"@context\":\"https:\\\/\\\/schema.org\",\"@graph\":[{\"@type\":\"WebPage\",\"@id\":\"https:\\\/\\\/loceldetolo.cat\\\/en\\\/retir-de-ioga-equinocci-de-primavera\\\/\",\"url\":\"https:\\\/\\\/loceldetolo.cat\\\/en\\\/retir-de-ioga-equinocci-de-primavera\\\/\",\"name\":\"Retir de ioga equinocci de primavera - Lo Cel de Tol\u00f3\",\"isPartOf\":{\"@id\":\"https:\\\/\\\/loceldetolo.cat\\\/#website\"},\"datePublished\":\"2024-12-27T12:50:12+00:00\",\"dateModified\":\"2025-01-21T11:52:25+00:00\",\"breadcrumb\":{\"@id\":\"https:\\\/\\\/loceldetolo.cat\\\/en\\\/retir-de-ioga-equinocci-de-primavera\\\/#breadcrumb\"},\"inLanguage\":\"en-US\",\"potentialAction\":[{\"@type\":\"ReadAction\",\"target\":[\"https:\\\/\\\/loceldetolo.cat\\\/en\\\/retir-de-ioga-equinocci-de-primavera\\\/\"]}]},{\"@type\":\"BreadcrumbList\",\"@id\":\"https:\\\/\\\/loceldetolo.cat\\\/en\\\/retir-de-ioga-equinocci-de-primavera\\\/#breadcrumb\",\"itemListElement\":[{\"@type\":\"ListItem\",\"position\":1,\"name\":\"Inici\",\"item\":\"https:\\\/\\\/loceldetolo.cat\\\/en\\\/\"},{\"@type\":\"ListItem\",\"position\":2,\"name\":\"Retir de ioga equinocci de primavera\"}]},{\"@type\":\"WebSite\",\"@id\":\"https:\\\/\\\/loceldetolo.cat\\\/#website\",\"url\":\"https:\\\/\\\/loceldetolo.cat\\\/\",\"name\":\"Lo Cel de Tol\u00f3\",\"description\":\"Allotjament rural sostenible\",\"publisher\":{\"@id\":\"https:\\\/\\\/loceldetolo.cat\\\/#organization\"},\"potentialAction\":[{\"@type\":\"SearchAction\",\"target\":{\"@type\":\"EntryPoint\",\"urlTemplate\":\"https:\\\/\\\/loceldetolo.cat\\\/?s={search_term_string}\"},\"query-input\":{\"@type\":\"PropertyValueSpecification\",\"valueRequired\":true,\"valueName\":\"search_term_string\"}}],\"inLanguage\":\"en-US\"},{\"@type\":\"Organization\",\"@id\":\"https:\\\/\\\/loceldetolo.cat\\\/#organization\",\"name\":\"LO CEL DE TOLO\",\"url\":\"https:\\\/\\\/loceldetolo.cat\\\/\",\"logo\":{\"@type\":\"ImageObject\",\"inLanguage\":\"en-US\",\"@id\":\"https:\\\/\\\/loceldetolo.cat\\\/#\\\/schema\\\/logo\\\/image\\\/\",\"url\":\"https:\\\/\\\/loceldetolo.cat\\\/wp-content\\\/uploads\\\/logo-in-black.webp\",\"contentUrl\":\"https:\\\/\\\/loceldetolo.cat\\\/wp-content\\\/uploads\\\/logo-in-black.webp\",\"width\":742,\"height\":213,\"caption\":\"LO CEL DE TOLO\"},\"image\":{\"@id\":\"https:\\\/\\\/loceldetolo.cat\\\/#\\\/schema\\\/logo\\\/image\\\/\"},\"sameAs\":[\"https:\\\/\\\/www.facebook.com\\\/loceldetolo\",\"https:\\\/\\\/www.instagram.com\\\/loceldetolo\\\/\"]}]}<\/script>\n<!-- \/ Yoast SEO plugin. -->","yoast_head_json":{"title":"Retir de ioga equinocci de primavera - Lo Cel de Tol\u00f3","robots":{"index":"index","follow":"follow","max-snippet":"max-snippet:-1","max-image-preview":"max-image-preview:large","max-video-preview":"max-video-preview:-1"},"canonical":"https:\/\/loceldetolo.cat\/en\/retir-de-ioga-equinocci-de-primavera\/","og_locale":"en_US","og_type":"article","og_title":"Retir de ioga equinocci de primavera - Lo Cel de Tol\u00f3","og_description":"Retir de ioga equinocci de primavera La natura segueix el curs, els cicles continuen, i tenim l\u2019oportunitat de celebrar l\u2019esplendor de la primavera. La primavera \u00e9s quan la natura comen\u00e7a a florir i despertar espl\u00e8ndidament. Aix\u00ed, seguint el ritme de la Natura i connectant amb l\u2019estaci\u00f3 de la primavera, tamb\u00e9 \u00e9s un bon moment perqu\u00e8...","og_url":"https:\/\/loceldetolo.cat\/en\/retir-de-ioga-equinocci-de-primavera\/","og_site_name":"Lo Cel de Tol\u00f3","article_publisher":"https:\/\/www.facebook.com\/loceldetolo","article_modified_time":"2025-01-21T11:52:25+00:00","twitter_card":"summary_large_image","twitter_misc":{"Est. reading time":"3 minutes"},"schema":{"@context":"https:\/\/schema.org","@graph":[{"@type":"WebPage","@id":"https:\/\/loceldetolo.cat\/en\/retir-de-ioga-equinocci-de-primavera\/","url":"https:\/\/loceldetolo.cat\/en\/retir-de-ioga-equinocci-de-primavera\/","name":"Retir de ioga equinocci de primavera - Lo Cel de Tol\u00f3","isPartOf":{"@id":"https:\/\/loceldetolo.cat\/#website"},"datePublished":"2024-12-27T12:50:12+00:00","dateModified":"2025-01-21T11:52:25+00:00","breadcrumb":{"@id":"https:\/\/loceldetolo.cat\/en\/retir-de-ioga-equinocci-de-primavera\/#breadcrumb"},"inLanguage":"en-US","potentialAction":[{"@type":"ReadAction","target":["https:\/\/loceldetolo.cat\/en\/retir-de-ioga-equinocci-de-primavera\/"]}]},{"@type":"BreadcrumbList","@id":"https:\/\/loceldetolo.cat\/en\/retir-de-ioga-equinocci-de-primavera\/#breadcrumb","itemListElement":[{"@type":"ListItem","position":1,"name":"Inici","item":"https:\/\/loceldetolo.cat\/en\/"},{"@type":"ListItem","position":2,"name":"Retir de ioga equinocci de primavera"}]},{"@type":"WebSite","@id":"https:\/\/loceldetolo.cat\/#website","url":"https:\/\/loceldetolo.cat\/","name":"Lo Cel de Tol\u00f3","description":"Allotjament rural sostenible","publisher":{"@id":"https:\/\/loceldetolo.cat\/#organization"},"potentialAction":[{"@type":"SearchAction","target":{"@type":"EntryPoint","urlTemplate":"https:\/\/loceldetolo.cat\/?s={search_term_string}"},"query-input":{"@type":"PropertyValueSpecification","valueRequired":true,"valueName":"search_term_string"}}],"inLanguage":"en-US"},{"@type":"Organization","@id":"https:\/\/loceldetolo.cat\/#organization","name":"LO CEL DE TOLO","url":"https:\/\/loceldetolo.cat\/","logo":{"@type":"ImageObject","inLanguage":"en-US","@id":"https:\/\/loceldetolo.cat\/#\/schema\/logo\/image\/","url":"https:\/\/loceldetolo.cat\/wp-content\/uploads\/logo-in-black.webp","contentUrl":"https:\/\/loceldetolo.cat\/wp-content\/uploads\/logo-in-black.webp","width":742,"height":213,"caption":"LO CEL DE TOLO"},"image":{"@id":"https:\/\/loceldetolo.cat\/#\/schema\/logo\/image\/"},"sameAs":["https:\/\/www.facebook.com\/loceldetolo","https:\/\/www.instagram.com\/loceldetolo\/"]}]}},"_links":{"self":[{"href":"https:\/\/loceldetolo.cat\/en\/wp-json\/wp\/v2\/pages\/5928","targetHints":{"allow":["GET"]}}],"collection":[{"href":"https:\/\/loceldetolo.cat\/en\/wp-json\/wp\/v2\/pages"}],"about":[{"href":"https:\/\/loceldetolo.cat\/en\/wp-json\/wp\/v2\/types\/page"}],"author":[{"embeddable":true,"href":"https:\/\/loceldetolo.cat\/en\/wp-json\/wp\/v2\/users\/1"}],"replies":[{"embeddable":true,"href":"https:\/\/loceldetolo.cat\/en\/wp-json\/wp\/v2\/comments?post=5928"}],"version-history":[{"count":1,"href":"https:\/\/loceldetolo.cat\/en\/wp-json\/wp\/v2\/pages\/5928\/revisions"}],"predecessor-version":[{"id":6171,"href":"https:\/\/loceldetolo.cat\/en\/wp-json\/wp\/v2\/pages\/5928\/revisions\/6171"}],"wp:attachment":[{"href":"https:\/\/loceldetolo.cat\/en\/wp-json\/wp\/v2\/media?parent=5928"}],"curies":[{"name":"wp","href":"https:\/\/api.w.org\/{rel}","templated":true}]}}